{"id":73,"date":"2016-02-22T06:24:41","date_gmt":"2016-02-22T05:24:41","guid":{"rendered":"http:\/\/station75.com\/gm4\/?page_id=73"},"modified":"2025-11-24T08:53:13","modified_gmt":"2025-11-24T07:53:13","slug":"wychowawcy-i-nauczyciele","status":"publish","type":"page","link":"https:\/\/sp8tg.pl\/web\/nasze-gimnazjum\/wychowawcy-i-nauczyciele\/","title":{"rendered":"Wizyt\u00f3wki nauczycieli"},"content":{"rendered":"<p><strong>Motto nauczyciela:<\/strong><\/p>\n<h4><span style=\"color: #3366ff;\"><strong><em>&#8222;dzia\u0142a\u0107 na serce przez mi\u0142o\u015b\u0107, na rozum przez przekonanie, uspokaja\u0107 swoim spokojem &#8211; by\u0107 cierpliwym, rozs\u0105dnym i opanowanym, unika\u0107 emocji i nieprzemy\u015blanych decyzji.&#8221;&nbsp;&nbsp;&nbsp;<\/em><\/strong><\/span><\/h4>\n<h3><strong>Dyrektor szko\u0142y:&nbsp;<\/strong><\/h3>\n<p><strong>mgr Beata Drzewiecka<\/strong><\/p>\n<h3><strong>Wicedyrektor szko\u0142y:<\/strong><\/h3>\n<p><strong>mgr Ewa Tempich-Garczarczyk<br><\/strong><\/p>\n<h3><strong>Wychowawcy:<\/strong><\/h3>\n<p><em><strong>Przypominamy rodzicom, \u017ce ka\u017cda klasa opr\u00f3cz swojego wychowawcy, posiada drugiego nauczyciela, kt\u00f3ry pe\u0142ni obowi\u0105zki wychowawcy w razie jego nieobecno\u015bci:<\/strong><\/em><\/p>\n<p>&nbsp;<\/p>\n<p>&nbsp;<\/p>\n<p><strong>pedagog szkolny<\/strong> &nbsp;&nbsp;&nbsp;&nbsp; &#8211; mgr Katarzyna Feliks<\/p>\n<p><strong>pedagog specjalny<\/strong> &nbsp;&nbsp; &#8211; mgr Justyna Ga\u0142\u0119ziok<\/p>\n<p><strong>psycholog&nbsp;&nbsp;&nbsp;&nbsp;&nbsp;&nbsp;&nbsp;&nbsp;&nbsp;&nbsp;&nbsp;&nbsp;&nbsp;&nbsp;&nbsp;&nbsp;&nbsp; &#8211;<\/strong> mgr Hanna Wosz-Tatara<\/p>\n<p><strong>logopeda&nbsp;&nbsp;&nbsp;&nbsp;&nbsp;&nbsp;&nbsp;&nbsp;&nbsp;&nbsp;&nbsp;&nbsp;&nbsp;&nbsp;&nbsp;&nbsp;&nbsp;&nbsp;&nbsp; &#8211; <\/strong>mgr Ma\u0142gorzata Kossakowska, mgr Anna Ruchlewicz, mgr Beata Swoboda<\/p>\n<p><strong>biblioteka<\/strong> &nbsp;&nbsp;&nbsp;&nbsp;&nbsp;&nbsp;&nbsp;&nbsp;&nbsp;&nbsp;&nbsp;&nbsp;&nbsp;&nbsp;&nbsp;&nbsp;&nbsp; -mgr Ewa Szymczak<\/p>\n<p><strong>\u015bwietlica szkolna<\/strong> &#8211;&nbsp; &nbsp; &nbsp; &nbsp; &nbsp;mgr Agnieszka Wawrzy\u0144czok<\/p>\n<p>&nbsp; &nbsp; &nbsp; &nbsp; &nbsp; &nbsp; &nbsp; &nbsp; &nbsp; &nbsp; &nbsp; &nbsp; &nbsp; &nbsp; &nbsp; &nbsp; &nbsp; &nbsp; &nbsp; &nbsp;mgr Beata Michalska<\/p>\n<p>&nbsp; &nbsp; &nbsp; &nbsp; &nbsp; &nbsp; &nbsp; &nbsp; &nbsp; &nbsp; &nbsp; &nbsp; &nbsp; &nbsp; &nbsp; &nbsp; &nbsp; &nbsp; &nbsp; &nbsp;mgr Anna Wojewodzic<\/p>\n<p>&nbsp; &nbsp; &nbsp; &nbsp; &nbsp; &nbsp; &nbsp; &nbsp; &nbsp; &nbsp; &nbsp; &nbsp; &nbsp; &nbsp; &nbsp; &nbsp; &nbsp; &nbsp; &nbsp; &nbsp;mgr Monika Pytel<\/p>\n<p>&nbsp; &nbsp; &nbsp; &nbsp; &nbsp; &nbsp; &nbsp; &nbsp; &nbsp; &nbsp; &nbsp; &nbsp; &nbsp; &nbsp; &nbsp; &nbsp; &nbsp; &nbsp; &nbsp; &nbsp;mgr Anna Tomalczyk&nbsp;<\/p>\n<p>&nbsp; &nbsp; &nbsp; &nbsp; &nbsp; &nbsp; &nbsp; &nbsp; &nbsp; &nbsp; &nbsp; &nbsp; &nbsp; &nbsp; &nbsp; &nbsp; &nbsp;&nbsp;<\/p>\n<h3><strong>&nbsp;Nauczyciele przedmiotowcy:<\/strong><\/h3>\n<ul>\n<li><strong>biologia<\/strong> &#8211; mgr Katarzyna G\u00f3recka, mgr Dorota Osuch, mgr Agnieszka Noco\u0144<\/li>\n<li><strong>geografia &#8211; <\/strong>mgr Marzena Wo\u017aniak, mgr Adam Pietryga,&nbsp;<\/li>\n<li><strong>edb<\/strong> &#8211; mgr Anna Kowolik<\/li>\n<li><strong>przyroda<\/strong> &#8211; mgr Katarzyna G\u00f3recka<\/li>\n<li><strong>historia <\/strong>&#8211; mgr \u0141ukasz Migda\u0142, mgr Adam Pietryga<\/li>\n<li><strong>WOS <\/strong>&#8211;&nbsp;mgr \u0141ukasz Migda\u0142<strong><br><\/strong><\/li>\n<li><strong>informatyka<\/strong> &#8211; mgr Anna Kowolik, mgr Robert Mrozek, mgr Anna Ruchlewicz, mgr Martyna Pruszy\u0144ska<\/li>\n<li><strong>chemia<\/strong> &#8211; mgr Joanna Mroczek, mgr Alicja Solak<\/li>\n<li><strong>fizyka<\/strong> &#8211; mgr Joanna Mroczek<\/li>\n<li><strong>j\u0119zyk angielski<\/strong> &#8211; mgr Beata Swoboda, mgr Ma\u0142gorzata Osuch-Niewdana, mgr Magdalena Czarnecka, mgr Natalia Pielok, mgr Joanna K\u00f3zka<\/li>\n<li><strong>j\u0119zyk niemiecki<\/strong> &#8211; mgr Barbara Nickel<\/li>\n<li><strong>j\u0119zyk polski<\/strong> &#8211; mgr Beata Drzewiecka, mgr Magdalena Po\u015bpiech, mgr Magdalena Til, mgr Irena Wiersze\u0144, Dorota \u0141azaj<\/li>\n<li><strong>matematyka<\/strong> &#8211; mgr Martyna Pruszy\u0144ska, mgr Justyna Rychlik, mgr Kamil Bia\u0142ek, Alicja Solak<\/li>\n<li><strong>muzyka, plastyka<\/strong> &#8211; mgr Dominika Ga\u0142czy\u0144ska<\/li>\n<li><strong>religia<\/strong> &#8211; ks. Tadeusz G\u00f3rny, ks. Wojciech Dombek&nbsp;<strong><br><\/strong><\/li>\n<li><strong>edukacja zdrowotna <\/strong>&#8211; mgr Dorota Osuch, mgr Ewa Heli\u015b, mgr Rafa\u0142 So\u0142tysik<\/li>\n<li><strong>wychowanie fizyczne<\/strong> &#8211;&nbsp; mgr Rafa\u0142 So\u0142tysik, mgr Ewa Heli\u015b, mgr Iwona Zgajewska, mgr Rafa\u0142 Heflik, mgr Bartosz Michalski<\/li>\n<li><strong>technika<\/strong> &#8211; mgr Dorota Osuch<\/li>\n<li><strong>doradca zawodowy<\/strong> &#8211; mgr Dominika Ga\u0142czy\u0144ska<\/li>\n<li><strong>edukacja wczesnoszkolna<\/strong> &#8211;&nbsp; mgr Izabela Bia\u0142ek, mgr Anna Kowolik, mgr Anna Tomalczyk, mgr Iwona Hadrian-Mas\u0142yka, mgr Magdalena Chmiel, mgr, Izabela Kroj, mgr Ma\u0142gorzata Kossakowska, mgr Joanna Buchenfeld, mgr Anna Ruchlewicz, Anna Ochman, mgr Jolanta W\u00f3jcik, mgr Agata Cieplik<\/li>\n<li><strong>nauczyciele wsp\u00f3\u0142organizuj\u0105cy kszta\u0142cenie<\/strong> &#8211; mgr Agnieszka Noco\u0144, mgr Jolanta Lukawska, mgr Anna Nowicka-Iwan, mgr Kamila Banduch-Chojnacka, mgr Joanna Brol, mgr Magdalena Chmiel, mgr Katarzyna Pasternak, mgr Katarzyna Michalska, mgr Ewa Tempich &#8211; Garczarczyk<\/li>\n<\/ul>\n<p>&nbsp;<\/p>\n\n\n<div data-wp-interactive=\"core\/file\" class=\"wp-block-file\"><object data-wp-bind--hidden=\"!state.hasPdfPreview\"  class=\"wp-block-file__embed\" data=\"https:\/\/sp8tg.pl\/web\/wp-content\/uploads\/2025\/09\/Zestawienie-pracownikow-zatrudnionych-w-SP8.pdf\" type=\"application\/pdf\" style=\"width:100%;height:600px\" aria-label=\"Osadzone z Zestawienie-pracownikow-zatrudnionych-w-SP8.\"><\/object><a id=\"wp-block-file--media-5be9d3ac-9a2b-463d-bbbb-b85280855667\" href=\"https:\/\/sp8tg.pl\/web\/wp-content\/uploads\/2025\/09\/Zestawienie-pracownikow-zatrudnionych-w-SP8.pdf\">Zestawienie-pracownikow-zatrudnionych-w-SP8<\/a><a href=\"https:\/\/sp8tg.pl\/web\/wp-content\/uploads\/2025\/09\/Zestawienie-pracownikow-zatrudnionych-w-SP8.pdf\" class=\"wp-block-file__button wp-element-button\" download aria-describedby=\"wp-block-file--media-5be9d3ac-9a2b-463d-bbbb-b85280855667\">Pobierz<\/a><\/div>\n\n\n\n<div data-wp-interactive=\"core\/file\" class=\"wp-block-file\"><object data-wp-bind--hidden=\"!state.hasPdfPreview\"  class=\"wp-block-file__embed\" data=\"https:\/\/sp8tg.pl\/web\/wp-content\/uploads\/2025\/09\/Przydzial-wychowawstw-2025-2026-2.pdf\" type=\"application\/pdf\" style=\"width:100%;height:600px\" aria-label=\"Osadzone z Przydzial-wychowawstw-2025-2026-2.\"><\/object><a id=\"wp-block-file--media-9422d0b6-7585-4021-960f-d8bdadd39d9b\" href=\"https:\/\/sp8tg.pl\/web\/wp-content\/uploads\/2025\/09\/Przydzial-wychowawstw-2025-2026-2.pdf\">Przydzial-wychowawstw-2025-2026-2<\/a><a href=\"https:\/\/sp8tg.pl\/web\/wp-content\/uploads\/2025\/09\/Przydzial-wychowawstw-2025-2026-2.pdf\" class=\"wp-block-file__button wp-element-button\" download aria-describedby=\"wp-block-file--media-9422d0b6-7585-4021-960f-d8bdadd39d9b\">Pobierz<\/a><\/div>\n","protected":false},"excerpt":{"rendered":"<p>Motto nauczyciela: &#8222;dzia\u0142a\u0107 na serce przez mi\u0142o\u015b\u0107, na rozum przez przekonanie, uspokaja\u0107 swoim spokojem &#8211; by\u0107 cierpliwym, rozs\u0105dnym i opanowanym, unika\u0107 emocji i nieprzemy\u015blanych decyzji.&#8221;&nbsp;&nbsp;&nbsp; Dyrektor szko\u0142y:&nbsp; mgr Beata Drzewiecka Wicedyrektor szko\u0142y: mgr Ewa Tempich-Garczarczyk Wychowawcy: Przypominamy rodzicom, \u017ce ka\u017cda klasa opr\u00f3cz swojego wychowawcy, posiada drugiego nauczyciela, kt\u00f3ry pe\u0142ni obowi\u0105zki wychowawcy w razie jego nieobecno\u015bci: &hellip; <a href=\"https:\/\/sp8tg.pl\/web\/nasze-gimnazjum\/wychowawcy-i-nauczyciele\/\" class=\"more-link\">Czytaj dalej<span class=\"screen-reader-text\"> \u201eWizyt\u00f3wki nauczycieli\u201d<\/span><\/a><\/p>\n","protected":false},"author":1,"featured_media":0,"parent":3620,"menu_order":0,"comment_status":"closed","ping_status":"closed","template":"","meta":{"ngg_post_thumbnail":0,"footnotes":""},"_links":{"self":[{"href":"https:\/\/sp8tg.pl\/web\/wp-json\/wp\/v2\/pages\/73"}],"collection":[{"href":"https:\/\/sp8tg.pl\/web\/wp-json\/wp\/v2\/pages"}],"about":[{"href":"https:\/\/sp8tg.pl\/web\/wp-json\/wp\/v2\/types\/page"}],"author":[{"embeddable":true,"href":"https:\/\/sp8tg.pl\/web\/wp-json\/wp\/v2\/users\/1"}],"replies":[{"embeddable":true,"href":"https:\/\/sp8tg.pl\/web\/wp-json\/wp\/v2\/comments?post=73"}],"version-history":[{"count":48,"href":"https:\/\/sp8tg.pl\/web\/wp-json\/wp\/v2\/pages\/73\/revisions"}],"predecessor-version":[{"id":19459,"href":"https:\/\/sp8tg.pl\/web\/wp-json\/wp\/v2\/pages\/73\/revisions\/19459"}],"up":[{"embeddable":true,"href":"https:\/\/sp8tg.pl\/web\/wp-json\/wp\/v2\/pages\/3620"}],"wp:attachment":[{"href":"https:\/\/sp8tg.pl\/web\/wp-json\/wp\/v2\/media?parent=73"}],"curies":[{"name":"wp","href":"https:\/\/api.w.org\/{rel}","templated":true}]}}