{"id":71,"date":"2016-02-22T06:24:24","date_gmt":"2016-02-22T05:24:24","guid":{"rendered":"http:\/\/station75.com\/gm4\/?page_id=71"},"modified":"2024-08-16T13:58:55","modified_gmt":"2024-08-16T11:58:55","slug":"terminy-egzaminow","status":"publish","type":"page","link":"https:\/\/sp8tg.pl\/web\/dla-uczniow\/terminy-egzaminow\/","title":{"rendered":"Terminy egzamin\u00f3w"},"content":{"rendered":"\n<p class=\"has-text-align-center\"><strong>AKTUALIZACJA DOKUMENT\u00d3W W PRZYGOTOWANIU \ud83d\ude42<\/strong><\/p>\n\n\n<h1>&nbsp;<\/h1>\n<h1 style=\"text-align: center;\">Egzamin \u00f3smoklasisty<\/h1>\n<h1 style=\"text-align: center;\">w roku szkolnym 2023\/2024<\/h1>\n<div class=\"textLayer\">&nbsp;<\/div>\n<div class=\"zpr_inside_0\">&nbsp;&nbsp;&nbsp;&nbsp;&nbsp;&nbsp;&nbsp;&nbsp;&nbsp;&nbsp;&nbsp;&nbsp;&nbsp;&nbsp;&nbsp;&nbsp;&nbsp; <strong><br \/><\/strong><\/div>\n<div class=\"zpr_inside_0\">\n<h1>I. Egzamin \u00f3smoklasisty&nbsp;<\/h1>\n<p><b>Centralna Komisja Egzaminacyjna wyda\u0142a komunikat w sprawie harmonogramu przeprowadzania egzamin\u00f3w \u00f3smoklasisty w 2024 r. <\/b><\/p>\n<p>Komunikat Dyrektora CKE z dnia 18 sierpnia 2022 r. w sprawie harmonogramu przeprowadzania egzamin\u00f3w \u00f3smoklasisty w 2024 r. okre\u015bla terminy g\u0142\u00f3wne, dodatkowe oraz poprawkowe egzamin\u00f3w w nowym roku szkolnym.<\/p>\n<p><b>Egzamin \u00f3smoklasisty:<\/b><\/p>\n<ul>\n<li>termin g\u0142\u00f3wny: maj 2024 r.<\/li>\n<\/ul>\n<ul>\n<li>termin dodatkowy: czerwiec 2024 r.<\/li>\n<\/ul>\n<p>Termin egzamin\u00f3w&nbsp; zaplanowano nast\u0119puj\u0105co:<\/p>\n<ul>\n<li><b>14 maja 2024 r.<\/b> (wtorek) o godzinie 9:00 \u2013 egzamin z j\u0119zyka polskiego,<\/li>\n<\/ul>\n<ul>\n<li><b>15 maja 2024 r. <\/b>(\u015broda) o godzinie 9:00 \u2013 egzamin z matematyki,<\/li>\n<li><b>16 maja 2024 r.<\/b> (czwartek) o godzinie 9:00 \u2013 egzamin z j\u0119zyka obcego nowo\u017cytnego.<\/li>\n<\/ul>\n<p>\u00d3smoklasi\u015bci podchodz\u0105cy do egzaminu w maju oraz w czerwcu poznaj\u0105 wyniki swoich prac zostan\u0105 og\u0142oszone 3 lipca 2024 r.<\/p>\n<\/div>\n\n<div class=\"wp-block-image\">\n<figure class=\"aligncenter size-large is-resized\"><img loading=\"lazy\" decoding=\"async\" width=\"691\" height=\"1024\" src=\"https:\/\/sp8tg.pl\/web\/wp-content\/uploads\/2023\/09\/terminy-E8-1-691x1024.jpg\" alt=\"\" class=\"wp-image-16772\" style=\"width:537px;height:796px\" srcset=\"https:\/\/sp8tg.pl\/web\/wp-content\/uploads\/2023\/09\/terminy-E8-1-691x1024.jpg 691w, https:\/\/sp8tg.pl\/web\/wp-content\/uploads\/2023\/09\/terminy-E8-1-203x300.jpg 203w, https:\/\/sp8tg.pl\/web\/wp-content\/uploads\/2023\/09\/terminy-E8-1-768x1137.jpg 768w, https:\/\/sp8tg.pl\/web\/wp-content\/uploads\/2023\/09\/terminy-E8-1-1037x1536.jpg 1037w, https:\/\/sp8tg.pl\/web\/wp-content\/uploads\/2023\/09\/terminy-E8-1-1383x2048.jpg 1383w, https:\/\/sp8tg.pl\/web\/wp-content\/uploads\/2023\/09\/terminy-E8-1-1200x1777.jpg 1200w, https:\/\/sp8tg.pl\/web\/wp-content\/uploads\/2023\/09\/terminy-E8-1-scaled.jpg 1729w\" sizes=\"(max-width: 691px) 85vw, 691px\" \/><\/figure><\/div>\n\n\n<p class=\"has-text-align-center\"><em><strong>O egzaminie \u2013 og\u00f3lne informacje<\/strong><\/em>:<\/p>\n\n\n\n<p>Egzamin \u00f3smoklasisty obejmuje wiadomo\u015bci i umiej\u0119tno\u015bci okre\u015blone \u200e<a href=\"http:\/\/cke.gov.pl\/egzamin-osmoklasisty\/podstawa-programowa\/\">w podstawie programowej kszta\u0142cenia og\u00f3lnego<\/a> w odniesieniu do wybranych przedmiot\u00f3w \u200enauczanych w klasach I\u2013VIII. W 2024 r. \u2013 podobnie jak w zesz\u0142ym roku \u2013 egzamin \u00f3smoklasisty b\u0119dzie obejmowa\u0142 wiadomo\u015bci i umiej\u0119tno\u015bci okre\u015blone <a href=\"http:\/\/isap.sejm.gov.pl\/isap.nsf\/DocDetails.xsp?id=WDU20200002314\">w wymaganiach egzaminacyjnych.<\/a><\/p>\n\n\n\n<p>Po raz pierwszy egzamin zosta\u0142 przeprowadzony w roku szkolnym 2018\/2019.<\/p>\n\n\n\n<p>Do egzaminu \u00f3smoklasisty przyst\u0119puj\u0105:<\/p>\n\n\n\n<ul>\n<li>uczniowie VIII klasy szko\u0142y podstawowej<\/li>\n\n\n\n<li>uczniowie szk\u00f3\u0142 artystycznych realizuj\u0105cych kszta\u0142cenie og\u00f3lne w zakresie szko\u0142y podstawowej \u2013 w klasie, kt\u00f3rej zakres nauczania odpowiada klasie VIII szko\u0142y podstawowej.<\/li>\n<\/ul>\n\n\n\n<p>Egzamin \u00f3smoklasisty jest egzaminem obowi\u0105zkowym, co oznacza, \u017ce ka\u017cdy ucze\u0144 musi do niego przyst\u0105pi\u0107, aby uko\u0144czy\u0107 szko\u0142\u0119. Nie jest okre\u015blony minimalny wynik, jaki ucze\u0144 powinien uzyska\u0107, dlatego egzaminu \u00f3smoklasisty nie mo\u017cna nie zda\u0107.<\/p>\n\n\n\n<p>Egzamin \u00f3smoklasisty jest przeprowadzany w formie pisemnej.<\/p>\n\n\n\n<p>\u00d3smoklasista przyst\u0119puje do egzaminu z trzech przedmiot\u00f3w obowi\u0105zkowych, tj.:<\/p>\n\n\n\n<ol>\n<li>j\u0119zyka polskiego<\/li>\n\n\n\n<li>matematyki<\/li>\n\n\n\n<li>j\u0119zyka obcego nowo\u017cytnego.<\/li>\n<\/ol>\n\n\n\n<p>\u00d3smoklasista przyst\u0119puje do egzaminu z jednego z nast\u0119puj\u0105cych j\u0119zyk\u00f3w obcych nowo\u017cytnych: angielskiego, francuskiego, hiszpa\u0144skiego, niemieckiego, rosyjskiego, ukrai\u0144skiego lub w\u0142oskiego. Ucze\u0144 mo\u017ce wybra\u0107 tylko ten j\u0119zyk, kt\u00f3rego uczy si\u0119 w&nbsp;szkole w ramach obowi\u0105zkowych zaj\u0119\u0107 edukacyjnych.<\/p>\n\n\n\n<p><strong>Przebieg egzaminu \u00f3smoklasisty<\/strong><\/p>\n\n\n\n<p>Egzamin \u00f3smoklasisty odbywa si\u0119 w maju. Ucze\u0144, kt\u00f3ry z przyczyn losowych lub zdrowotnych nie \u200eprzyst\u0105pi do egzaminu w tym terminie, przyst\u0119puje do niego w czerwcu.\u200e<\/p>\n\n\n\n<p>Egzamin \u00f3smoklasisty jest przeprowadzany przez trzy kolejne dni:<\/p>\n\n\n\n<ol>\n<li>pierwszego dnia \u2013 egzamin z j\u0119zyka polskiego, kt\u00f3ry trwa 120 minut<\/li>\n\n\n\n<li>drugiego dnia \u2013 egzamin z matematyki, kt\u00f3ry trwa 100 minut<\/li>\n\n\n\n<li>trzeciego dnia \u2013 egzamin z j\u0119zyka obcego nowo\u017cytnego, kt\u00f3ry trwa 90 minut.<\/li>\n<\/ol>\n\n\n\n<p>Na egzamin ucze\u0144 przynosi ze sob\u0105 wy\u0142\u0105cznie przybory do pisania: pi\u00f3ro lub d\u0142ugopis \u200ez czarnym tuszem\/atramentem, a w przypadku egzaminu matematyki r\u00f3wnie\u017c linijk\u0119. \u200e<\/p>\n\n\n\n<p>Na egzaminie nie mo\u017cna korzysta\u0107 z kalkulatora oraz s\u0142ownik\u00f3w. Nie wolno tak\u017ce przynosi\u0107 \u200ei u\u017cywa\u0107 \u017cadnych urz\u0105dze\u0144 telekomunikacyjnych.\u200e<\/p>\n\n\n\n<p><strong>Zadania na egzaminie \u00f3smoklasisty<\/strong><\/p>\n\n\n\n<p>W arkuszu egzaminacyjnym \u200ez ka\u017cdego przedmiotu znajd\u0105 si\u0119 zar\u00f3wno zadania \u200ezamkni\u0119te (tj. takie, w kt\u00f3rych ucze\u0144 wybiera jedn\u0105 odpowied\u017a z kilku podanych), jak i zadania otwarte (tj. takie, w kt\u00f3rych ucze\u0144 samodzielnie formu\u0142uje odpowied\u017a). \u200e<\/p>\n\n\n\n<p><\/p>\n\n\n\n<p><strong>Wyniki i za\u015bwiadczenia<\/strong><\/p>\n\n\n\n<p>W 2023 r. uczniowie poznaj\u0105 swoje wyniki na pocz\u0105tku <strong>3 lipca<\/strong>, natomiast oko\u0142o <strong>8 lipca<\/strong> ka\u017cdy ucze\u0144 otrzyma za\u015bwiadczenie o szczeg\u00f3\u0142owych \u200ewynikach egzaminu \u00f3smoklasisty. Na za\u015bwiadczeniu podany b\u0119dzie wynik procentowy oraz wynik na skali \u200ecentylowej dla egzaminu z ka\u017cdego przedmiotu.<\/p>\n\n\n\n<p>Wynik procentowy to odsetek punkt\u00f3w (zaokr\u0105glony do liczby ca\u0142kowitej), kt\u00f3re ucze\u0144 \u200ezdoby\u0142 za zadania z danego przedmiotu. \u200e<\/p>\n\n\n\n<p>Wynik centylowy to odsetek liczby \u00f3smoklasist\u00f3w (zaokr\u0105glony do liczby ca\u0142kowitej), kt\u00f3rzy \u200euzyskali z egzaminu z danego przedmiotu wynik taki sam lub ni\u017cszy ni\u017c zdaj\u0105cy. \u200e<\/p>\n\n\n\n<p>Na przyk\u0142ad ucze\u0144, kt\u00f3ry z j\u0119zyka polskiego uzyska\u0142 78% punkt\u00f3w mo\u017cliwych do zdobycia \u200e\u200e(wynik procentowy), dowie si\u0119 z za\u015bwiadczenia, \u017ce wynik taki sam lub ni\u017cszy uzyska\u0142o \u200e\u200e73% wszystkich zdaj\u0105cych (wynik centylowy), co oznacza, \u017ce wynik wy\u017cszy uzyska\u0142o \u200e\u200e27% zdaj\u0105cych. Wynik centylowy umo\u017cliwia por\u00f3wnanie swojego wyniku z wynikami \u200euczni\u00f3w w ca\u0142ym kraju.\u200e<\/p>\n\n\n\n<p>Wyniki egzaminacyjne s\u0105 ostateczne i nie mog\u0105 by\u0107 podwa\u017cone na drodze s\u0105dowej.\u200e<\/p>\n\n\n\n<p><strong>Informacje dodatkowe<\/strong><\/p>\n\n\n\n<p><strong>EGZAMIN \u00d3SMOKLASISTY W J\u0118ZYKU MNIEJSZO\u015aCI NARODOWEJ, MNIEJSZO\u015aCI ETNICZNEJ \u200eI J\u0118ZYKU REGIONALNYM<\/strong><\/p>\n\n\n\n<p>Uczniowie szk\u00f3\u0142 lub oddzia\u0142\u00f3w, w kt\u00f3rych zaj\u0119cia s\u0105 prowadzone w j\u0119zyku mniejszo\u015bci \u200enarodowej, j\u0119zyku mniejszo\u015bci etnicznej lub j\u0119zyku regionalnym, rozwi\u0105zuj\u0105 zadania \u200ez matematyki w j\u0119zyku polskim albo w j\u0119zyku danej mniejszo\u015bci narodowej, mniejszo\u015bci \u200eetnicznej lub w j\u0119zyku regionalnym. Stosown\u0105 deklaracj\u0119 rodzice (prawni opiekunowie) \u200eucznia sk\u0142adaj\u0105 do 30 wrze\u015bnia roku szkolnego, w kt\u00f3rym jest przeprowadzany egzamin.\u200e<\/p>\n\n\n\n<p><strong>\u200eEGZAMIN \u00d3SMOKLASISTY Z J\u0118ZYKA OBCEGO NOWO\u017bYTNEGO<\/strong><\/p>\n\n\n\n<p>Rodzice (prawni opiekunowie) ucznia nie p\u00f3\u017aniej ni\u017c do 30 wrze\u015bnia roku szkolnego, \u200ew kt\u00f3rym jest przeprowadzany egzamin, sk\u0142adaj\u0105 dyrektorowi szko\u0142y pisemn\u0105 deklaracj\u0119 \u200eo przyst\u0105pieniu do egzaminu z jednego z j\u0119zyk\u00f3w obcych nowo\u017cytnych, \u200ekt\u00f3rego ucze\u0144 uczy si\u0119 w szkole jako przedmiotu obowi\u0105zkowego. Osoby \u200epe\u0142noletnie sk\u0142adaj\u0105 tak\u0105 deklaracj\u0119 samodzielnie.\u200e<\/p>\n\n\n\n<p><strong>UPRAWNIENIA LAUREAT\u00d3W I FINALIST\u00d3W KONKURS\u00d3W<\/strong><\/p>\n\n\n\n<p>Ucze\u0144, kt\u00f3ry jest laureatem lub finalist\u0105 olimpiady przedmiotowej&nbsp;wymienionej w wykazie olimpiad&nbsp; lub laureatem konkursu \u200eprzedmiotowego o zasi\u0119gu wojew\u00f3dzkim i ponadwojew\u00f3dzkim, organizowanych \u200ez zakresu jednego z przedmiot\u00f3w obj\u0119tych egzaminem \u00f3smoklasisty, jest zwolniony \u200ez egzaminu z danego przedmiotu. Zwolnienie jest r\u00f3wnoznaczne z uzyskaniem \u200ez przedmiotu najwy\u017cszego wyniku.\u200e<\/p>\n\n\n\n<p><strong>\u200eUPRAWNIENIA UCZNI\u00d3W ZE SPECJALNYMI POTRZEBAMI EDUKACYJNYMI<\/strong><\/p>\n\n\n\n<p>Uczniowie ze specjalnymi potrzebami edukacyjnymi, w tym uczniowie niepe\u0142nosprawni, \u200eniedostosowani spo\u0142ecznie oraz zagro\u017ceni niedostosowaniem spo\u0142ecznym, oraz uczniowie, o kt\u00f3rych mowa w art. 165 ust. 1 ustawy z dnia 14 grudnia 2016 r. <em>Prawo o\u015bwiatowe<\/em> (cudzoziemcy), przyst\u0119puj\u0105 do \u200eegzaminu \u00f3smoklasisty w warunkach i\/lub formach dostosowanych do ich potrzeb. Szczeg\u00f3\u0142owe \u200einformacje dotycz\u0105ce dostosowa\u0144 s\u0105 og\u0142aszane w komunikacie o dostosowaniach.<\/p>\n\n\n\n<p>&#8212;&#8212;&#8212;&#8212;&#8212;&#8212;&#8212;&#8212;&#8212;&#8212;&#8212;&#8212;<\/p>\n\n\n<div class=\"wp-block-image\">\n<figure class=\"aligncenter size-full is-resized\"><img loading=\"lazy\" decoding=\"async\" width=\"640\" height=\"427\" src=\"https:\/\/sp8tg.pl\/web\/wp-content\/uploads\/2023\/12\/boy-3653385_640.jpg\" alt=\"\" class=\"wp-image-17231\" style=\"width:274px;height:auto\" srcset=\"https:\/\/sp8tg.pl\/web\/wp-content\/uploads\/2023\/12\/boy-3653385_640.jpg 640w, https:\/\/sp8tg.pl\/web\/wp-content\/uploads\/2023\/12\/boy-3653385_640-300x200.jpg 300w\" sizes=\"(max-width: 640px) 85vw, 640px\" \/><\/figure><\/div>\n\n\n<p class=\"has-text-align-center\"><strong>&#8222;Jak sobie radzi\u0107 ze stresem egzaminacyjnym&#8221; &#8211; zalecenia dla \u00f3smoklasist\u00f3w<\/strong><\/p>\n\n\n\n<p><a href=\"https:\/\/cke.gov.pl\/images\/_EGZAMIN_OSMOKLASISTY\/20220425%20E8%20Jak%20radzi%C4%87%20sobie%20ze%20stresem%20egzaminacyjnym.pdf\">https:\/\/cke.gov.pl\/images\/_EGZAMIN_OSMOKLASISTY\/20220425%20E8%20Jak%20radzi%C4%87%20sobie%20ze%20stresem%20egzaminacyjnym.pdf<\/a><\/p>\n\n\n\n<p><\/p>\n\n\n\n<p><\/p>\n","protected":false},"excerpt":{"rendered":"<p>AKTUALIZACJA DOKUMENT\u00d3W W PRZYGOTOWANIU \ud83d\ude42 &nbsp; Egzamin \u00f3smoklasisty w roku szkolnym 2023\/2024 &nbsp; &nbsp;&nbsp;&nbsp;&nbsp;&nbsp;&nbsp;&nbsp;&nbsp;&nbsp;&nbsp;&nbsp;&nbsp;&nbsp;&nbsp;&nbsp;&nbsp;&nbsp; I. Egzamin \u00f3smoklasisty&nbsp; Centralna Komisja Egzaminacyjna wyda\u0142a komunikat w sprawie harmonogramu przeprowadzania egzamin\u00f3w \u00f3smoklasisty w 2024 r. Komunikat Dyrektora CKE z dnia 18 sierpnia 2022 r. w sprawie harmonogramu przeprowadzania egzamin\u00f3w \u00f3smoklasisty w 2024 r. okre\u015bla terminy g\u0142\u00f3wne, dodatkowe oraz poprawkowe &hellip; <a href=\"https:\/\/sp8tg.pl\/web\/dla-uczniow\/terminy-egzaminow\/\" class=\"more-link\">Czytaj dalej<span class=\"screen-reader-text\"> \u201eTerminy egzamin\u00f3w\u201d<\/span><\/a><\/p>\n","protected":false},"author":1,"featured_media":0,"parent":51,"menu_order":0,"comment_status":"closed","ping_status":"closed","template":"","meta":{"ngg_post_thumbnail":0,"footnotes":""},"_links":{"self":[{"href":"https:\/\/sp8tg.pl\/web\/wp-json\/wp\/v2\/pages\/71"}],"collection":[{"href":"https:\/\/sp8tg.pl\/web\/wp-json\/wp\/v2\/pages"}],"about":[{"href":"https:\/\/sp8tg.pl\/web\/wp-json\/wp\/v2\/types\/page"}],"author":[{"embeddable":true,"href":"https:\/\/sp8tg.pl\/web\/wp-json\/wp\/v2\/users\/1"}],"replies":[{"embeddable":true,"href":"https:\/\/sp8tg.pl\/web\/wp-json\/wp\/v2\/comments?post=71"}],"version-history":[{"count":36,"href":"https:\/\/sp8tg.pl\/web\/wp-json\/wp\/v2\/pages\/71\/revisions"}],"predecessor-version":[{"id":17931,"href":"https:\/\/sp8tg.pl\/web\/wp-json\/wp\/v2\/pages\/71\/revisions\/17931"}],"up":[{"embeddable":true,"href":"https:\/\/sp8tg.pl\/web\/wp-json\/wp\/v2\/pages\/51"}],"wp:attachment":[{"href":"https:\/\/sp8tg.pl\/web\/wp-json\/wp\/v2\/media?parent=71"}],"curies":[{"name":"wp","href":"https:\/\/api.w.org\/{rel}","templated":true}]}}