{"id":67,"date":"2016-02-22T06:23:50","date_gmt":"2016-02-22T05:23:50","guid":{"rendered":"http:\/\/station75.com\/gm4\/?page_id=67"},"modified":"2025-08-26T14:07:08","modified_gmt":"2025-08-26T12:07:08","slug":"podreczniki","status":"publish","type":"page","link":"https:\/\/sp8tg.pl\/web\/dla-uczniow\/podreczniki\/","title":{"rendered":"Podr\u0119czniki i programy nauczania"},"content":{"rendered":"<h3 style=\"text-align: center;\">Poni\u017cej przedstawiamy wykaz aktualnych podr\u0119cznik\u00f3w i program\u00f3w nauczania obowi\u0105zuj\u0105cy w naszej szkole:<\/h3>\n<p>&nbsp;<\/p>\n<h3><img loading=\"lazy\" decoding=\"async\" class=\"aligncenter\" src=\"http:\/\/sp8tg.pl\/web\/wp-content\/uploads\/2019\/09\/ksi\u0105\u017cki.jpg\" alt=\"Obrazek posiada pusty atrybut alt; plik o nazwie ksi\u0105\u017cki.jpg\" width=\"687\" height=\"276\"><\/h3>\n<p>&nbsp;<\/p>\n<p><strong>Podr\u0119czniki i zeszyty \u0107wicze\u0144 (za wyj\u0105tkiem religii) s\u0105 dotowane na podstawie Rozporz\u0105dzenia Ministra Edukacji i Nauki z dnia 24 marca 2021 r. w sprawie udzielania dotacji celowej na wyposa\u017cenie szk\u00f3\u0142 w podr\u0119czniki, materia\u0142y edukacyjne i materia\u0142y \u0107wiczeniowe.<\/strong><\/p>\n<p>&nbsp;<\/p>\n\n\n<div data-wp-interactive=\"core\/file\" class=\"wp-block-file\"><object data-wp-bind--hidden=\"!state.hasPdfPreview\"  class=\"wp-block-file__embed\" data=\"https:\/\/sp8tg.pl\/web\/wp-content\/uploads\/2025\/08\/Szkolny-zestaw-podrecznikow-2025-2026.pdf\" type=\"application\/pdf\" style=\"width:100%;height:600px\" aria-label=\"Osadzone z Szkolny-zestaw-podrecznikow-2025-2026.\"><\/object><a id=\"wp-block-file--media-f0d9f42f-41b7-4b84-b861-5c0949cfc1fd\" href=\"https:\/\/sp8tg.pl\/web\/wp-content\/uploads\/2025\/08\/Szkolny-zestaw-podrecznikow-2025-2026.pdf\">Szkolny-zestaw-podrecznikow-2025-2026<\/a><a href=\"https:\/\/sp8tg.pl\/web\/wp-content\/uploads\/2025\/08\/Szkolny-zestaw-podrecznikow-2025-2026.pdf\" class=\"wp-block-file__button wp-element-button\" download aria-describedby=\"wp-block-file--media-f0d9f42f-41b7-4b84-b861-5c0949cfc1fd\">Pobierz<\/a><\/div>\n\n\n\n<div data-wp-interactive=\"core\/file\" class=\"wp-block-file\"><object data-wp-bind--hidden=\"!state.hasPdfPreview\"  class=\"wp-block-file__embed\" data=\"https:\/\/sp8tg.pl\/web\/wp-content\/uploads\/2025\/08\/Zestaw-programow-nauczania-2025-2026.pdf\" type=\"application\/pdf\" style=\"width:100%;height:600px\" aria-label=\"Osadzone z Zestaw-programow-nauczania-2025-2026.\"><\/object><a id=\"wp-block-file--media-644a1b42-1d14-4b79-a6e9-0706894f0b27\" href=\"https:\/\/sp8tg.pl\/web\/wp-content\/uploads\/2025\/08\/Zestaw-programow-nauczania-2025-2026.pdf\">Zestaw-programow-nauczania-2025-2026<\/a><a href=\"https:\/\/sp8tg.pl\/web\/wp-content\/uploads\/2025\/08\/Zestaw-programow-nauczania-2025-2026.pdf\" class=\"wp-block-file__button wp-element-button\" download aria-describedby=\"wp-block-file--media-644a1b42-1d14-4b79-a6e9-0706894f0b27\">Pobierz<\/a><\/div>\n\n\n\n<div data-wp-interactive=\"core\/file\" class=\"wp-block-file\"><object data-wp-bind--hidden=\"!state.hasPdfPreview\"  class=\"wp-block-file__embed\" data=\"https:\/\/sp8tg.pl\/web\/wp-content\/uploads\/2025\/08\/Szkolny-zestaw-podrecznikow-do-religii.pdf\" type=\"application\/pdf\" style=\"width:100%;height:600px\" aria-label=\"Osadzone z Szkolny-zestaw-podrecznikow-do-religii.\"><\/object><a id=\"wp-block-file--media-7ccc3ab7-4686-4355-8d71-04982c0cdbf6\" href=\"https:\/\/sp8tg.pl\/web\/wp-content\/uploads\/2025\/08\/Szkolny-zestaw-podrecznikow-do-religii.pdf\">Szkolny-zestaw-podrecznikow-do-religii<\/a><a href=\"https:\/\/sp8tg.pl\/web\/wp-content\/uploads\/2025\/08\/Szkolny-zestaw-podrecznikow-do-religii.pdf\" class=\"wp-block-file__button wp-element-button\" download aria-describedby=\"wp-block-file--media-7ccc3ab7-4686-4355-8d71-04982c0cdbf6\">Pobierz<br><\/a><\/div>\n\n\n\n<p><\/p>\n\n\n\n<p><\/p>\n","protected":false},"excerpt":{"rendered":"<p>Poni\u017cej przedstawiamy wykaz aktualnych podr\u0119cznik\u00f3w i program\u00f3w nauczania obowi\u0105zuj\u0105cy w naszej szkole: &nbsp; &nbsp; Podr\u0119czniki i zeszyty \u0107wicze\u0144 (za wyj\u0105tkiem religii) s\u0105 dotowane na podstawie Rozporz\u0105dzenia Ministra Edukacji i Nauki z dnia 24 marca 2021 r. w sprawie udzielania dotacji celowej na wyposa\u017cenie szk\u00f3\u0142 w podr\u0119czniki, materia\u0142y edukacyjne i materia\u0142y \u0107wiczeniowe. &nbsp;<\/p>\n","protected":false},"author":1,"featured_media":0,"parent":51,"menu_order":0,"comment_status":"closed","ping_status":"closed","template":"","meta":{"ngg_post_thumbnail":0,"footnotes":""},"_links":{"self":[{"href":"https:\/\/sp8tg.pl\/web\/wp-json\/wp\/v2\/pages\/67"}],"collection":[{"href":"https:\/\/sp8tg.pl\/web\/wp-json\/wp\/v2\/pages"}],"about":[{"href":"https:\/\/sp8tg.pl\/web\/wp-json\/wp\/v2\/types\/page"}],"author":[{"embeddable":true,"href":"https:\/\/sp8tg.pl\/web\/wp-json\/wp\/v2\/users\/1"}],"replies":[{"embeddable":true,"href":"https:\/\/sp8tg.pl\/web\/wp-json\/wp\/v2\/comments?post=67"}],"version-history":[{"count":21,"href":"https:\/\/sp8tg.pl\/web\/wp-json\/wp\/v2\/pages\/67\/revisions"}],"predecessor-version":[{"id":19371,"href":"https:\/\/sp8tg.pl\/web\/wp-json\/wp\/v2\/pages\/67\/revisions\/19371"}],"up":[{"embeddable":true,"href":"https:\/\/sp8tg.pl\/web\/wp-json\/wp\/v2\/pages\/51"}],"wp:attachment":[{"href":"https:\/\/sp8tg.pl\/web\/wp-json\/wp\/v2\/media?parent=67"}],"curies":[{"name":"wp","href":"https:\/\/api.w.org\/{rel}","templated":true}]}}