{"id":5073,"date":"2017-03-13T13:09:36","date_gmt":"2017-03-13T12:09:36","guid":{"rendered":"http:\/\/gim4.tgory.pl\/web\/?page_id=5073"},"modified":"2026-03-06T10:14:09","modified_gmt":"2026-03-06T09:14:09","slug":"reforma-oswiaty","status":"publish","type":"page","link":"https:\/\/sp8tg.pl\/web\/reforma-oswiaty\/","title":{"rendered":"Rekrutacja"},"content":{"rendered":"<h3>&nbsp; <img loading=\"lazy\" decoding=\"async\" class=\"alignnone size-medium wp-image-5604\" src=\"http:\/\/gim4.tgory.pl\/web\/wp-content\/uploads\/2016\/05\/20170421_134929207_iOS-e1494114416704-225x300.jpg\" alt=\"\" width=\"225\" height=\"300\" srcset=\"https:\/\/sp8tg.pl\/web\/wp-content\/uploads\/2016\/05\/20170421_134929207_iOS-e1494114416704-225x300.jpg 225w, https:\/\/sp8tg.pl\/web\/wp-content\/uploads\/2016\/05\/20170421_134929207_iOS-e1494114416704-768x1024.jpg 768w, https:\/\/sp8tg.pl\/web\/wp-content\/uploads\/2016\/05\/20170421_134929207_iOS-e1494114416704-1200x1600.jpg 1200w\" sizes=\"(max-width: 225px) 85vw, 225px\" \/> &nbsp;&nbsp; <img loading=\"lazy\" decoding=\"async\" class=\"alignnone size-medium wp-image-5605\" src=\"http:\/\/gim4.tgory.pl\/web\/wp-content\/uploads\/2016\/05\/20170421_134926554_iOS-e1494114398171-225x300.jpg\" alt=\"\" width=\"225\" height=\"300\" srcset=\"https:\/\/sp8tg.pl\/web\/wp-content\/uploads\/2016\/05\/20170421_134926554_iOS-e1494114398171-225x300.jpg 225w, https:\/\/sp8tg.pl\/web\/wp-content\/uploads\/2016\/05\/20170421_134926554_iOS-e1494114398171-768x1024.jpg 768w, https:\/\/sp8tg.pl\/web\/wp-content\/uploads\/2016\/05\/20170421_134926554_iOS-e1494114398171-1200x1600.jpg 1200w\" sizes=\"(max-width: 225px) 85vw, 225px\" \/>&nbsp;&nbsp;&nbsp; <img loading=\"lazy\" decoding=\"async\" class=\"alignnone size-medium wp-image-5603\" src=\"http:\/\/gim4.tgory.pl\/web\/wp-content\/uploads\/2016\/05\/20170421_134916351_iOS-e1494114440738-225x300.jpg\" alt=\"\" width=\"225\" height=\"300\" srcset=\"https:\/\/sp8tg.pl\/web\/wp-content\/uploads\/2016\/05\/20170421_134916351_iOS-e1494114440738-225x300.jpg 225w, https:\/\/sp8tg.pl\/web\/wp-content\/uploads\/2016\/05\/20170421_134916351_iOS-e1494114440738-768x1024.jpg 768w, https:\/\/sp8tg.pl\/web\/wp-content\/uploads\/2016\/05\/20170421_134916351_iOS-e1494114440738-1200x1600.jpg 1200w\" sizes=\"(max-width: 225px) 85vw, 225px\" \/><\/h3>\n<h2>Z dniem <span style=\"color: #ff0000;\">1 wrze\u015bnia 2017 r.<\/span> nasze gimnazjum (Publiczne Gimnazjum nr 4) przekszta\u0142ci\u0142o si\u0119 w <span style=\"color: #ff0000;\">Szko\u0142\u0119 Podstawow\u0105 nr 8<\/span> im. Pu\u0142ku 3. U\u0142an\u00f3w \u015al\u0105skich w Tarnowskich G\u00f3rach.<\/h2>\n<p>&nbsp;&nbsp;&nbsp;&nbsp;&nbsp;&nbsp;&nbsp;&nbsp;&nbsp;&nbsp;&nbsp;&nbsp; <img loading=\"lazy\" decoding=\"async\" class=\"wp-image-19518 aligncenter\" src=\"https:\/\/sp8tg.pl\/web\/wp-content\/uploads\/2026\/03\/Rekruatacja-1-1-724x1024.png\" sizes=\"(max-width: 709px) 85vw, (max-width: 909px) 67vw, (max-width: 984px) 61vw, (max-width: 1362px) 45vw, 600px\" srcset=\"https:\/\/sp8tg.pl\/web\/wp-content\/uploads\/2026\/03\/Rekruatacja-1-1-724x1024.png 724w, https:\/\/sp8tg.pl\/web\/wp-content\/uploads\/2026\/03\/Rekruatacja-1-1-212x300.png 212w, https:\/\/sp8tg.pl\/web\/wp-content\/uploads\/2026\/03\/Rekruatacja-1-1-768x1086.png 768w, https:\/\/sp8tg.pl\/web\/wp-content\/uploads\/2026\/03\/Rekruatacja-1-1-1086x1536.png 1086w, https:\/\/sp8tg.pl\/web\/wp-content\/uploads\/2026\/03\/Rekruatacja-1-1-1448x2048.png 1448w, https:\/\/sp8tg.pl\/web\/wp-content\/uploads\/2026\/03\/Rekruatacja-1-1-1200x1697.png 1200w\" alt=\"\" width=\"409\" height=\"578\">&nbsp;&nbsp;&nbsp;&nbsp;&nbsp;&nbsp;&nbsp;&nbsp;&nbsp;&nbsp;&nbsp;&nbsp;&nbsp;&nbsp;&nbsp;&nbsp;&nbsp;&nbsp;&nbsp;&nbsp;&nbsp;&nbsp;&nbsp;&nbsp;&nbsp;&nbsp;&nbsp;&nbsp;&nbsp;&nbsp;<\/p>\n<p>&nbsp;<\/p>\n\n<div class=\"wp-block-image is-resized\">\n<figure class=\"aligncenter size-large\"><img loading=\"lazy\" decoding=\"async\" width=\"1024\" height=\"550\" src=\"http:\/\/sp8tg.pl\/web\/wp-content\/uploads\/2020\/02\/logo-szko\u0142y-1024x550.png\" alt=\"\" class=\"wp-image-12306\" style=\"width:312px;height:auto\" srcset=\"https:\/\/sp8tg.pl\/web\/wp-content\/uploads\/2020\/02\/logo-szko\u0142y-1024x550.png 1024w, https:\/\/sp8tg.pl\/web\/wp-content\/uploads\/2020\/02\/logo-szko\u0142y-300x161.png 300w, https:\/\/sp8tg.pl\/web\/wp-content\/uploads\/2020\/02\/logo-szko\u0142y-768x412.png 768w, https:\/\/sp8tg.pl\/web\/wp-content\/uploads\/2020\/02\/logo-szko\u0142y-1536x824.png 1536w, https:\/\/sp8tg.pl\/web\/wp-content\/uploads\/2020\/02\/logo-szko\u0142y-1200x644.png 1200w, https:\/\/sp8tg.pl\/web\/wp-content\/uploads\/2020\/02\/logo-szko\u0142y.png 1999w\" sizes=\"(max-width: 709px) 85vw, (max-width: 909px) 67vw, (max-width: 1362px) 62vw, 840px\" \/><figcaption class=\"wp-element-caption\"><br><\/figcaption><\/figure><\/div>\n\n\n<p>Do <strong>klas I na rok szkolny 2026\/2027<\/strong> przyjmowane s\u0105:<\/p>\n\n\n\n<ol start=\"1\">\n<li><strong>dzieci 7-letnie<\/strong> (urodzone od stycznia do grudnia w 2019 r.) \u2013 obj\u0119te obowi\u0105zkiem szkolnym,<\/li>\n\n\n\n<li><strong>dzieci 6-letnie<\/strong> (urodzone od stycznia do grudnia w 2020 r.) \u2013 zgodnie z wol\u0105 rodzic\u00f3w, je\u017celi dziecko korzysta\u0142o z wychowania przedszkolnego w poprzednim roku szkolnym albo posiada opini\u0119 poradni psychologiczno-pedagogicznej o&nbsp;mo\u017cliwo\u015bci rozpocz\u0119cia nauki w szkole podstawowej.<\/li>\n<\/ol>\n\n\n\n<p><br>Chc\u0105c zapisa\u0107 dziecko do klasy I-szej szko\u0142y podstawowej, prosimy uda\u0107 si\u0119 <strong>do swojej szko\u0142y obwodowej<\/strong> i z\u0142o\u017cy\u0107 w niej <strong>zg\u0142oszenie<\/strong>. Do&nbsp;zg\u0142oszenia rodzice do\u0142\u0105czaj\u0105<strong> o\u015bwiadczenie<\/strong> o miejscu zamieszkania kandydata i rodzic\u00f3w. O\u015bwiadczenie sk\u0142ada si\u0119 pod rygorem odpowiedzialno\u015bci karnej za sk\u0142adanie fa\u0142szywych o\u015bwiadcze\u0144.<\/p>\n\n\n\n<p>Je\u015bli wybierzecie Pa\u0144stwo dla swego dziecka<strong> klas\u0119 pierwsz\u0105 w szkole innej ni\u017c obwodowa<\/strong>, musz\u0105 Pa\u0144stwo wzi\u0105\u0107 udzia\u0142 w <strong>post\u0119powaniu rekrutacyjnym<\/strong>. W tym celu nale\u017cy w terminie <strong>od 4 maja 2026 r. do 15 maja 2026 r.&nbsp; do godziny 15:00<\/strong> <strong>z\u0142o\u017cy\u0107 wniosek o przyj\u0119cie do klasy pierwszej <\/strong>w wybranej szkole podstawowej.<\/p>\n\n\n\n<p><a href=\"https:\/\/tarnowskiegory.pl\/2026\/02\/rekrutacja-do-przedszkoli-i-szkol-w-tarnowskich-gorach-na-rok-2026-2027\/\">https:\/\/tarnowskiegory.pl\/2026\/02\/rekrutacja-do-przedszkoli-i-szkol-w-tarnowskich-gorach-na-rok-2026-2027\/<\/a><\/p>\n\n\n\n<p><strong><em>Jak co roku w ramach Dni Otwartych zapraszamy dzieci z okolicznych przedszkoli wraz z wychowawcami na zaj\u0119cia otwarte i zwiedzanie naszej szko\u0142y.<\/em><\/strong><\/p>\n\n\n\n<h3 class=\"wp-block-heading has-text-align-center\" id=\"dokumenty-rekrutacyjne-na-rok-szkolny-2023-2024\">Dokumenty rekrutacyjne na rok szkolny 2026\/2027:<\/h3>\n\n\n\n<div data-wp-interactive=\"core\/file\" class=\"wp-block-file\"><object data-wp-bind--hidden=\"!state.hasPdfPreview\"  class=\"wp-block-file__embed\" data=\"https:\/\/sp8tg.pl\/web\/wp-content\/uploads\/2026\/02\/Zarzadzenie-Nr-774.2025-rekrutacja-spoza-obwodu.pdf\" type=\"application\/pdf\" style=\"width:100%;height:600px\" aria-label=\"Osadzone z Zarzadzenie-Nr-774.2025-rekrutacja-spoza-obwodu.\"><\/object><a id=\"wp-block-file--media-5e743989-b14a-41f9-9a56-131fb9c9d598\" href=\"https:\/\/sp8tg.pl\/web\/wp-content\/uploads\/2026\/02\/Zarzadzenie-Nr-774.2025-rekrutacja-spoza-obwodu.pdf\">Zarzadzenie-Nr-774.2025-rekrutacja-spoza-obwodu<\/a><a href=\"https:\/\/sp8tg.pl\/web\/wp-content\/uploads\/2026\/02\/Zarzadzenie-Nr-774.2025-rekrutacja-spoza-obwodu.pdf\" class=\"wp-block-file__button wp-element-button\" download aria-describedby=\"wp-block-file--media-5e743989-b14a-41f9-9a56-131fb9c9d598\">Pobierz<\/a><\/div>\n\n\n\n<p class=\"has-text-align-center\"><strong>Zg\u0142oszenia uczni\u00f3w do szko\u0142y obwodowej odb\u0119d\u0105 si\u0119 w dniach&nbsp;&nbsp;od 02.03.2026r<\/strong><\/p>\n\n\n\n<div data-wp-interactive=\"core\/file\" class=\"wp-block-file\"><object data-wp-bind--hidden=\"!state.hasPdfPreview\"  class=\"wp-block-file__embed\" data=\"https:\/\/sp8tg.pl\/web\/wp-content\/uploads\/2026\/02\/Zgloszenie-kandydata-do-szkoly-obwodowej-i-oswiadczenie-o-miejscu-zamieszkania.pdf\" type=\"application\/pdf\" style=\"width:100%;height:600px\" aria-label=\"Osadzone z Zgloszenie-kandydata-do-szkoly-obwodowej-i-oswiadczenie-o-miejscu-zamieszkania.\"><\/object><a id=\"wp-block-file--media-793ca7f2-5767-4f5e-a25e-3aa603ecd28b\" href=\"https:\/\/sp8tg.pl\/web\/wp-content\/uploads\/2026\/02\/Zgloszenie-kandydata-do-szkoly-obwodowej-i-oswiadczenie-o-miejscu-zamieszkania.pdf\">Zgloszenie-kandydata-do-szkoly-obwodowej-i-oswiadczenie-o-miejscu-zamieszkania<\/a><a href=\"https:\/\/sp8tg.pl\/web\/wp-content\/uploads\/2026\/02\/Zgloszenie-kandydata-do-szkoly-obwodowej-i-oswiadczenie-o-miejscu-zamieszkania.pdf\" class=\"wp-block-file__button wp-element-button\" download aria-describedby=\"wp-block-file--media-793ca7f2-5767-4f5e-a25e-3aa603ecd28b\">Pobierz<\/a><\/div>\n\n\n\n<p><strong>Kryteria i terminy rekrutacji do szko\u0142y &#8211; 2026<\/strong>:<\/p>\n\n\n\n<div data-wp-interactive=\"core\/file\" class=\"wp-block-file\"><object data-wp-bind--hidden=\"!state.hasPdfPreview\"  class=\"wp-block-file__embed\" data=\"https:\/\/sp8tg.pl\/web\/wp-content\/uploads\/2026\/02\/Kryteria-i-terminy-rekrutacji-szkoly-2026.pdf\" type=\"application\/pdf\" style=\"width:100%;height:600px\" aria-label=\"Osadzone z Kryteria-i-terminy-rekrutacji-szkoly-2026.\"><\/object><a id=\"wp-block-file--media-89b6c701-8fba-483d-aa8d-29769d935996\" href=\"https:\/\/sp8tg.pl\/web\/wp-content\/uploads\/2026\/02\/Kryteria-i-terminy-rekrutacji-szkoly-2026.pdf\">Kryteria-i-terminy-rekrutacji-szkoly-2026<\/a><a href=\"https:\/\/sp8tg.pl\/web\/wp-content\/uploads\/2026\/02\/Kryteria-i-terminy-rekrutacji-szkoly-2026.pdf\" class=\"wp-block-file__button wp-element-button\" download aria-describedby=\"wp-block-file--media-89b6c701-8fba-483d-aa8d-29769d935996\">Pobierz<\/a><\/div>\n\n\n\n<p><strong>Rekrutacja uczni\u00f3w poza obwodem szko\u0142y w terminie&nbsp;od 04.05.2026r. do 29.05.2026r.<\/strong> <strong>(sk\u0142adanie wniosk\u00f3w 4 &#8211; 15 maja 2026 r.)<\/strong><\/p>\n\n\n\n<div data-wp-interactive=\"core\/file\" class=\"wp-block-file\"><object data-wp-bind--hidden=\"!state.hasPdfPreview\"  class=\"wp-block-file__embed\" data=\"https:\/\/sp8tg.pl\/web\/wp-content\/uploads\/2026\/02\/Wniosek-do-szkoly-kandydata-poza-obwodem-szkoly.pdf\" type=\"application\/pdf\" style=\"width:100%;height:600px\" aria-label=\"Osadzone z Wniosek-do-szkoly-kandydata-poza-obwodem-szkoly.\"><\/object><a id=\"wp-block-file--media-b2808824-f5cd-4433-a5a0-4634bad2bae3\" href=\"https:\/\/sp8tg.pl\/web\/wp-content\/uploads\/2026\/02\/Wniosek-do-szkoly-kandydata-poza-obwodem-szkoly.pdf\">Wniosek-do-szkoly-kandydata-poza-obwodem-szkoly<\/a><a href=\"https:\/\/sp8tg.pl\/web\/wp-content\/uploads\/2026\/02\/Wniosek-do-szkoly-kandydata-poza-obwodem-szkoly.pdf\" class=\"wp-block-file__button wp-element-button\" download aria-describedby=\"wp-block-file--media-b2808824-f5cd-4433-a5a0-4634bad2bae3\">Pobierz<\/a><\/div>\n\n\n\n<p class=\"has-text-align-center\"><strong>Ulice nale\u017c\u0105ce do obwodu Szko\u0142y Podstawowej nr 8 im. Pu\u0142ku 3. U\u0142an\u00f3w \u015al\u0105skich <\/strong><\/p>\n\n\n\n<p class=\"has-text-align-center\"><strong>w Tarnowskich G\u00f3rach (aktualizacja w 2021 roku):<\/strong><\/p>\n\n\n\n<div data-wp-interactive=\"core\/file\" class=\"wp-block-file\"><object data-wp-bind--hidden=\"!state.hasPdfPreview\"  class=\"wp-block-file__embed\" data=\"https:\/\/sp8tg.pl\/web\/wp-content\/uploads\/2022\/02\/Obwod-szkolny-Szkoly-Podstawowej-nr-8.pdf\" type=\"application\/pdf\" style=\"width:100%;height:600px\" aria-label=\"Osadzone z Obwod-szkolny-Szkoly-Podstawowej-nr-8.\"><\/object><a id=\"wp-block-file--media-0aadb5ca-890f-42f9-93d7-bc20dadeef1c\" href=\"https:\/\/sp8tg.pl\/web\/wp-content\/uploads\/2022\/02\/Obwod-szkolny-Szkoly-Podstawowej-nr-8.pdf\">Obwod-szkolny-Szkoly-Podstawowej-nr-8<\/a><a href=\"https:\/\/sp8tg.pl\/web\/wp-content\/uploads\/2022\/02\/Obwod-szkolny-Szkoly-Podstawowej-nr-8.pdf\" class=\"wp-block-file__button wp-element-button\" download aria-describedby=\"wp-block-file--media-0aadb5ca-890f-42f9-93d7-bc20dadeef1c\">Pobierz<\/a><\/div>\n\n\n\n<p class=\"has-text-align-center\"><\/p>\n\n\n\n<p><strong>Zapraszamy do obejrzenia filmiku &#8211; wirtualnym spacerze po naszej szkole<\/strong> :<\/p>\n\n\n\n<figure class=\"wp-block-image size-large\"><img loading=\"lazy\" decoding=\"async\" width=\"2221\" height=\"631\" src=\"https:\/\/sp8tg.pl\/web\/wp-content\/uploads\/2022\/02\/1-1024x291.jpg\" alt=\"\" class=\"wp-image-15302\" srcset=\"https:\/\/sp8tg.pl\/web\/wp-content\/uploads\/2022\/02\/1-1024x291.jpg 1024w, https:\/\/sp8tg.pl\/web\/wp-content\/uploads\/2022\/02\/1-300x85.jpg 300w, https:\/\/sp8tg.pl\/web\/wp-content\/uploads\/2022\/02\/1-768x218.jpg 768w, https:\/\/sp8tg.pl\/web\/wp-content\/uploads\/2022\/02\/1-1536x436.jpg 1536w, https:\/\/sp8tg.pl\/web\/wp-content\/uploads\/2022\/02\/1-2048x582.jpg 2048w, https:\/\/sp8tg.pl\/web\/wp-content\/uploads\/2022\/02\/1-1200x341.jpg 1200w\" sizes=\"(max-width: 709px) 85vw, (max-width: 909px) 67vw, (max-width: 1362px) 62vw, 840px\" \/><\/figure>\n\n\n\n<p class=\"has-text-align-center\"><\/p>\n\n\n\n<p><strong>dokument do pobrania:<\/strong><\/p>\n\n\n\n<div data-wp-interactive=\"core\/file\" class=\"wp-block-file\"><object data-wp-bind--hidden=\"!state.hasPdfPreview\"  class=\"wp-block-file__embed\" data=\"https:\/\/sp8tg.pl\/web\/wp-content\/uploads\/2023\/02\/OSWIADCZENIE-RODZICA.docx-dotyczace-miejsca-realizacji-obowiazku-szkolnego.pdf\" type=\"application\/pdf\" style=\"width:100%;height:600px\" aria-label=\"Osadzone z OSWIADCZENIE-RODZICA.docx-dotyczace-miejsca-realizacji-obowiazku-szkolnego.\"><\/object><a id=\"wp-block-file--media-c869a929-da12-48d3-83b6-424f9f38e050\" href=\"https:\/\/sp8tg.pl\/web\/wp-content\/uploads\/2023\/02\/OSWIADCZENIE-RODZICA.docx-dotyczace-miejsca-realizacji-obowiazku-szkolnego.pdf\">OSWIADCZENIE-RODZICA.docx-dotyczace-miejsca-realizacji-obowiazku-szkolnego<\/a><a href=\"https:\/\/sp8tg.pl\/web\/wp-content\/uploads\/2023\/02\/OSWIADCZENIE-RODZICA.docx-dotyczace-miejsca-realizacji-obowiazku-szkolnego.pdf\" class=\"wp-block-file__button wp-element-button\" download aria-describedby=\"wp-block-file--media-c869a929-da12-48d3-83b6-424f9f38e050\">Pobierz<\/a><\/div>\n\n\n\n<p>&#8212;&#8212;&#8212;&#8212;&#8212;&#8212;&#8212;&#8212;&#8212;&#8212;&#8212;&#8212;&#8212;&#8212;&#8212;&#8212;&#8212;&#8212;&#8212;&#8212;<\/p>\n\n\n\n<p><strong>DOKUMENTY:<\/strong><\/p>\n\n\n\n<p><\/p>\n\n\n\n<div class=\"wp-block-file\"><a id=\"wp-block-file--media-130c7cc8-8d5f-489f-82bd-e74d22d3c4d7\" href=\"https:\/\/sp8tg.pl\/web\/wp-content\/uploads\/2021\/02\/karta-zgloszenia-na-swietlice.pdf\">karta-zgloszenia-na-swietlice<\/a><a href=\"https:\/\/sp8tg.pl\/web\/wp-content\/uploads\/2021\/02\/karta-zgloszenia-na-swietlice.pdf\" class=\"wp-block-file__button wp-element-button\" download aria-describedby=\"wp-block-file--media-130c7cc8-8d5f-489f-82bd-e74d22d3c4d7\">Pobierz<br><\/a><\/div>\n\n\n\n<div class=\"wp-block-file\"><a id=\"wp-block-file--media-7c2d87ea-dd8a-4444-ad7e-cc15774c09ad\" href=\"https:\/\/sp8tg.pl\/web\/wp-content\/uploads\/2021\/02\/Wyrazenie-zyczenia-nauki-religii-etyki.pdf\">Wyrazenie-zyczenia-nauki-religii-etyki<\/a><a href=\"https:\/\/sp8tg.pl\/web\/wp-content\/uploads\/2021\/02\/Wyrazenie-zyczenia-nauki-religii-etyki.pdf\" class=\"wp-block-file__button wp-element-button\" download aria-describedby=\"wp-block-file--media-7c2d87ea-dd8a-4444-ad7e-cc15774c09ad\">Pobierz<\/a><\/div>\n\n\n\n<p class=\"has-text-align-center\"><strong>Szko\u0142a oczami naszych uczni\u00f3w \ud83d\ude42<\/strong><\/p>\n\n\n<div class=\"wp-block-image\">\n<figure class=\"aligncenter size-large is-resized\"><img loading=\"lazy\" decoding=\"async\" width=\"1024\" height=\"768\" src=\"http:\/\/sp8tg.pl\/web\/wp-content\/uploads\/2018\/04\/9-1-1024x768.jpg\" alt=\"\" class=\"wp-image-7895\" style=\"width:383px;height:287px\" srcset=\"https:\/\/sp8tg.pl\/web\/wp-content\/uploads\/2018\/04\/9-1-1024x768.jpg 1024w, https:\/\/sp8tg.pl\/web\/wp-content\/uploads\/2018\/04\/9-1-300x225.jpg 300w, https:\/\/sp8tg.pl\/web\/wp-content\/uploads\/2018\/04\/9-1-768x576.jpg 768w, https:\/\/sp8tg.pl\/web\/wp-content\/uploads\/2018\/04\/9-1-1200x900.jpg 1200w, https:\/\/sp8tg.pl\/web\/wp-content\/uploads\/2018\/04\/9-1.jpg 1600w\" sizes=\"(max-width: 709px) 85vw, (max-width: 909px) 67vw, (max-width: 1362px) 62vw, 840px\" \/><\/figure><\/div>\n\n<div class=\"wp-block-image\">\n<figure class=\"aligncenter size-large is-resized\"><img loading=\"lazy\" decoding=\"async\" width=\"1024\" height=\"768\" src=\"http:\/\/sp8tg.pl\/web\/wp-content\/uploads\/2018\/04\/5-2-1024x768.jpg\" alt=\"\" class=\"wp-image-7891\" style=\"width:387px;height:290px\" srcset=\"https:\/\/sp8tg.pl\/web\/wp-content\/uploads\/2018\/04\/5-2-1024x768.jpg 1024w, https:\/\/sp8tg.pl\/web\/wp-content\/uploads\/2018\/04\/5-2-300x225.jpg 300w, https:\/\/sp8tg.pl\/web\/wp-content\/uploads\/2018\/04\/5-2-768x576.jpg 768w, https:\/\/sp8tg.pl\/web\/wp-content\/uploads\/2018\/04\/5-2-1200x900.jpg 1200w, https:\/\/sp8tg.pl\/web\/wp-content\/uploads\/2018\/04\/5-2.jpg 1600w\" sizes=\"(max-width: 709px) 85vw, (max-width: 909px) 67vw, (max-width: 1362px) 62vw, 840px\" \/><\/figure><\/div>\n\n<div class=\"wp-block-image\">\n<figure class=\"aligncenter size-large is-resized\"><img loading=\"lazy\" decoding=\"async\" width=\"1024\" height=\"768\" src=\"http:\/\/sp8tg.pl\/web\/wp-content\/uploads\/2018\/04\/16-1024x768.jpg\" alt=\"\" class=\"wp-image-7902\" style=\"width:408px;height:306px\" srcset=\"https:\/\/sp8tg.pl\/web\/wp-content\/uploads\/2018\/04\/16-1024x768.jpg 1024w, https:\/\/sp8tg.pl\/web\/wp-content\/uploads\/2018\/04\/16-300x225.jpg 300w, https:\/\/sp8tg.pl\/web\/wp-content\/uploads\/2018\/04\/16-768x576.jpg 768w, https:\/\/sp8tg.pl\/web\/wp-content\/uploads\/2018\/04\/16-1200x900.jpg 1200w, https:\/\/sp8tg.pl\/web\/wp-content\/uploads\/2018\/04\/16.jpg 1600w\" sizes=\"(max-width: 709px) 85vw, (max-width: 909px) 67vw, (max-width: 1362px) 62vw, 840px\" \/><\/figure><\/div>\n\n<div class=\"wp-block-image\">\n<figure class=\"aligncenter size-large is-resized\"><img loading=\"lazy\" decoding=\"async\" width=\"1024\" height=\"768\" src=\"http:\/\/sp8tg.pl\/web\/wp-content\/uploads\/2018\/04\/13-1024x768.jpg\" alt=\"\" class=\"wp-image-7899\" style=\"width:415px;height:312px\" srcset=\"https:\/\/sp8tg.pl\/web\/wp-content\/uploads\/2018\/04\/13-1024x768.jpg 1024w, https:\/\/sp8tg.pl\/web\/wp-content\/uploads\/2018\/04\/13-300x225.jpg 300w, https:\/\/sp8tg.pl\/web\/wp-content\/uploads\/2018\/04\/13-768x576.jpg 768w, https:\/\/sp8tg.pl\/web\/wp-content\/uploads\/2018\/04\/13-1200x900.jpg 1200w, https:\/\/sp8tg.pl\/web\/wp-content\/uploads\/2018\/04\/13.jpg 1600w\" sizes=\"(max-width: 709px) 85vw, (max-width: 909px) 67vw, (max-width: 1362px) 62vw, 840px\" \/><\/figure><\/div>\n\n<div class=\"wp-block-image\">\n<figure class=\"aligncenter size-large is-resized\"><img loading=\"lazy\" decoding=\"async\" width=\"1024\" height=\"768\" src=\"http:\/\/sp8tg.pl\/web\/wp-content\/uploads\/2018\/04\/6-2-1024x768.jpg\" alt=\"\" class=\"wp-image-7892\" style=\"width:423px;height:317px\" srcset=\"https:\/\/sp8tg.pl\/web\/wp-content\/uploads\/2018\/04\/6-2-1024x768.jpg 1024w, https:\/\/sp8tg.pl\/web\/wp-content\/uploads\/2018\/04\/6-2-300x225.jpg 300w, https:\/\/sp8tg.pl\/web\/wp-content\/uploads\/2018\/04\/6-2-768x576.jpg 768w, https:\/\/sp8tg.pl\/web\/wp-content\/uploads\/2018\/04\/6-2-1200x900.jpg 1200w, https:\/\/sp8tg.pl\/web\/wp-content\/uploads\/2018\/04\/6-2.jpg 1600w\" sizes=\"(max-width: 709px) 85vw, (max-width: 909px) 67vw, (max-width: 1362px) 62vw, 840px\" \/><\/figure><\/div>\n\n<div class=\"wp-block-image\">\n<figure class=\"aligncenter size-large is-resized\"><img loading=\"lazy\" decoding=\"async\" width=\"1024\" height=\"768\" src=\"http:\/\/sp8tg.pl\/web\/wp-content\/uploads\/2018\/04\/7-2-1024x768.jpg\" alt=\"\" class=\"wp-image-7893\" style=\"width:427px;height:320px\" srcset=\"https:\/\/sp8tg.pl\/web\/wp-content\/uploads\/2018\/04\/7-2-1024x768.jpg 1024w, https:\/\/sp8tg.pl\/web\/wp-content\/uploads\/2018\/04\/7-2-300x225.jpg 300w, https:\/\/sp8tg.pl\/web\/wp-content\/uploads\/2018\/04\/7-2-768x576.jpg 768w, https:\/\/sp8tg.pl\/web\/wp-content\/uploads\/2018\/04\/7-2-1200x900.jpg 1200w, https:\/\/sp8tg.pl\/web\/wp-content\/uploads\/2018\/04\/7-2.jpg 1600w\" sizes=\"(max-width: 709px) 85vw, (max-width: 909px) 67vw, (max-width: 1362px) 62vw, 840px\" \/><\/figure><\/div>\n\n<div class=\"wp-block-image\">\n<figure class=\"aligncenter size-large is-resized\"><img loading=\"lazy\" decoding=\"async\" width=\"1024\" height=\"768\" src=\"http:\/\/sp8tg.pl\/web\/wp-content\/uploads\/2018\/04\/4-2-1024x768.jpg\" alt=\"\" class=\"wp-image-7890\" style=\"width:437px;height:328px\" srcset=\"https:\/\/sp8tg.pl\/web\/wp-content\/uploads\/2018\/04\/4-2-1024x768.jpg 1024w, https:\/\/sp8tg.pl\/web\/wp-content\/uploads\/2018\/04\/4-2-300x225.jpg 300w, https:\/\/sp8tg.pl\/web\/wp-content\/uploads\/2018\/04\/4-2-768x576.jpg 768w, https:\/\/sp8tg.pl\/web\/wp-content\/uploads\/2018\/04\/4-2-1200x900.jpg 1200w, https:\/\/sp8tg.pl\/web\/wp-content\/uploads\/2018\/04\/4-2.jpg 1600w\" sizes=\"(max-width: 709px) 85vw, (max-width: 909px) 67vw, (max-width: 1362px) 62vw, 840px\" \/><\/figure><\/div>\n\n<div class=\"wp-block-image\">\n<figure class=\"aligncenter size-large is-resized\"><img loading=\"lazy\" decoding=\"async\" width=\"1024\" height=\"768\" src=\"http:\/\/sp8tg.pl\/web\/wp-content\/uploads\/2018\/04\/2-2-1024x768.jpg\" alt=\"\" class=\"wp-image-7888\" style=\"width:443px;height:332px\" srcset=\"https:\/\/sp8tg.pl\/web\/wp-content\/uploads\/2018\/04\/2-2-1024x768.jpg 1024w, https:\/\/sp8tg.pl\/web\/wp-content\/uploads\/2018\/04\/2-2-300x225.jpg 300w, https:\/\/sp8tg.pl\/web\/wp-content\/uploads\/2018\/04\/2-2-768x576.jpg 768w, https:\/\/sp8tg.pl\/web\/wp-content\/uploads\/2018\/04\/2-2-1200x900.jpg 1200w, https:\/\/sp8tg.pl\/web\/wp-content\/uploads\/2018\/04\/2-2.jpg 1600w\" sizes=\"(max-width: 709px) 85vw, (max-width: 909px) 67vw, (max-width: 1362px) 62vw, 840px\" \/><\/figure><\/div>\n\n<div class=\"wp-block-image\">\n<figure class=\"aligncenter size-large is-resized\"><img loading=\"lazy\" decoding=\"async\" width=\"1024\" height=\"768\" src=\"http:\/\/sp8tg.pl\/web\/wp-content\/uploads\/2018\/04\/8-2-1024x768.jpg\" alt=\"\" class=\"wp-image-7894\" style=\"width:448px;height:336px\" srcset=\"https:\/\/sp8tg.pl\/web\/wp-content\/uploads\/2018\/04\/8-2-1024x768.jpg 1024w, https:\/\/sp8tg.pl\/web\/wp-content\/uploads\/2018\/04\/8-2-300x225.jpg 300w, https:\/\/sp8tg.pl\/web\/wp-content\/uploads\/2018\/04\/8-2-768x576.jpg 768w, https:\/\/sp8tg.pl\/web\/wp-content\/uploads\/2018\/04\/8-2-1200x900.jpg 1200w, https:\/\/sp8tg.pl\/web\/wp-content\/uploads\/2018\/04\/8-2.jpg 1600w\" sizes=\"(max-width: 709px) 85vw, (max-width: 909px) 67vw, (max-width: 1362px) 62vw, 840px\" \/><\/figure><\/div>\n\n\n<figure class=\"wp-block-image size-large is-resized\"><img loading=\"lazy\" decoding=\"async\" width=\"1024\" height=\"577\" src=\"http:\/\/sp8tg.pl\/web\/wp-content\/uploads\/2018\/03\/16-1024x577.jpg\" alt=\"\" class=\"wp-image-7656\" style=\"width:643px;height:362px\" srcset=\"https:\/\/sp8tg.pl\/web\/wp-content\/uploads\/2018\/03\/16-1024x577.jpg 1024w, https:\/\/sp8tg.pl\/web\/wp-content\/uploads\/2018\/03\/16-300x169.jpg 300w, https:\/\/sp8tg.pl\/web\/wp-content\/uploads\/2018\/03\/16-768x433.jpg 768w, https:\/\/sp8tg.pl\/web\/wp-content\/uploads\/2018\/03\/16-1200x676.jpg 1200w, https:\/\/sp8tg.pl\/web\/wp-content\/uploads\/2018\/03\/16.jpg 1632w\" sizes=\"(max-width: 709px) 85vw, (max-width: 909px) 67vw, (max-width: 1362px) 62vw, 840px\" \/><\/figure>\n","protected":false},"excerpt":{"rendered":"<p>&nbsp; &nbsp;&nbsp; &nbsp;&nbsp;&nbsp; Z dniem 1 wrze\u015bnia 2017 r. nasze gimnazjum (Publiczne Gimnazjum nr 4) przekszta\u0142ci\u0142o si\u0119 w Szko\u0142\u0119 Podstawow\u0105 nr 8 im. Pu\u0142ku 3. U\u0142an\u00f3w \u015al\u0105skich w Tarnowskich G\u00f3rach. &nbsp;&nbsp;&nbsp;&nbsp;&nbsp;&nbsp;&nbsp;&nbsp;&nbsp;&nbsp;&nbsp;&nbsp; &nbsp;&nbsp;&nbsp;&nbsp;&nbsp;&nbsp;&nbsp;&nbsp;&nbsp;&nbsp;&nbsp;&nbsp;&nbsp;&nbsp;&nbsp;&nbsp;&nbsp;&nbsp;&nbsp;&nbsp;&nbsp;&nbsp;&nbsp;&nbsp;&nbsp;&nbsp;&nbsp;&nbsp;&nbsp;&nbsp; &nbsp; Do klas I na rok szkolny 2026\/2027 przyjmowane s\u0105: Chc\u0105c zapisa\u0107 dziecko do klasy I-szej szko\u0142y podstawowej, prosimy uda\u0107 si\u0119 do swojej &hellip; <a href=\"https:\/\/sp8tg.pl\/web\/reforma-oswiaty\/\" class=\"more-link\">Czytaj dalej<span class=\"screen-reader-text\"> \u201eRekrutacja\u201d<\/span><\/a><\/p>\n","protected":false},"author":1,"featured_media":0,"parent":0,"menu_order":0,"comment_status":"closed","ping_status":"closed","template":"","meta":{"ngg_post_thumbnail":0,"footnotes":""},"_links":{"self":[{"href":"https:\/\/sp8tg.pl\/web\/wp-json\/wp\/v2\/pages\/5073"}],"collection":[{"href":"https:\/\/sp8tg.pl\/web\/wp-json\/wp\/v2\/pages"}],"about":[{"href":"https:\/\/sp8tg.pl\/web\/wp-json\/wp\/v2\/types\/page"}],"author":[{"embeddable":true,"href":"https:\/\/sp8tg.pl\/web\/wp-json\/wp\/v2\/users\/1"}],"replies":[{"embeddable":true,"href":"https:\/\/sp8tg.pl\/web\/wp-json\/wp\/v2\/comments?post=5073"}],"version-history":[{"count":126,"href":"https:\/\/sp8tg.pl\/web\/wp-json\/wp\/v2\/pages\/5073\/revisions"}],"predecessor-version":[{"id":19521,"href":"https:\/\/sp8tg.pl\/web\/wp-json\/wp\/v2\/pages\/5073\/revisions\/19521"}],"wp:attachment":[{"href":"https:\/\/sp8tg.pl\/web\/wp-json\/wp\/v2\/media?parent=5073"}],"curies":[{"name":"wp","href":"https:\/\/api.w.org\/{rel}","templated":true}]}}