{"id":4135,"date":"2016-09-19T16:57:10","date_gmt":"2016-09-19T14:57:10","guid":{"rendered":"http:\/\/gim4.tgory.pl\/web\/?page_id=4135"},"modified":"2026-04-02T13:24:49","modified_gmt":"2026-04-02T11:24:49","slug":"jadlospis","status":"publish","type":"page","link":"https:\/\/sp8tg.pl\/web\/jadlospis\/","title":{"rendered":"Jad\u0142ospis"},"content":{"rendered":"<h2>&nbsp;&nbsp;&nbsp;&nbsp;&nbsp;&nbsp;&nbsp;&nbsp;&nbsp;&nbsp; <img loading=\"lazy\" decoding=\"async\" class=\"wp-image-8855 aligncenter\" src=\"http:\/\/gim4.tgory.pl\/web\/wp-content\/uploads\/2018\/09\/jedzenie-300x298.jpg\" alt=\"\" width=\"232\" height=\"230\" srcset=\"https:\/\/sp8tg.pl\/web\/wp-content\/uploads\/2018\/09\/jedzenie-300x298.jpg 300w, https:\/\/sp8tg.pl\/web\/wp-content\/uploads\/2018\/09\/jedzenie-150x150.jpg 150w, https:\/\/sp8tg.pl\/web\/wp-content\/uploads\/2018\/09\/jedzenie.jpg 724w\" sizes=\"(max-width: 232px) 85vw, 232px\" \/><\/h2>\n<h6>Posi\u0142ki, kt\u00f3re proponujemy naszym uczniom, s\u0105 smaczne, \u015bwie\u017ce i zdrowe. W dziennym rozk\u0142adzie zaj\u0119\u0107 przewidziana jest 10-minutowa przerwa \u015bniadaniowa, podczas kt\u00f3rej uczniowie spo\u017cywaj\u0105 przyniesione z domu \u015bniadanie oraz trzy 15-minutowe przerwy obiadowe przeznaczone na zjedzenie ciep\u0142ego posi\u0142ku.<\/h6>\n<h4 style=\"text-align: center;\">Za planowanie i przygotowanie obiad\u00f3w dla naszych wychowank\u00f3w odpowiada firma cateringowa<\/h4>\n<h4 style=\"text-align: center;\"><em>Grupa<br \/>Gastronomia \u015al\u0105sk Sp. z o.o. w Tarnowskich G\u00f3rach<\/em><\/h4>\n\n\n<p class=\"has-text-align-center\"><strong>JAD\u0141OSPIS<\/strong><\/p>\n\n\n\n<div data-wp-interactive=\"core\/file\" class=\"wp-block-file\"><object data-wp-bind--hidden=\"!state.hasPdfPreview\"  class=\"wp-block-file__embed\" data=\"https:\/\/sp8tg.pl\/web\/wp-content\/uploads\/2026\/04\/Jadlospis-tygodniowy-08.04.2026-10.04.2026.pdf\" type=\"application\/pdf\" style=\"width:100%;height:600px\" aria-label=\"Osadzone z Jadlospis-tygodniowy-08.04.2026-10.04.2026.\"><\/object><a id=\"wp-block-file--media-2ebbe3ca-46f2-401d-9f0d-a197cc8f69fa\" href=\"https:\/\/sp8tg.pl\/web\/wp-content\/uploads\/2026\/04\/Jadlospis-tygodniowy-08.04.2026-10.04.2026.pdf\">Jadlospis-tygodniowy-08.04.2026-10.04.2026<\/a><a href=\"https:\/\/sp8tg.pl\/web\/wp-content\/uploads\/2026\/04\/Jadlospis-tygodniowy-08.04.2026-10.04.2026.pdf\" class=\"wp-block-file__button wp-element-button\" download aria-describedby=\"wp-block-file--media-2ebbe3ca-46f2-401d-9f0d-a197cc8f69fa\">Pobierz<\/a><\/div>\n\n\n\n<p class=\"has-text-align-center\"><\/p>\n\n\n\n<p class=\"has-text-align-center\"><strong>Harmonogram wydawania posi\u0142k\u00f3w:<\/strong>]<\/p>\n\n\n\n<div data-wp-interactive=\"core\/file\" class=\"wp-block-file\"><object data-wp-bind--hidden=\"!state.hasPdfPreview\"  class=\"wp-block-file__embed\" data=\"https:\/\/sp8tg.pl\/web\/wp-content\/uploads\/2025\/09\/Harmonogram-obiady-od-8-wrzesnia-2025.pdf\" type=\"application\/pdf\" style=\"width:100%;height:600px\" aria-label=\"Osadzone z Harmonogram-obiady-od-8-wrzesnia-2025.\"><\/object><a id=\"wp-block-file--media-3243ab82-6a82-41ba-8e0e-3c2da3a5fca4\" href=\"https:\/\/sp8tg.pl\/web\/wp-content\/uploads\/2025\/09\/Harmonogram-obiady-od-8-wrzesnia-2025.pdf\">Harmonogram-obiady-od-8-wrzesnia-2025<\/a><a href=\"https:\/\/sp8tg.pl\/web\/wp-content\/uploads\/2025\/09\/Harmonogram-obiady-od-8-wrzesnia-2025.pdf\" class=\"wp-block-file__button wp-element-button\" download aria-describedby=\"wp-block-file--media-3243ab82-6a82-41ba-8e0e-3c2da3a5fca4\">Pobierz<\/a><\/div>\n\n\n\n<div data-wp-interactive=\"core\/file\" class=\"wp-block-file\"><object data-wp-bind--hidden=\"!state.hasPdfPreview\"  class=\"wp-block-file__embed\" data=\"https:\/\/sp8tg.pl\/web\/wp-content\/uploads\/2025\/12\/deklaracja-korzystania-z-obiadow-2026.pdf\" type=\"application\/pdf\" style=\"width:100%;height:600px\" aria-label=\"Osadzone z deklaracja-korzystania-z-obiadow-2026.\"><\/object><a id=\"wp-block-file--media-df501ce3-5a48-4b14-b450-a3c25e0c313c\" href=\"https:\/\/sp8tg.pl\/web\/wp-content\/uploads\/2025\/12\/deklaracja-korzystania-z-obiadow-2026.pdf\">deklaracja-korzystania-z-obiadow-2026<\/a><a href=\"https:\/\/sp8tg.pl\/web\/wp-content\/uploads\/2025\/12\/deklaracja-korzystania-z-obiadow-2026.pdf\" class=\"wp-block-file__button wp-element-button\" download aria-describedby=\"wp-block-file--media-df501ce3-5a48-4b14-b450-a3c25e0c313c\">Pobierz<\/a><\/div>\n\n\n\n<h2 class=\"wp-block-heading\" id=\"nr-konta-na-ktore-nalezy-wniesc-oplate-za-obiady\"><strong>Nr konta, na kt\u00f3re nale\u017cy wnie\u015b\u0107 op\u0142at\u0119 za obiady:<\/strong><\/h2>\n\n\n\n<h2 class=\"wp-block-heading\" id=\"bank-santander-bank-18-1090-1825-0000-0001-4381-6817\"><strong>BANK: <\/strong>Millenium Bank 85 1160 2202 0000 0006 3584 8727<\/h2>\n\n\n\n<div data-wp-interactive=\"core\/file\" class=\"wp-block-file\"><object data-wp-bind--hidden=\"!state.hasPdfPreview\"  class=\"wp-block-file__embed\" data=\"https:\/\/sp8tg.pl\/web\/wp-content\/uploads\/2022\/12\/Regulamin-korzystania-z-jadalni-w-SP8-2023.pdf\" type=\"application\/pdf\" style=\"width:100%;height:600px\" aria-label=\"Osadzone z Regulamin-korzystania-z-jadalni-w-SP8-2023.\"><\/object><a id=\"wp-block-file--media-d5f86e22-a63c-464a-97b5-b58d7d1c683d\" href=\"https:\/\/sp8tg.pl\/web\/wp-content\/uploads\/2022\/12\/Regulamin-korzystania-z-jadalni-w-SP8-2023.pdf\">Regulamin-korzystania-z-jadalni-w-SP8-2023<\/a><a href=\"https:\/\/sp8tg.pl\/web\/wp-content\/uploads\/2022\/12\/Regulamin-korzystania-z-jadalni-w-SP8-2023.pdf\" class=\"wp-block-file__button wp-element-button\" download aria-describedby=\"wp-block-file--media-d5f86e22-a63c-464a-97b5-b58d7d1c683d\">Pobierz<\/a><\/div>\n\n\n\n<p><\/p>\n\n\n<div class=\"wp-block-image\">\n<figure class=\"aligncenter size-full is-resized\"><img loading=\"lazy\" decoding=\"async\" width=\"768\" height=\"1024\" src=\"https:\/\/sp8tg.pl\/web\/wp-content\/uploads\/2023\/12\/1-2-e1538671455605-768x1024-1.jpg\" alt=\"\" class=\"wp-image-17237\" style=\"width:412px;height:auto\" srcset=\"https:\/\/sp8tg.pl\/web\/wp-content\/uploads\/2023\/12\/1-2-e1538671455605-768x1024-1.jpg 768w, https:\/\/sp8tg.pl\/web\/wp-content\/uploads\/2023\/12\/1-2-e1538671455605-768x1024-1-225x300.jpg 225w\" sizes=\"(max-width: 768px) 85vw, 768px\" \/><\/figure><\/div>\n\n<div class=\"wp-block-image\">\n<figure class=\"aligncenter size-full is-resized\"><img loading=\"lazy\" decoding=\"async\" width=\"1024\" height=\"963\" src=\"https:\/\/sp8tg.pl\/web\/wp-content\/uploads\/2023\/12\/j3-1024x963-1.jpg\" alt=\"\" class=\"wp-image-17238\" style=\"width:416px;height:auto\" srcset=\"https:\/\/sp8tg.pl\/web\/wp-content\/uploads\/2023\/12\/j3-1024x963-1.jpg 1024w, https:\/\/sp8tg.pl\/web\/wp-content\/uploads\/2023\/12\/j3-1024x963-1-300x282.jpg 300w, https:\/\/sp8tg.pl\/web\/wp-content\/uploads\/2023\/12\/j3-1024x963-1-768x722.jpg 768w\" sizes=\"(max-width: 709px) 85vw, (max-width: 909px) 67vw, (max-width: 1362px) 62vw, 840px\" \/><\/figure><\/div>","protected":false},"excerpt":{"rendered":"<p>&nbsp;&nbsp;&nbsp;&nbsp;&nbsp;&nbsp;&nbsp;&nbsp;&nbsp;&nbsp; Posi\u0142ki, kt\u00f3re proponujemy naszym uczniom, s\u0105 smaczne, \u015bwie\u017ce i zdrowe. W dziennym rozk\u0142adzie zaj\u0119\u0107 przewidziana jest 10-minutowa przerwa \u015bniadaniowa, podczas kt\u00f3rej uczniowie spo\u017cywaj\u0105 przyniesione z domu \u015bniadanie oraz trzy 15-minutowe przerwy obiadowe przeznaczone na zjedzenie ciep\u0142ego posi\u0142ku. Za planowanie i przygotowanie obiad\u00f3w dla naszych wychowank\u00f3w odpowiada firma cateringowa GrupaGastronomia \u015al\u0105sk Sp. z o.o. w &hellip; <a href=\"https:\/\/sp8tg.pl\/web\/jadlospis\/\" class=\"more-link\">Czytaj dalej<span class=\"screen-reader-text\"> \u201eJad\u0142ospis\u201d<\/span><\/a><\/p>\n","protected":false},"author":1,"featured_media":0,"parent":0,"menu_order":0,"comment_status":"closed","ping_status":"closed","template":"","meta":{"ngg_post_thumbnail":0,"footnotes":""},"_links":{"self":[{"href":"https:\/\/sp8tg.pl\/web\/wp-json\/wp\/v2\/pages\/4135"}],"collection":[{"href":"https:\/\/sp8tg.pl\/web\/wp-json\/wp\/v2\/pages"}],"about":[{"href":"https:\/\/sp8tg.pl\/web\/wp-json\/wp\/v2\/types\/page"}],"author":[{"embeddable":true,"href":"https:\/\/sp8tg.pl\/web\/wp-json\/wp\/v2\/users\/1"}],"replies":[{"embeddable":true,"href":"https:\/\/sp8tg.pl\/web\/wp-json\/wp\/v2\/comments?post=4135"}],"version-history":[{"count":515,"href":"https:\/\/sp8tg.pl\/web\/wp-json\/wp\/v2\/pages\/4135\/revisions"}],"predecessor-version":[{"id":19540,"href":"https:\/\/sp8tg.pl\/web\/wp-json\/wp\/v2\/pages\/4135\/revisions\/19540"}],"wp:attachment":[{"href":"https:\/\/sp8tg.pl\/web\/wp-json\/wp\/v2\/media?parent=4135"}],"curies":[{"name":"wp","href":"https:\/\/api.w.org\/{rel}","templated":true}]}}