{"id":3705,"date":"2016-05-24T04:33:56","date_gmt":"2016-05-24T02:33:56","guid":{"rendered":"http:\/\/gim4.tgory.pl\/web\/?page_id=3705"},"modified":"2022-04-19T13:35:39","modified_gmt":"2022-04-19T11:35:39","slug":"wyprawka-szkolna-i-stypendia-socjalne","status":"publish","type":"page","link":"https:\/\/sp8tg.pl\/web\/dla-rodzicow\/wyprawka-szkolna-i-stypendia-socjalne\/","title":{"rendered":"Stypendium socjalne i zasi\u0142ek szkolny"},"content":{"rendered":"<h3 class=\"entry-title\"><span style=\"text-decoration: underline;\">Informacje og\u00f3lne dotycz\u0105ce stypendium socjalnego i zasi\u0142ku szkolnego:<\/span><\/h3>\n<p>&nbsp;<\/p>\n<p><span style=\"text-decoration: underline;\"><strong>STYPENDIUM SZKOLNE O CHARAKTERZE SOCJALNYM<\/strong><\/span><strong><br><\/strong><\/p>\n<p><strong>Jakie s\u0105 procedury udzielania stypendium socjalnego?<\/strong><\/p>\n<p>Podstawow\u0105 przes\u0142ank\u0105 otrzymania przez ucznia stypendium szkolnego jest trudna sytuacja materialna, w jakiej ten ucze\u0144 si\u0119 znajduje, wynikaj\u0105ca z niskich dochod\u00f3w na osob\u0119 w&nbsp;rodzinie, w szczeg\u00f3lno\u015bci gdy w rodzinie tej wyst\u0119puje: bezrobocie, niepe\u0142nosprawno\u015b\u0107, ci\u0119\u017cka lub d\u0142ugotrwa\u0142a choroba, wielodzietno\u015b\u0107, brak umiej\u0119tno\u015bci wype\u0142niania funkcji opieku\u0144czo-wychowawczych, alkoholizm lub narkomania, a tak\u017ce gdy rodzina jest niepe\u0142na lub wyst\u0105pi\u0142o zdarzenie losowe.<\/p>\n<p>Miesi\u0119czna wysoko\u015b\u0107 dochodu na osob\u0119 w rodzinie ucznia uprawniaj\u0105ca do ubiegania si\u0119 o stypendium szkolne nie mo\u017ce by\u0107 wi\u0119ksza ni\u017c kwota <strong>528,00 z\u0142 netto<\/strong> (rozporz\u0105dzenie Rady Ministr\u00f3w z dnia 11 lipca 2018 r. w sprawie zweryfikowania kryteri\u00f3w dochodowych oraz kwot \u015bwiadcze\u0144 pieni\u0119\u017cnych z pomocy spo\u0142ecznej (Dz.U. 2018 poz. 1358).<\/p>\n<p><strong>W jaki spos\u00f3b mo\u017cna ubiega\u0107 o stypendium?<\/strong><\/p>\n<p>Stypendium szkolne przyznawane jest na wniosek lub z urz\u0119du.<\/p>\n<p><strong>Kto mo\u017ce z\u0142o\u017cy\u0107 taki wniosek?<\/strong><\/p>\n<p>Wniosek o przyznanie stypendium mog\u0105 z\u0142o\u017cy\u0107:<\/p>\n<ul>\n<li>rodzice,<\/li>\n<li>opiekunowie prawni uczni\u00f3w,<\/li>\n<li>pe\u0142noletni uczniowie,<\/li>\n<li>dyrektorzy szk\u00f3\u0142.<\/li>\n<\/ul>\n<p><strong>Jaki jest termin sk\u0142adania wniosk\u00f3w?<\/strong><\/p>\n<p>Wniosek o przyznanie stypendium szkolnego sk\u0142ada si\u0119 <strong><u>do dnia 15 wrze\u015bnia<\/u><\/strong> danego roku szkolnego w szkole, w kt\u00f3rej uczniowie pobieraj\u0105 nauk\u0119. Stypendium szkolne jest przyznawane na okres nie kr\u00f3tszy ni\u017c miesi\u0105c i nie d\u0142u\u017cszy ni\u017c 10 miesi\u0119cy w danym roku szkolnym.<\/p>\n<p><strong>W jakiej formie mo\u017ce by\u0107 przyznawane stypendium?<\/strong><\/p>\n<p><strong>Stypendium <\/strong>szkolne mo\u017ce by\u0107 przyznawane w formie:<\/p>\n<ul>\n<li>\u015bwiadczenia pieni\u0119\u017cnego na pokrycie wydatk\u00f3w zwi\u0105zanych z procesem edukacyjnym<\/li>\n<li>pomocy rzeczowej o charakterze edukacyjnym.<\/li>\n<\/ul>\n<p><strong>Ile razy mo\u017ce by\u0107 przyznawane?<\/strong><\/p>\n<p>Stypendium szkolne mo\u017ce by\u0107 przyznawane raz lub kilka razy w roku, niezale\u017cnie od otrzymywanego zasi\u0142ku szkolnego.<\/p>\n<p><strong>&nbsp;<\/strong><\/p>\n<p><span style=\"text-decoration: underline;\"><strong>ZASI\u0141EK SZKOLNY O CHARAKTERZE SOCJALNYM<\/strong><\/span><strong><br><\/strong><\/p>\n<p><strong>Co to jest?<\/strong><\/p>\n<p>Zasi\u0142ek szkolny stanowi pomoc incydentaln\u0105, nadzwyczajn\u0105 inn\u0105 ni\u017c stypendium szkolne. Podstawow\u0105 okoliczno\u015bci\u0105 uzasadniaj\u0105c\u0105 ubieganie si\u0119 o \u015bwiadczenie w postaci zasi\u0142ku szkolnego jest wyst\u0105pienia zdarzenia losowego, kt\u00f3re jest niezale\u017cne od woli cz\u0142owieka: nag\u0142a, zagra\u017caj\u0105ca normalnemu funkcjonowaniu os\u00f3b i rodzin sytuacja. Zdarzeniami losowymi daj\u0105cymi podstaw\u0119 do przyznania zasi\u0142ku s\u0105:<\/p>\n<ul>\n<li>\u015bmier\u0107 rodzic\u00f3w lub opiekun\u00f3w prawnych wsp\u00f3lnie zamieszkuj\u0105cych;<\/li>\n<li>ci\u0119\u017cki wypadek ucznia, powoduj\u0105cy uszczerbek na zdrowiu;<\/li>\n<li>nag\u0142a lub nieuleczalna choroba ucznia lub rodzica;<\/li>\n<li>kl\u0119ska \u017cywio\u0142owa;<\/li>\n<li>po\u017car, w\u0142amanie lub zalanie mieszkania;<\/li>\n<li>utrata pracy przez rodzic\u00f3w;<\/li>\n<li>inne okoliczno\u015bci powoduj\u0105ce <strong>przej\u015bciowo trudn\u0105 sytuacje ucznia i utrudniaj\u0105ce nauk\u0119.<\/strong><\/li>\n<\/ul>\n<p>Wskazane powy\u017cej wyliczenie ma <u>charakter wy\u0142\u0105cznie przyk\u0142adowy.<\/u> Ma ono zobrazowa\u0107 jakie okoliczno\u015bci pozwalaj\u0105 na wyst\u0105pienie z wnioskiem o przyznanie zasi\u0142ku szkolnego i nie mo\u017cna go traktowa\u0107 jako katalogu zamkni\u0119tego.<\/p>\n<p><strong>Komu si\u0119 przyznaje taki zasi\u0142ek?<\/strong><\/p>\n<p>Zasi\u0142ek szkolny mo\u017ce by\u0107 przyznany uczniowi znajduj\u0105cemu si\u0119 przej\u015bciowo w trudnej sytuacji materialnej z powodu zdarzenia losowego. Zasi\u0142ek szkolny przyznawany jest na wniosek.<\/p>\n<p><strong>Kto mo\u017ce z\u0142o\u017cy\u0107 wniosek?<\/strong><\/p>\n<p>Wniosek o przyznanie zasi\u0142ku mog\u0105 z\u0142o\u017cy\u0107:<\/p>\n<ul>\n<li>rodzice, prawni opiekunowie<\/li>\n<li>pe\u0142noletni uczniowie<\/li>\n<li>dyrektorzy szk\u00f3\u0142<\/li>\n<\/ul>\n<p><strong>Jakie s\u0105 formy udzielania zasi\u0142ku szkolnego?<\/strong><\/p>\n<p>Zasi\u0142ek szkolny mo\u017ce by\u0107 przyznany w formie:<\/p>\n<p>1) \u015bwiadczenia pieni\u0119\u017cnego na pokrycie wydatk\u00f3w zwi\u0105zanych z procesem edukacyjnym lub<\/p>\n<p>2) pomocy rzeczowej o charakterze edukacyjnym.<\/p>\n<p><strong>Jaki jest termin ubiegania si\u0119 o zasi\u0142ek szkolny?<\/strong><\/p>\n<p>Z uwagi na jego funkcj\u0119 &#8211; \u015brodka dora\u017anej pomocy w sytuacji losowej &#8211; ograniczono termin ubiegania si\u0119 o zasi\u0142ek szkolny <strong><u>do dw\u00f3ch miesi\u0119cy od wyst\u0105pienia zdarzenia uzasadniaj\u0105cego jego przyznanie.<\/u><\/strong><strong><br><\/strong><\/p>\n<p>Zasi\u0142ek szkolny mo\u017ce by\u0107 przyznany raz lub kilka razy w roku, niezale\u017cnie od otrzymywanego stypendium szkolnego.<\/p>\n<h3><strong>STYPENDIUM SOCJALNE PRZYS\u0141UGUJE UCZNIOWI, GDY DOCH\u00d3D RODZINY UCZNIA NIE JEST WY\u017bSZY NI\u017b <span style=\"color: #ff0000;\">528 z\u0142 netto na osob\u0119<\/span><\/strong><\/h3>\n<p>doch\u00f3d rodziny ucznia nie jest wi\u0119kszy ni\u017c 528 z\u0142 netto na osob\u0119.<\/p>\n<h3 class=\"entry-title\">Dokumenty:<\/h3>\n<p><a href=\"https:\/\/e-urzad.tarnowskiegory.pl\/Service\/getServiceCard.html?id=203&amp;ciid=74&amp;pid=203Ile%20razy%20mo%C5%BCe%20by%C4%87%20przyznawany?\">https:\/\/e-urzad.tarnowskiegory.pl\/Service\/getServiceCard.html?id=203&amp;ciid=74&amp;pid=203Ile%20razy%20mo%C5%BCe%20by%C4%87%20przyznawany?<\/a><\/p>\n<p><strong>Potrzebne dokumenty do wypisania, mo\u017cna pobra\u0107 w sekretariacie szko\u0142y.<\/strong><\/p>\n<p>&nbsp;<\/p>\n<p>&nbsp;<\/p>\n\n\n<p><\/p>\n","protected":false},"excerpt":{"rendered":"<p>Informacje og\u00f3lne dotycz\u0105ce stypendium socjalnego i zasi\u0142ku szkolnego: &nbsp; STYPENDIUM SZKOLNE O CHARAKTERZE SOCJALNYM Jakie s\u0105 procedury udzielania stypendium socjalnego? Podstawow\u0105 przes\u0142ank\u0105 otrzymania przez ucznia stypendium szkolnego jest trudna sytuacja materialna, w jakiej ten ucze\u0144 si\u0119 znajduje, wynikaj\u0105ca z niskich dochod\u00f3w na osob\u0119 w&nbsp;rodzinie, w szczeg\u00f3lno\u015bci gdy w rodzinie tej wyst\u0119puje: bezrobocie, niepe\u0142nosprawno\u015b\u0107, ci\u0119\u017cka lub &hellip; <a href=\"https:\/\/sp8tg.pl\/web\/dla-rodzicow\/wyprawka-szkolna-i-stypendia-socjalne\/\" class=\"more-link\">Czytaj dalej<span class=\"screen-reader-text\"> \u201eStypendium socjalne i zasi\u0142ek szkolny\u201d<\/span><\/a><\/p>\n","protected":false},"author":1,"featured_media":0,"parent":3617,"menu_order":0,"comment_status":"closed","ping_status":"closed","template":"","meta":{"ngg_post_thumbnail":0,"footnotes":""},"_links":{"self":[{"href":"https:\/\/sp8tg.pl\/web\/wp-json\/wp\/v2\/pages\/3705"}],"collection":[{"href":"https:\/\/sp8tg.pl\/web\/wp-json\/wp\/v2\/pages"}],"about":[{"href":"https:\/\/sp8tg.pl\/web\/wp-json\/wp\/v2\/types\/page"}],"author":[{"embeddable":true,"href":"https:\/\/sp8tg.pl\/web\/wp-json\/wp\/v2\/users\/1"}],"replies":[{"embeddable":true,"href":"https:\/\/sp8tg.pl\/web\/wp-json\/wp\/v2\/comments?post=3705"}],"version-history":[{"count":20,"href":"https:\/\/sp8tg.pl\/web\/wp-json\/wp\/v2\/pages\/3705\/revisions"}],"predecessor-version":[{"id":15521,"href":"https:\/\/sp8tg.pl\/web\/wp-json\/wp\/v2\/pages\/3705\/revisions\/15521"}],"up":[{"embeddable":true,"href":"https:\/\/sp8tg.pl\/web\/wp-json\/wp\/v2\/pages\/3617"}],"wp:attachment":[{"href":"https:\/\/sp8tg.pl\/web\/wp-json\/wp\/v2\/media?parent=3705"}],"curies":[{"name":"wp","href":"https:\/\/api.w.org\/{rel}","templated":true}]}}