{"id":3662,"date":"2016-05-23T13:03:22","date_gmt":"2016-05-23T11:03:22","guid":{"rendered":"http:\/\/gim4.tgory.pl\/web\/?page_id=3662"},"modified":"2021-02-23T08:12:56","modified_gmt":"2021-02-23T07:12:56","slug":"muzeum-regionalne","status":"publish","type":"page","link":"https:\/\/sp8tg.pl\/web\/nasze-gimnazjum\/muzeum-regionalne\/","title":{"rendered":"Muzeum Regionalne"},"content":{"rendered":"<p>Muzeum Regionalne znajduje si\u0119 w naszej szkole od wielu lat. Swoj\u0105 siedzib\u0119 ma na parterze segmentu B. Oto kilka fotografii:<\/p>\n<p><img loading=\"lazy\" decoding=\"async\" class=\"alignnone size-medium wp-image-3818\" src=\"http:\/\/gim4.tgory.pl\/web\/wp-content\/uploads\/2016\/05\/DSC_0307-300x169.jpg\" alt=\"dsc_0307\" width=\"300\" height=\"169\" srcset=\"https:\/\/sp8tg.pl\/web\/wp-content\/uploads\/2016\/05\/DSC_0307-300x169.jpg 300w, https:\/\/sp8tg.pl\/web\/wp-content\/uploads\/2016\/05\/DSC_0307-768x432.jpg 768w, https:\/\/sp8tg.pl\/web\/wp-content\/uploads\/2016\/05\/DSC_0307-1024x576.jpg 1024w, https:\/\/sp8tg.pl\/web\/wp-content\/uploads\/2016\/05\/DSC_0307-1200x675.jpg 1200w\" sizes=\"(max-width: 300px) 85vw, 300px\" \/>&nbsp;&nbsp;&nbsp;&nbsp;&nbsp; <img loading=\"lazy\" decoding=\"async\" class=\"alignnone size-medium wp-image-3819\" src=\"http:\/\/gim4.tgory.pl\/web\/wp-content\/uploads\/2016\/05\/DSC_0308-300x169.jpg\" alt=\"dsc_0308\" width=\"300\" height=\"169\" srcset=\"https:\/\/sp8tg.pl\/web\/wp-content\/uploads\/2016\/05\/DSC_0308-300x169.jpg 300w, https:\/\/sp8tg.pl\/web\/wp-content\/uploads\/2016\/05\/DSC_0308-768x432.jpg 768w, https:\/\/sp8tg.pl\/web\/wp-content\/uploads\/2016\/05\/DSC_0308-1024x576.jpg 1024w, https:\/\/sp8tg.pl\/web\/wp-content\/uploads\/2016\/05\/DSC_0308-1200x675.jpg 1200w\" sizes=\"(max-width: 300px) 85vw, 300px\" \/><\/p>\n<p><img loading=\"lazy\" decoding=\"async\" class=\"alignnone size-medium wp-image-3820\" src=\"http:\/\/gim4.tgory.pl\/web\/wp-content\/uploads\/2016\/05\/DSC_0309-300x169.jpg\" alt=\"dsc_0309\" width=\"300\" height=\"169\" srcset=\"https:\/\/sp8tg.pl\/web\/wp-content\/uploads\/2016\/05\/DSC_0309-300x169.jpg 300w, https:\/\/sp8tg.pl\/web\/wp-content\/uploads\/2016\/05\/DSC_0309-768x432.jpg 768w, https:\/\/sp8tg.pl\/web\/wp-content\/uploads\/2016\/05\/DSC_0309-1024x576.jpg 1024w, https:\/\/sp8tg.pl\/web\/wp-content\/uploads\/2016\/05\/DSC_0309-1200x675.jpg 1200w\" sizes=\"(max-width: 300px) 85vw, 300px\" \/> &nbsp; &nbsp;&nbsp; <img loading=\"lazy\" decoding=\"async\" class=\"alignnone size-medium wp-image-3821\" src=\"http:\/\/gim4.tgory.pl\/web\/wp-content\/uploads\/2016\/05\/DSC_0310-300x169.jpg\" alt=\"dsc_0310\" width=\"300\" height=\"169\" srcset=\"https:\/\/sp8tg.pl\/web\/wp-content\/uploads\/2016\/05\/DSC_0310-300x169.jpg 300w, https:\/\/sp8tg.pl\/web\/wp-content\/uploads\/2016\/05\/DSC_0310-768x432.jpg 768w, https:\/\/sp8tg.pl\/web\/wp-content\/uploads\/2016\/05\/DSC_0310-1024x576.jpg 1024w, https:\/\/sp8tg.pl\/web\/wp-content\/uploads\/2016\/05\/DSC_0310-1200x675.jpg 1200w\" sizes=\"(max-width: 300px) 85vw, 300px\" \/><\/p>\n<p><img loading=\"lazy\" decoding=\"async\" class=\"alignnone size-medium wp-image-3822\" src=\"http:\/\/gim4.tgory.pl\/web\/wp-content\/uploads\/2016\/05\/DSC_0311-300x169.jpg\" alt=\"dsc_0311\" width=\"300\" height=\"169\" srcset=\"https:\/\/sp8tg.pl\/web\/wp-content\/uploads\/2016\/05\/DSC_0311-300x169.jpg 300w, https:\/\/sp8tg.pl\/web\/wp-content\/uploads\/2016\/05\/DSC_0311-768x432.jpg 768w, https:\/\/sp8tg.pl\/web\/wp-content\/uploads\/2016\/05\/DSC_0311-1024x576.jpg 1024w, https:\/\/sp8tg.pl\/web\/wp-content\/uploads\/2016\/05\/DSC_0311-1200x675.jpg 1200w\" sizes=\"(max-width: 300px) 85vw, 300px\" \/> &nbsp; &nbsp; <img loading=\"lazy\" decoding=\"async\" class=\"alignnone size-medium wp-image-3823\" src=\"http:\/\/gim4.tgory.pl\/web\/wp-content\/uploads\/2016\/05\/DSC_0312-300x169.jpg\" alt=\"dsc_0312\" width=\"300\" height=\"169\" srcset=\"https:\/\/sp8tg.pl\/web\/wp-content\/uploads\/2016\/05\/DSC_0312-300x169.jpg 300w, https:\/\/sp8tg.pl\/web\/wp-content\/uploads\/2016\/05\/DSC_0312-768x432.jpg 768w, https:\/\/sp8tg.pl\/web\/wp-content\/uploads\/2016\/05\/DSC_0312-1024x576.jpg 1024w, https:\/\/sp8tg.pl\/web\/wp-content\/uploads\/2016\/05\/DSC_0312-1200x675.jpg 1200w\" sizes=\"(max-width: 300px) 85vw, 300px\" \/><\/p>\n<p><img loading=\"lazy\" decoding=\"async\" class=\"alignnone size-medium wp-image-3824\" src=\"http:\/\/gim4.tgory.pl\/web\/wp-content\/uploads\/2016\/05\/DSC_0313-169x300.jpg\" alt=\"dsc_0313\" width=\"169\" height=\"300\" srcset=\"https:\/\/sp8tg.pl\/web\/wp-content\/uploads\/2016\/05\/DSC_0313-169x300.jpg 169w, https:\/\/sp8tg.pl\/web\/wp-content\/uploads\/2016\/05\/DSC_0313-768x1365.jpg 768w, https:\/\/sp8tg.pl\/web\/wp-content\/uploads\/2016\/05\/DSC_0313-576x1024.jpg 576w, https:\/\/sp8tg.pl\/web\/wp-content\/uploads\/2016\/05\/DSC_0313-1200x2133.jpg 1200w, https:\/\/sp8tg.pl\/web\/wp-content\/uploads\/2016\/05\/DSC_0313.jpg 1440w\" sizes=\"(max-width: 169px) 85vw, 169px\" \/>&nbsp;&nbsp; &nbsp; &nbsp; <img loading=\"lazy\" decoding=\"async\" class=\"alignnone size-medium wp-image-3825\" src=\"http:\/\/gim4.tgory.pl\/web\/wp-content\/uploads\/2016\/05\/DSC_0314-169x300.jpg\" alt=\"dsc_0314\" width=\"169\" height=\"300\" srcset=\"https:\/\/sp8tg.pl\/web\/wp-content\/uploads\/2016\/05\/DSC_0314-169x300.jpg 169w, https:\/\/sp8tg.pl\/web\/wp-content\/uploads\/2016\/05\/DSC_0314-768x1365.jpg 768w, https:\/\/sp8tg.pl\/web\/wp-content\/uploads\/2016\/05\/DSC_0314-576x1024.jpg 576w, https:\/\/sp8tg.pl\/web\/wp-content\/uploads\/2016\/05\/DSC_0314-1200x2133.jpg 1200w, https:\/\/sp8tg.pl\/web\/wp-content\/uploads\/2016\/05\/DSC_0314.jpg 1440w\" sizes=\"(max-width: 169px) 85vw, 169px\" \/>&nbsp;&nbsp;&nbsp; <img loading=\"lazy\" decoding=\"async\" class=\"alignnone size-medium wp-image-3826\" src=\"http:\/\/gim4.tgory.pl\/web\/wp-content\/uploads\/2016\/05\/DSC_0743-169x300.jpg\" alt=\"dsc_0743\" width=\"169\" height=\"300\" srcset=\"https:\/\/sp8tg.pl\/web\/wp-content\/uploads\/2016\/05\/DSC_0743-169x300.jpg 169w, https:\/\/sp8tg.pl\/web\/wp-content\/uploads\/2016\/05\/DSC_0743-768x1365.jpg 768w, https:\/\/sp8tg.pl\/web\/wp-content\/uploads\/2016\/05\/DSC_0743-576x1024.jpg 576w, https:\/\/sp8tg.pl\/web\/wp-content\/uploads\/2016\/05\/DSC_0743-1200x2133.jpg 1200w, https:\/\/sp8tg.pl\/web\/wp-content\/uploads\/2016\/05\/DSC_0743.jpg 1440w\" sizes=\"(max-width: 169px) 85vw, 169px\" \/><\/p>\n<p><img loading=\"lazy\" decoding=\"async\" class=\"alignnone size-medium wp-image-3827\" src=\"http:\/\/gim4.tgory.pl\/web\/wp-content\/uploads\/2016\/05\/DSC_0744-169x300.jpg\" alt=\"dsc_0744\" width=\"169\" height=\"300\" srcset=\"https:\/\/sp8tg.pl\/web\/wp-content\/uploads\/2016\/05\/DSC_0744-169x300.jpg 169w, https:\/\/sp8tg.pl\/web\/wp-content\/uploads\/2016\/05\/DSC_0744-768x1365.jpg 768w, https:\/\/sp8tg.pl\/web\/wp-content\/uploads\/2016\/05\/DSC_0744-576x1024.jpg 576w, https:\/\/sp8tg.pl\/web\/wp-content\/uploads\/2016\/05\/DSC_0744-1200x2133.jpg 1200w, https:\/\/sp8tg.pl\/web\/wp-content\/uploads\/2016\/05\/DSC_0744.jpg 1440w\" sizes=\"(max-width: 169px) 85vw, 169px\" \/> &nbsp; &nbsp; &nbsp; <img loading=\"lazy\" decoding=\"async\" class=\"alignnone size-medium wp-image-3828\" src=\"http:\/\/gim4.tgory.pl\/web\/wp-content\/uploads\/2016\/05\/DSC_0745-169x300.jpg\" alt=\"dsc_0745\" width=\"169\" height=\"300\" srcset=\"https:\/\/sp8tg.pl\/web\/wp-content\/uploads\/2016\/05\/DSC_0745-169x300.jpg 169w, https:\/\/sp8tg.pl\/web\/wp-content\/uploads\/2016\/05\/DSC_0745-768x1365.jpg 768w, https:\/\/sp8tg.pl\/web\/wp-content\/uploads\/2016\/05\/DSC_0745-576x1024.jpg 576w, https:\/\/sp8tg.pl\/web\/wp-content\/uploads\/2016\/05\/DSC_0745-1200x2133.jpg 1200w, https:\/\/sp8tg.pl\/web\/wp-content\/uploads\/2016\/05\/DSC_0745.jpg 1440w\" sizes=\"(max-width: 169px) 85vw, 169px\" \/>&nbsp;&nbsp;&nbsp; <img loading=\"lazy\" decoding=\"async\" class=\"alignnone size-medium wp-image-3829\" src=\"http:\/\/gim4.tgory.pl\/web\/wp-content\/uploads\/2016\/05\/DSC_0746-169x300.jpg\" alt=\"dsc_0746\" width=\"169\" height=\"300\" srcset=\"https:\/\/sp8tg.pl\/web\/wp-content\/uploads\/2016\/05\/DSC_0746-169x300.jpg 169w, https:\/\/sp8tg.pl\/web\/wp-content\/uploads\/2016\/05\/DSC_0746-768x1365.jpg 768w, https:\/\/sp8tg.pl\/web\/wp-content\/uploads\/2016\/05\/DSC_0746-576x1024.jpg 576w, https:\/\/sp8tg.pl\/web\/wp-content\/uploads\/2016\/05\/DSC_0746-1200x2133.jpg 1200w, https:\/\/sp8tg.pl\/web\/wp-content\/uploads\/2016\/05\/DSC_0746.jpg 1440w\" sizes=\"(max-width: 169px) 85vw, 169px\" \/><\/p>\n<p><img loading=\"lazy\" decoding=\"async\" class=\"alignnone size-medium wp-image-3830\" src=\"http:\/\/gim4.tgory.pl\/web\/wp-content\/uploads\/2016\/05\/DSC_0747-300x169.jpg\" alt=\"dsc_0747\" width=\"300\" height=\"169\" srcset=\"https:\/\/sp8tg.pl\/web\/wp-content\/uploads\/2016\/05\/DSC_0747-300x169.jpg 300w, https:\/\/sp8tg.pl\/web\/wp-content\/uploads\/2016\/05\/DSC_0747-768x432.jpg 768w, https:\/\/sp8tg.pl\/web\/wp-content\/uploads\/2016\/05\/DSC_0747-1024x576.jpg 1024w, https:\/\/sp8tg.pl\/web\/wp-content\/uploads\/2016\/05\/DSC_0747-1200x675.jpg 1200w\" sizes=\"(max-width: 300px) 85vw, 300px\" \/>&nbsp;&nbsp;&nbsp; <img loading=\"lazy\" decoding=\"async\" class=\"alignnone size-medium wp-image-3831\" src=\"http:\/\/gim4.tgory.pl\/web\/wp-content\/uploads\/2016\/05\/DSC_0749-169x300.jpg\" alt=\"dsc_0749\" width=\"169\" height=\"300\" srcset=\"https:\/\/sp8tg.pl\/web\/wp-content\/uploads\/2016\/05\/DSC_0749-169x300.jpg 169w, https:\/\/sp8tg.pl\/web\/wp-content\/uploads\/2016\/05\/DSC_0749-768x1365.jpg 768w, https:\/\/sp8tg.pl\/web\/wp-content\/uploads\/2016\/05\/DSC_0749-576x1024.jpg 576w, https:\/\/sp8tg.pl\/web\/wp-content\/uploads\/2016\/05\/DSC_0749-1200x2133.jpg 1200w, https:\/\/sp8tg.pl\/web\/wp-content\/uploads\/2016\/05\/DSC_0749.jpg 1440w\" sizes=\"(max-width: 169px) 85vw, 169px\" \/>&nbsp;&nbsp;&nbsp; <img loading=\"lazy\" decoding=\"async\" class=\"alignnone size-medium wp-image-3832\" src=\"http:\/\/gim4.tgory.pl\/web\/wp-content\/uploads\/2016\/05\/DSC_0750-169x300.jpg\" alt=\"dsc_0750\" width=\"169\" height=\"300\" srcset=\"https:\/\/sp8tg.pl\/web\/wp-content\/uploads\/2016\/05\/DSC_0750-169x300.jpg 169w, https:\/\/sp8tg.pl\/web\/wp-content\/uploads\/2016\/05\/DSC_0750-768x1365.jpg 768w, https:\/\/sp8tg.pl\/web\/wp-content\/uploads\/2016\/05\/DSC_0750-576x1024.jpg 576w, https:\/\/sp8tg.pl\/web\/wp-content\/uploads\/2016\/05\/DSC_0750-1200x2133.jpg 1200w, https:\/\/sp8tg.pl\/web\/wp-content\/uploads\/2016\/05\/DSC_0750.jpg 1440w\" sizes=\"(max-width: 169px) 85vw, 169px\" \/><\/p>\n<p><img loading=\"lazy\" decoding=\"async\" class=\"alignnone size-medium wp-image-3833\" src=\"http:\/\/gim4.tgory.pl\/web\/wp-content\/uploads\/2016\/05\/DSC_0751-300x169.jpg\" alt=\"dsc_0751\" width=\"300\" height=\"169\" srcset=\"https:\/\/sp8tg.pl\/web\/wp-content\/uploads\/2016\/05\/DSC_0751-300x169.jpg 300w, https:\/\/sp8tg.pl\/web\/wp-content\/uploads\/2016\/05\/DSC_0751-768x432.jpg 768w, https:\/\/sp8tg.pl\/web\/wp-content\/uploads\/2016\/05\/DSC_0751-1024x576.jpg 1024w, https:\/\/sp8tg.pl\/web\/wp-content\/uploads\/2016\/05\/DSC_0751-1200x675.jpg 1200w\" sizes=\"(max-width: 300px) 85vw, 300px\" \/> &nbsp; &nbsp; &nbsp; <img loading=\"lazy\" decoding=\"async\" class=\"alignnone size-medium wp-image-3834\" src=\"http:\/\/gim4.tgory.pl\/web\/wp-content\/uploads\/2016\/05\/DSC_0752-169x300.jpg\" alt=\"dsc_0752\" width=\"169\" height=\"300\" srcset=\"https:\/\/sp8tg.pl\/web\/wp-content\/uploads\/2016\/05\/DSC_0752-169x300.jpg 169w, https:\/\/sp8tg.pl\/web\/wp-content\/uploads\/2016\/05\/DSC_0752-768x1365.jpg 768w, https:\/\/sp8tg.pl\/web\/wp-content\/uploads\/2016\/05\/DSC_0752-576x1024.jpg 576w, https:\/\/sp8tg.pl\/web\/wp-content\/uploads\/2016\/05\/DSC_0752-1200x2133.jpg 1200w, https:\/\/sp8tg.pl\/web\/wp-content\/uploads\/2016\/05\/DSC_0752.jpg 1440w\" sizes=\"(max-width: 169px) 85vw, 169px\" \/>&nbsp;&nbsp;&nbsp;&nbsp; <img loading=\"lazy\" decoding=\"async\" class=\"alignnone size-medium wp-image-3835\" src=\"http:\/\/gim4.tgory.pl\/web\/wp-content\/uploads\/2016\/05\/DSC_0753-169x300.jpg\" alt=\"dsc_0753\" width=\"169\" height=\"300\" srcset=\"https:\/\/sp8tg.pl\/web\/wp-content\/uploads\/2016\/05\/DSC_0753-169x300.jpg 169w, https:\/\/sp8tg.pl\/web\/wp-content\/uploads\/2016\/05\/DSC_0753-768x1365.jpg 768w, https:\/\/sp8tg.pl\/web\/wp-content\/uploads\/2016\/05\/DSC_0753-576x1024.jpg 576w, https:\/\/sp8tg.pl\/web\/wp-content\/uploads\/2016\/05\/DSC_0753-1200x2133.jpg 1200w, https:\/\/sp8tg.pl\/web\/wp-content\/uploads\/2016\/05\/DSC_0753.jpg 1440w\" sizes=\"(max-width: 169px) 85vw, 169px\" \/><\/p>\n","protected":false},"excerpt":{"rendered":"<p>Muzeum Regionalne znajduje si\u0119 w naszej szkole od wielu lat. Swoj\u0105 siedzib\u0119 ma na parterze segmentu B. Oto kilka fotografii: &nbsp;&nbsp;&nbsp;&nbsp;&nbsp; &nbsp; &nbsp;&nbsp; &nbsp; &nbsp; &nbsp;&nbsp; &nbsp; &nbsp; &nbsp;&nbsp;&nbsp; &nbsp; &nbsp; &nbsp; &nbsp;&nbsp;&nbsp; &nbsp;&nbsp;&nbsp; &nbsp;&nbsp;&nbsp; &nbsp; &nbsp; &nbsp; &nbsp;&nbsp;&nbsp;&nbsp;<\/p>\n","protected":false},"author":1,"featured_media":0,"parent":3620,"menu_order":0,"comment_status":"closed","ping_status":"closed","template":"","meta":{"ngg_post_thumbnail":0,"footnotes":""},"_links":{"self":[{"href":"https:\/\/sp8tg.pl\/web\/wp-json\/wp\/v2\/pages\/3662"}],"collection":[{"href":"https:\/\/sp8tg.pl\/web\/wp-json\/wp\/v2\/pages"}],"about":[{"href":"https:\/\/sp8tg.pl\/web\/wp-json\/wp\/v2\/types\/page"}],"author":[{"embeddable":true,"href":"https:\/\/sp8tg.pl\/web\/wp-json\/wp\/v2\/users\/1"}],"replies":[{"embeddable":true,"href":"https:\/\/sp8tg.pl\/web\/wp-json\/wp\/v2\/comments?post=3662"}],"version-history":[{"count":5,"href":"https:\/\/sp8tg.pl\/web\/wp-json\/wp\/v2\/pages\/3662\/revisions"}],"predecessor-version":[{"id":13966,"href":"https:\/\/sp8tg.pl\/web\/wp-json\/wp\/v2\/pages\/3662\/revisions\/13966"}],"up":[{"embeddable":true,"href":"https:\/\/sp8tg.pl\/web\/wp-json\/wp\/v2\/pages\/3620"}],"wp:attachment":[{"href":"https:\/\/sp8tg.pl\/web\/wp-json\/wp\/v2\/media?parent=3662"}],"curies":[{"name":"wp","href":"https:\/\/api.w.org\/{rel}","templated":true}]}}