{"id":3656,"date":"2016-05-23T13:02:19","date_gmt":"2016-05-23T11:02:19","guid":{"rendered":"http:\/\/gim4.tgory.pl\/web\/?page_id=3656"},"modified":"2025-09-11T08:57:29","modified_gmt":"2025-09-11T06:57:29","slug":"samorzad-uczniowski","status":"publish","type":"page","link":"https:\/\/sp8tg.pl\/web\/dla-uczniow\/samorzad-uczniowski\/","title":{"rendered":"Samorz\u0105d Uczniowski"},"content":{"rendered":"<h6><img loading=\"lazy\" decoding=\"async\" class=\"aligncenter\" src=\"http:\/\/sp8tg.pl\/web\/wp-content\/uploads\/2019\/09\/wybory-do-SU.jpg\" alt=\"Obrazek posiada pusty atrybut alt; plik o nazwie wybory-do-SU.jpg\" width=\"273\" height=\"172\"><\/h6>\n<h3 style=\"text-align: center;\">Wrzesie\u0144, to czas kampanii wyborczej&nbsp; do Samorz\u0105du Uczniowskiego<\/h3>\n<h3 style=\"text-align: center;\">w roku szkolnym 2025\/2026<\/h3>\n<p>&nbsp;<\/p>\n\n\n<h3 class=\"wp-block-heading has-text-align-center\" id=\"spolecznosc-uczniowska-wybrala-nastepujace-osoby\"><strong>Spo\u0142eczno\u015b\u0107 uczniowska w roku szkolnym 2025\/2026 wybra\u0142a nast\u0119puj\u0105ce osoby:<\/strong><\/h3>\n\n\n\n<p><\/p>\n\n\n\n<p><strong>1. Przewodnicz\u0105cy SU: <\/strong><\/p>\n\n\n\n<p><strong>2. 1-wszy Zast\u0119pca: <\/strong><\/p>\n\n\n\n<p><strong>3. Skarbnik SU:  <\/strong><\/p>\n\n\n\n<p><\/p>\n\n\n\n<p><em><strong>\u201eZach\u0119camy uczni\u00f3w do kontaktu z Waszymi Przedstawicielkami w Samorz\u0105dzie<\/strong><\/em><\/p>\n\n\n\n<p><em><strong>(osobi\u015bcie lub poprzez przewodnicz\u0105cych klas) i anga\u017cowania si\u0119 w jego inicjatywy\u201d.<\/strong><\/em><\/p>\n\n\n\n<p><\/p>\n\n\n\n<p><strong>GRATULUJEMY I \u017bYCZYMY GODNEGO REPREZENTOWANIA UCZNI\u00d3W NASZEJ SZKO\u0141Y<\/strong><\/p>\n\n\n\n<p><\/p>\n\n\n\n<p><strong>Opiekunkami Samorz\u0105du Uczniowskiego w roku szkolnym 2025\/2026 s\u0105 Nauczyciele :<\/strong><\/p>\n\n\n\n<p><strong>mgr Martyna Pruszy\u0144ska (klasy 4-8)<\/strong> &#8211; nauczyciel matematyki<\/p>\n\n\n\n<p><strong>mgr Anna Ochman (klasy 1-3) <\/strong>\u2013 nauczyciel edukacji wczesnoszkolnej<\/p>\n","protected":false},"excerpt":{"rendered":"<p>Wrzesie\u0144, to czas kampanii wyborczej&nbsp; do Samorz\u0105du Uczniowskiego w roku szkolnym 2025\/2026 &nbsp; Spo\u0142eczno\u015b\u0107 uczniowska w roku szkolnym 2025\/2026 wybra\u0142a nast\u0119puj\u0105ce osoby: 1. Przewodnicz\u0105cy SU: 2. 1-wszy Zast\u0119pca: 3. Skarbnik SU: \u201eZach\u0119camy uczni\u00f3w do kontaktu z Waszymi Przedstawicielkami w Samorz\u0105dzie (osobi\u015bcie lub poprzez przewodnicz\u0105cych klas) i anga\u017cowania si\u0119 w jego inicjatywy\u201d. GRATULUJEMY I \u017bYCZYMY GODNEGO &hellip; <a href=\"https:\/\/sp8tg.pl\/web\/dla-uczniow\/samorzad-uczniowski\/\" class=\"more-link\">Czytaj dalej<span class=\"screen-reader-text\"> \u201eSamorz\u0105d Uczniowski\u201d<\/span><\/a><\/p>\n","protected":false},"author":1,"featured_media":0,"parent":51,"menu_order":0,"comment_status":"closed","ping_status":"closed","template":"","meta":{"ngg_post_thumbnail":0,"footnotes":""},"_links":{"self":[{"href":"https:\/\/sp8tg.pl\/web\/wp-json\/wp\/v2\/pages\/3656"}],"collection":[{"href":"https:\/\/sp8tg.pl\/web\/wp-json\/wp\/v2\/pages"}],"about":[{"href":"https:\/\/sp8tg.pl\/web\/wp-json\/wp\/v2\/types\/page"}],"author":[{"embeddable":true,"href":"https:\/\/sp8tg.pl\/web\/wp-json\/wp\/v2\/users\/1"}],"replies":[{"embeddable":true,"href":"https:\/\/sp8tg.pl\/web\/wp-json\/wp\/v2\/comments?post=3656"}],"version-history":[{"count":36,"href":"https:\/\/sp8tg.pl\/web\/wp-json\/wp\/v2\/pages\/3656\/revisions"}],"predecessor-version":[{"id":19405,"href":"https:\/\/sp8tg.pl\/web\/wp-json\/wp\/v2\/pages\/3656\/revisions\/19405"}],"up":[{"embeddable":true,"href":"https:\/\/sp8tg.pl\/web\/wp-json\/wp\/v2\/pages\/51"}],"wp:attachment":[{"href":"https:\/\/sp8tg.pl\/web\/wp-json\/wp\/v2\/media?parent=3656"}],"curies":[{"name":"wp","href":"https:\/\/api.w.org\/{rel}","templated":true}]}}