{"id":3652,"date":"2016-05-23T13:01:09","date_gmt":"2016-05-23T11:01:09","guid":{"rendered":"http:\/\/gim4.tgory.pl\/web\/?page_id=3652"},"modified":"2023-12-29T13:32:39","modified_gmt":"2023-12-29T12:32:39","slug":"co-rodzic-wiedziec-powinien","status":"publish","type":"page","link":"https:\/\/sp8tg.pl\/web\/pedagog\/co-rodzic-wiedziec-powinien\/","title":{"rendered":"Co rodzic wiedzie\u0107 powinien?"},"content":{"rendered":"<h1>JAK WYCHOWA\u0106 CHULIGANA?<\/h1>\n<ol>\n<li><strong>Od wczesnych lat nale\u017cy dziecku dawa\u0107 wszystko, czego tylko pragnie.<\/strong><\/li>\n<li><strong>Trzeba \u015bmia\u0107 si\u0119 z jego nieprzyzwoitych i grubia\u0144skich s\u0142\u00f3w. B\u0119dzie si\u0119 uwa\u017ca\u0107 za m\u0105dre i dowcipne.<\/strong><\/li>\n<li><strong>Nie wolno m\u00f3wi\u0107 dziecku, \u017ce \u017ale post\u0119puje. Nigdy! Biedactwo gotowe nabawi\u0107 si\u0119 kompleksu winy. A co b\u0119dzie, gdy p\u00f3\u017aniej zostanie obwiniony o kradzie\u017c samochodu? Ile si\u0119 nacierpi w przekonaniu,\u017ce ca\u0142e spo\u0142ecze\u0144stwo je prze\u015bladuje.<\/strong><\/li>\n<li><strong>Konsekwentnie r\u00f3bcie wszystko za dziecko: gdy porozrzuca dooko\u0142a rzeczy, sami je podnie\u015bcie i po\u0142\u00f3\u017ccie na swoim miejscu. W ten spos\u00f3b nabierze przekonania, \u017ce odpowiedzialno\u015b\u0107 za to, co robi, nie spoczywa na nim, lecz na otoczeniu.<\/strong><\/li>\n<li><strong>Pozw\u00f3lcie dziecku wszystko czyta\u0107, wszystko ogl\u0105da\u0107 w telewizji, internecie, wszystkiego spr\u00f3bowa\u0107. Tylko w taki spos\u00f3b nabierze do\u015bwiadczenia i pozna co jest dla niego dobre, a co z\u0142e.<\/strong><\/li>\n<li><strong>K\u0142\u00f3\u0107cie si\u0119 zawsze w jego obecno\u015bci.<\/strong><\/li>\n<li><strong>Dawajcie mu tyle pieni\u0119dzy, ile zechce. Niech nie musi ich zarabia\u0107. By\u0142oby rzecz\u0105 tragiczn\u0105, gdyby musia\u0142o si\u0119 tak m\u0119czy\u0107, jak wy kiedy\u015b.<\/strong><\/li>\n<li><strong>Zaspakajajcie jego wszystkie \u017cyczenia. Niech od\u017cywia si\u0119 jak najlepiej, u\u017cywa trunk\u00f3w i narkotyk\u00f3w, ma wszystkie wygody. Gdyby odczuwa\u0142 jaki\u015b brak , nie b\u0119dzie sob\u0105 &#8211; stanie si\u0119 cz\u0142owiekiem nerwowym, obdarzonym kompleksami.<\/strong><\/li>\n<li><strong>Stawajcie zawsze w obronie dziecka. Oboj\u0119tnie z kim popadnie w konflikt &#8211; z policj\u0105, z ksi\u0119dzem, nauczycielami czy s\u0105siadami. Nie wolno dopu\u015bci\u0107, by dziecku wyrz\u0105dzono krzywd\u0119, tylko ono mo\u017ce bezkarnie krzywdzi\u0107 innych (poczynaj\u0105c od babci, koleg\u00f3w itp).<\/strong><\/li>\n<\/ol>\n<p><strong>Je\u017celi mimo takiej wolno\u015bci i przywilej\u00f3w, je\u015bli mimo tylu dowod\u00f3w waszej mi\u0142o\u015bci, dziecko wam si\u0119 uda i nie wyro\u015bnie z niego chuligan, to nie potrzebujecie wini\u0107 samych siebie. Zrobili\u015bcie sami, co tylko si\u0119 da\u0142o, by je zepsu\u0107. Po prostu dziecko nie zrozumia\u0142o waszego po\u015bwi\u0119cenia.<\/strong><\/p>\n<p><span style=\"text-decoration: underline;\"><strong><em>NIE MASZ OCZU \u017bEBY PATRZE\u0106, TO B\u0118DZIESZ MIA\u0141A OCZY \u017bEBY P\u0141AKA\u0106.<\/em><\/strong><\/span><\/p>\n<hr>\n<h3 style=\"text-align: center;\">&nbsp;<\/h3>\n<h1 id=\"page-title\" class=\"title\" style=\"text-align: center;\">&nbsp;Rzecznik Praw Dziecka<\/h1>\n<h1 class=\"metadata--title mb+\" style=\"text-align: center;\">Monika Horna-Cie\u015blak obj\u0119\u0142a urz\u0105d RPD.<\/h1>\n<p>&nbsp;<\/p>\n<h1 class=\"metadata--title mb+\" style=\"text-align: center;\">Spo\u0142ecznym zast\u0119pc\u0105 Pani Rzecznik Praw Dziecka, zosta\u0142 siedemnastoletni Jan Gawro\u0144ski, samorzecznik w spektrum autyzmu.&nbsp;<\/h1>\n<p>&nbsp;<\/p>\n<h6>strona g\u0142\u00f3wna&nbsp; &#8211;<a href=\"https:\/\/brpd.gov.pl\/\"> https:\/\/brpd.gov.pl\/<\/a><\/h6>\n\n\n<figure class=\"wp-block-image\"><img loading=\"lazy\" decoding=\"async\" width=\"725\" height=\"1024\" src=\"http:\/\/gim4.tgory.pl\/web\/wp-content\/uploads\/2019\/02\/p6-725x1024.jpg\" alt=\"\" class=\"wp-image-10492\" srcset=\"https:\/\/sp8tg.pl\/web\/wp-content\/uploads\/2019\/02\/p6-725x1024.jpg 725w, https:\/\/sp8tg.pl\/web\/wp-content\/uploads\/2019\/02\/p6-212x300.jpg 212w, https:\/\/sp8tg.pl\/web\/wp-content\/uploads\/2019\/02\/p6-768x1085.jpg 768w, https:\/\/sp8tg.pl\/web\/wp-content\/uploads\/2019\/02\/p6.jpg 1132w\" sizes=\"(max-width: 725px) 85vw, 725px\" \/><\/figure>\n\n\n\n<figure class=\"wp-block-image\"><img loading=\"lazy\" decoding=\"async\" width=\"720\" height=\"1018\" src=\"http:\/\/gim4.tgory.pl\/web\/wp-content\/uploads\/2019\/02\/p4.jpg\" alt=\"\" class=\"wp-image-10495\" srcset=\"https:\/\/sp8tg.pl\/web\/wp-content\/uploads\/2019\/02\/p4.jpg 720w, https:\/\/sp8tg.pl\/web\/wp-content\/uploads\/2019\/02\/p4-212x300.jpg 212w\" sizes=\"(max-width: 720px) 85vw, 720px\" \/><\/figure>\n\n\n\n<figure class=\"wp-block-image\"><img decoding=\"async\" src=\"blob:http:\/\/gim4.tgory.pl\/0024d759-70b2-40aa-94ca-849657c1621c\" alt=\"\"\/><\/figure>\n\n\n\n<figure class=\"wp-block-image\"><img decoding=\"async\" src=\"http:\/\/gim4.tgory.pl\/web\/wp-content\/uploads\/2019\/02\/1-6.jpg\" alt=\"\" class=\"wp-image-10497\"\/><\/figure>\n\n\n<div class=\"wp-block-image\">\n<figure class=\"aligncenter\"><img loading=\"lazy\" decoding=\"async\" width=\"726\" height=\"1024\" src=\"http:\/\/gim4.tgory.pl\/web\/wp-content\/uploads\/2019\/02\/p1-726x1024.jpg\" alt=\"\" class=\"wp-image-10499\" srcset=\"https:\/\/sp8tg.pl\/web\/wp-content\/uploads\/2019\/02\/p1-726x1024.jpg 726w, https:\/\/sp8tg.pl\/web\/wp-content\/uploads\/2019\/02\/p1-213x300.jpg 213w, https:\/\/sp8tg.pl\/web\/wp-content\/uploads\/2019\/02\/p1-768x1084.jpg 768w, https:\/\/sp8tg.pl\/web\/wp-content\/uploads\/2019\/02\/p1-1200x1694.jpg 1200w, https:\/\/sp8tg.pl\/web\/wp-content\/uploads\/2019\/02\/p1.jpg 1451w\" sizes=\"(max-width: 726px) 85vw, 726px\" \/><\/figure><\/div>\n\n\n<figure class=\"wp-block-image\"><img loading=\"lazy\" decoding=\"async\" width=\"771\" height=\"1024\" src=\"http:\/\/gim4.tgory.pl\/web\/wp-content\/uploads\/2019\/04\/p1-771x1024.jpg\" alt=\"\" class=\"wp-image-10773\" srcset=\"https:\/\/sp8tg.pl\/web\/wp-content\/uploads\/2019\/04\/p1-771x1024.jpg 771w, https:\/\/sp8tg.pl\/web\/wp-content\/uploads\/2019\/04\/p1-226x300.jpg 226w, https:\/\/sp8tg.pl\/web\/wp-content\/uploads\/2019\/04\/p1-768x1020.jpg 768w, https:\/\/sp8tg.pl\/web\/wp-content\/uploads\/2019\/04\/p1.jpg 1080w\" sizes=\"(max-width: 771px) 85vw, 771px\" \/><\/figure>\n\n\n\n<div class=\"wp-block-file\"><a id=\"wp-block-file--media-52490e14-61a1-444b-9ec3-857c159da03d\" href=\"http:\/\/sp8tg.pl\/web\/wp-content\/uploads\/2019\/10\/MEN-i-GIS_Informacja-na-temat-zagro\u017ce\u0144-dotycz\u0105cych-e-papieros\u00f3w.pdf\">MEN-i-GIS_Informacja-na-temat-zagro\u017ce\u0144-dotycz\u0105cych-e-papieros\u00f3w<\/a><a href=\"http:\/\/sp8tg.pl\/web\/wp-content\/uploads\/2019\/10\/MEN-i-GIS_Informacja-na-temat-zagro\u017ce\u0144-dotycz\u0105cych-e-papieros\u00f3w.pdf\" class=\"wp-block-file__button wp-element-button\" download aria-describedby=\"wp-block-file--media-52490e14-61a1-444b-9ec3-857c159da03d\">Pobierz<\/a><\/div>\n\n\n<div class=\"wp-block-image\">\n<figure class=\"aligncenter size-full is-resized\"><img loading=\"lazy\" decoding=\"async\" width=\"832\" height=\"960\" src=\"https:\/\/sp8tg.pl\/web\/wp-content\/uploads\/2023\/11\/A.jpg\" alt=\"\" class=\"wp-image-17109\" style=\"width:444px;height:auto\" srcset=\"https:\/\/sp8tg.pl\/web\/wp-content\/uploads\/2023\/11\/A.jpg 832w, https:\/\/sp8tg.pl\/web\/wp-content\/uploads\/2023\/11\/A-260x300.jpg 260w, https:\/\/sp8tg.pl\/web\/wp-content\/uploads\/2023\/11\/A-768x886.jpg 768w\" sizes=\"(max-width: 832px) 85vw, 832px\" \/><\/figure><\/div>\n\n\n<p>&#8212;&#8212;&#8212;&#8212;&#8212;&#8212;&#8212;&#8212;&#8212;&#8212;&#8212;&#8212;&#8212;&#8212;&#8212;&#8212;&#8212;&#8212;&#8212;&#8212;&#8212;&#8212;&#8212;&#8212;-<\/p>\n\n\n<div class=\"wp-block-image\">\n<figure class=\"aligncenter size-full is-resized\"><img loading=\"lazy\" decoding=\"async\" width=\"720\" height=\"720\" src=\"https:\/\/sp8tg.pl\/web\/wp-content\/uploads\/2023\/11\/B.jpg\" alt=\"\" class=\"wp-image-17110\" style=\"width:454px;height:auto\" srcset=\"https:\/\/sp8tg.pl\/web\/wp-content\/uploads\/2023\/11\/B.jpg 720w, https:\/\/sp8tg.pl\/web\/wp-content\/uploads\/2023\/11\/B-300x300.jpg 300w, https:\/\/sp8tg.pl\/web\/wp-content\/uploads\/2023\/11\/B-150x150.jpg 150w\" sizes=\"(max-width: 720px) 85vw, 720px\" \/><\/figure><\/div>\n\n\n<p>&#8212;&#8212;&#8212;&#8212;&#8212;&#8212;&#8212;&#8212;&#8212;&#8212;&#8212;&#8212;&#8212;&#8212;&#8212;&#8212;&#8212;&#8212;&#8212;&#8212;&#8212;&#8212;&#8211;<\/p>\n\n\n<div class=\"wp-block-image\">\n<figure class=\"aligncenter size-full is-resized\"><img loading=\"lazy\" decoding=\"async\" width=\"720\" height=\"720\" src=\"https:\/\/sp8tg.pl\/web\/wp-content\/uploads\/2023\/11\/C.jpg\" alt=\"\" class=\"wp-image-17112\" style=\"width:443px;height:auto\" srcset=\"https:\/\/sp8tg.pl\/web\/wp-content\/uploads\/2023\/11\/C.jpg 720w, https:\/\/sp8tg.pl\/web\/wp-content\/uploads\/2023\/11\/C-300x300.jpg 300w, https:\/\/sp8tg.pl\/web\/wp-content\/uploads\/2023\/11\/C-150x150.jpg 150w\" sizes=\"(max-width: 720px) 85vw, 720px\" \/><\/figure><\/div>\n\n\n<p>&#8212;&#8212;&#8212;&#8212;&#8212;&#8212;&#8212;&#8212;&#8212;&#8212;&#8212;&#8212;&#8212;&#8212;&#8212;&#8212;&#8212;&#8212;&#8212;&#8212;&#8212;&#8211;<\/p>\n\n\n<div class=\"wp-block-image\">\n<figure class=\"aligncenter size-large is-resized\"><img loading=\"lazy\" decoding=\"async\" width=\"724\" height=\"1024\" src=\"https:\/\/sp8tg.pl\/web\/wp-content\/uploads\/2023\/11\/G-724x1024.jpg\" alt=\"\" class=\"wp-image-17114\" style=\"width:342px;height:auto\" srcset=\"https:\/\/sp8tg.pl\/web\/wp-content\/uploads\/2023\/11\/G-724x1024.jpg 724w, https:\/\/sp8tg.pl\/web\/wp-content\/uploads\/2023\/11\/G-212x300.jpg 212w, https:\/\/sp8tg.pl\/web\/wp-content\/uploads\/2023\/11\/G.jpg 750w\" sizes=\"(max-width: 724px) 85vw, 724px\" \/><\/figure><\/div>\n\n<div class=\"wp-block-image\">\n<figure class=\"aligncenter size-large is-resized\"><img loading=\"lazy\" decoding=\"async\" width=\"723\" height=\"1024\" src=\"https:\/\/sp8tg.pl\/web\/wp-content\/uploads\/2023\/11\/H-723x1024.jpg\" alt=\"\" class=\"wp-image-17116\" style=\"width:356px;height:auto\" srcset=\"https:\/\/sp8tg.pl\/web\/wp-content\/uploads\/2023\/11\/H-723x1024.jpg 723w, https:\/\/sp8tg.pl\/web\/wp-content\/uploads\/2023\/11\/H-212x300.jpg 212w, https:\/\/sp8tg.pl\/web\/wp-content\/uploads\/2023\/11\/H.jpg 750w\" sizes=\"(max-width: 723px) 85vw, 723px\" \/><\/figure><\/div>\n\n<div class=\"wp-block-image\">\n<figure class=\"aligncenter size-large is-resized\"><img loading=\"lazy\" decoding=\"async\" width=\"723\" height=\"1024\" src=\"https:\/\/sp8tg.pl\/web\/wp-content\/uploads\/2023\/11\/F-723x1024.jpg\" alt=\"\" class=\"wp-image-17117\" style=\"width:384px;height:auto\" srcset=\"https:\/\/sp8tg.pl\/web\/wp-content\/uploads\/2023\/11\/F-723x1024.jpg 723w, https:\/\/sp8tg.pl\/web\/wp-content\/uploads\/2023\/11\/F-212x300.jpg 212w, https:\/\/sp8tg.pl\/web\/wp-content\/uploads\/2023\/11\/F.jpg 749w\" sizes=\"(max-width: 723px) 85vw, 723px\" \/><\/figure><\/div>\n\n<div class=\"wp-block-image\">\n<figure class=\"aligncenter size-large is-resized\"><img loading=\"lazy\" decoding=\"async\" width=\"722\" height=\"1024\" src=\"https:\/\/sp8tg.pl\/web\/wp-content\/uploads\/2023\/11\/E-722x1024.jpg\" alt=\"\" class=\"wp-image-17113\" style=\"width:418px;height:auto\" srcset=\"https:\/\/sp8tg.pl\/web\/wp-content\/uploads\/2023\/11\/E-722x1024.jpg 722w, https:\/\/sp8tg.pl\/web\/wp-content\/uploads\/2023\/11\/E-212x300.jpg 212w, https:\/\/sp8tg.pl\/web\/wp-content\/uploads\/2023\/11\/E.jpg 749w\" sizes=\"(max-width: 722px) 85vw, 722px\" \/><\/figure><\/div>\n\n\n<p>&#8212;&#8212;&#8212;&#8212;&#8212;&#8212;&#8212;&#8212;&#8212;&#8212;&#8212;&#8212;&#8212;&#8212;&#8212;&#8212;&#8212;&#8212;&#8212;&#8212;&#8212;&#8212;&#8212;-<\/p>\n\n\n<div class=\"wp-block-image\">\n<figure class=\"aligncenter size-full is-resized\"><img loading=\"lazy\" decoding=\"async\" width=\"720\" height=\"604\" src=\"https:\/\/sp8tg.pl\/web\/wp-content\/uploads\/2023\/12\/p1.jpg\" alt=\"\" class=\"wp-image-17212\" style=\"width:394px;height:auto\" srcset=\"https:\/\/sp8tg.pl\/web\/wp-content\/uploads\/2023\/12\/p1.jpg 720w, https:\/\/sp8tg.pl\/web\/wp-content\/uploads\/2023\/12\/p1-300x252.jpg 300w\" sizes=\"(max-width: 720px) 85vw, 720px\" \/><\/figure><\/div>\n\n\n<p><\/p>\n\n\n<div class=\"wp-block-image\">\n<figure class=\"aligncenter size-full is-resized\"><img loading=\"lazy\" decoding=\"async\" width=\"720\" height=\"604\" src=\"https:\/\/sp8tg.pl\/web\/wp-content\/uploads\/2023\/12\/p2.jpg\" alt=\"\" class=\"wp-image-17214\" style=\"width:356px;height:auto\" srcset=\"https:\/\/sp8tg.pl\/web\/wp-content\/uploads\/2023\/12\/p2.jpg 720w, https:\/\/sp8tg.pl\/web\/wp-content\/uploads\/2023\/12\/p2-300x252.jpg 300w\" sizes=\"(max-width: 720px) 85vw, 720px\" \/><\/figure><\/div>\n\n\n<p><\/p>\n\n\n<div class=\"wp-block-image\">\n<figure class=\"aligncenter size-full is-resized\"><img loading=\"lazy\" decoding=\"async\" width=\"720\" height=\"604\" src=\"https:\/\/sp8tg.pl\/web\/wp-content\/uploads\/2023\/12\/p2a.jpg\" alt=\"\" class=\"wp-image-17215\" style=\"width:382px;height:auto\" srcset=\"https:\/\/sp8tg.pl\/web\/wp-content\/uploads\/2023\/12\/p2a.jpg 720w, https:\/\/sp8tg.pl\/web\/wp-content\/uploads\/2023\/12\/p2a-300x252.jpg 300w\" sizes=\"(max-width: 720px) 85vw, 720px\" \/><\/figure><\/div>\n\n\n<p><\/p>\n\n\n<div class=\"wp-block-image\">\n<figure class=\"aligncenter size-full is-resized\"><img loading=\"lazy\" decoding=\"async\" width=\"720\" height=\"604\" src=\"https:\/\/sp8tg.pl\/web\/wp-content\/uploads\/2023\/12\/p3.jpg\" alt=\"\" class=\"wp-image-17216\" style=\"width:412px;height:auto\" srcset=\"https:\/\/sp8tg.pl\/web\/wp-content\/uploads\/2023\/12\/p3.jpg 720w, https:\/\/sp8tg.pl\/web\/wp-content\/uploads\/2023\/12\/p3-300x252.jpg 300w\" sizes=\"(max-width: 720px) 85vw, 720px\" \/><\/figure><\/div>\n\n\n<p><\/p>\n\n\n<div class=\"wp-block-image\">\n<figure class=\"aligncenter size-full is-resized\"><img loading=\"lazy\" decoding=\"async\" width=\"720\" height=\"604\" src=\"https:\/\/sp8tg.pl\/web\/wp-content\/uploads\/2023\/12\/p4.jpg\" alt=\"\" class=\"wp-image-17217\" style=\"width:393px;height:auto\" srcset=\"https:\/\/sp8tg.pl\/web\/wp-content\/uploads\/2023\/12\/p4.jpg 720w, https:\/\/sp8tg.pl\/web\/wp-content\/uploads\/2023\/12\/p4-300x252.jpg 300w\" sizes=\"(max-width: 720px) 85vw, 720px\" \/><\/figure><\/div>\n\n\n<p><\/p>\n\n\n<div class=\"wp-block-image\">\n<figure class=\"aligncenter size-full is-resized\"><img loading=\"lazy\" decoding=\"async\" width=\"720\" height=\"604\" src=\"https:\/\/sp8tg.pl\/web\/wp-content\/uploads\/2023\/12\/p5.jpg\" alt=\"\" class=\"wp-image-17218\" style=\"width:423px;height:auto\" srcset=\"https:\/\/sp8tg.pl\/web\/wp-content\/uploads\/2023\/12\/p5.jpg 720w, https:\/\/sp8tg.pl\/web\/wp-content\/uploads\/2023\/12\/p5-300x252.jpg 300w\" sizes=\"(max-width: 720px) 85vw, 720px\" \/><\/figure><\/div>\n\n\n<p><\/p>\n\n\n<div class=\"wp-block-image\">\n<figure class=\"aligncenter size-full is-resized\"><img loading=\"lazy\" decoding=\"async\" width=\"720\" height=\"604\" src=\"https:\/\/sp8tg.pl\/web\/wp-content\/uploads\/2023\/12\/p6.jpg\" alt=\"\" class=\"wp-image-17219\" style=\"width:383px;height:auto\" srcset=\"https:\/\/sp8tg.pl\/web\/wp-content\/uploads\/2023\/12\/p6.jpg 720w, https:\/\/sp8tg.pl\/web\/wp-content\/uploads\/2023\/12\/p6-300x252.jpg 300w\" sizes=\"(max-width: 720px) 85vw, 720px\" \/><\/figure><\/div>","protected":false},"excerpt":{"rendered":"<p>JAK WYCHOWA\u0106 CHULIGANA? Od wczesnych lat nale\u017cy dziecku dawa\u0107 wszystko, czego tylko pragnie. Trzeba \u015bmia\u0107 si\u0119 z jego nieprzyzwoitych i grubia\u0144skich s\u0142\u00f3w. B\u0119dzie si\u0119 uwa\u017ca\u0107 za m\u0105dre i dowcipne. Nie wolno m\u00f3wi\u0107 dziecku, \u017ce \u017ale post\u0119puje. Nigdy! Biedactwo gotowe nabawi\u0107 si\u0119 kompleksu winy. A co b\u0119dzie, gdy p\u00f3\u017aniej zostanie obwiniony o kradzie\u017c samochodu? Ile si\u0119 &hellip; <a href=\"https:\/\/sp8tg.pl\/web\/pedagog\/co-rodzic-wiedziec-powinien\/\" class=\"more-link\">Czytaj dalej<span class=\"screen-reader-text\"> \u201eCo rodzic wiedzie\u0107 powinien?\u201d<\/span><\/a><\/p>\n","protected":false},"author":1,"featured_media":0,"parent":99,"menu_order":0,"comment_status":"closed","ping_status":"closed","template":"","meta":{"ngg_post_thumbnail":0,"footnotes":""},"_links":{"self":[{"href":"https:\/\/sp8tg.pl\/web\/wp-json\/wp\/v2\/pages\/3652"}],"collection":[{"href":"https:\/\/sp8tg.pl\/web\/wp-json\/wp\/v2\/pages"}],"about":[{"href":"https:\/\/sp8tg.pl\/web\/wp-json\/wp\/v2\/types\/page"}],"author":[{"embeddable":true,"href":"https:\/\/sp8tg.pl\/web\/wp-json\/wp\/v2\/users\/1"}],"replies":[{"embeddable":true,"href":"https:\/\/sp8tg.pl\/web\/wp-json\/wp\/v2\/comments?post=3652"}],"version-history":[{"count":27,"href":"https:\/\/sp8tg.pl\/web\/wp-json\/wp\/v2\/pages\/3652\/revisions"}],"predecessor-version":[{"id":17361,"href":"https:\/\/sp8tg.pl\/web\/wp-json\/wp\/v2\/pages\/3652\/revisions\/17361"}],"up":[{"embeddable":true,"href":"https:\/\/sp8tg.pl\/web\/wp-json\/wp\/v2\/pages\/99"}],"wp:attachment":[{"href":"https:\/\/sp8tg.pl\/web\/wp-json\/wp\/v2\/media?parent=3652"}],"curies":[{"name":"wp","href":"https:\/\/api.w.org\/{rel}","templated":true}]}}