{"id":3650,"date":"2016-05-23T13:00:52","date_gmt":"2016-05-23T11:00:52","guid":{"rendered":"http:\/\/gim4.tgory.pl\/web\/?page_id=3650"},"modified":"2023-12-05T13:21:25","modified_gmt":"2023-12-05T12:21:25","slug":"tu-szukaj-pomocy","status":"publish","type":"page","link":"https:\/\/sp8tg.pl\/web\/pedagog\/tu-szukaj-pomocy\/","title":{"rendered":"Tu szukaj pomocy"},"content":{"rendered":"<h5><span style=\"color: #ff0000;\">112<\/span> -infolinia dla os\u00f3b, kt\u00f3re s\u0105 i czuj\u0105 si\u0119 zagro\u017cone (pomoc&nbsp; policji, pogotowia, stra\u017cy miejskiej),<\/h5>\n<h5><span style=\"color: #ff0000;\">116 000&nbsp; <span style=\"color: #000000;\">&#8211; infolinia dla m\u0142odych os\u00f3b my\u015bl\u0105cych o ucieczce z domu, <\/span><\/span><\/h5>\n<h5><strong><span style=\"color: #ff0000;\">800 100 100<\/span><\/strong> &#8211; pomoc telefoniczna i online dla rodzic\u00f3w i nauczycieli, kt\u00f3rzy potrzebuj\u0105 wsparcia i informacji w zakresie przeciwdzia\u0142ania i pomocy dzieciom prze\u017cywaj\u0105cym k\u0142opoty i trudno\u015bci wynikaj\u0105ce z problem\u00f3w i zachowa\u0144 ryzykownych takich jak: agresja i przemoc w szkole, cyberprzemoc i zagro\u017cenia zwi\u0105zane z nowymi technologiami, wykorzystywanie seksualne, kontakt z substancjami psychoaktywnymi, uzale\u017cnienia, depresja, my\u015bli samob\u00f3jcze, zaburzenia od\u017cywiania,<\/h5>\n<h5><strong><span style=\"color: #ff0000;\">800 12 12 12&nbsp;<span style=\"color: #000000;\">&#8211; dzieci\u0119cy telefon zaufania Rzecznika Praw Dziecka,<\/span><\/span> <\/strong><\/h5>\n<h5><span style=\"color: #ff0000;\">800 12 00 02<\/span> &#8211; pogotowie dla ofiar przemocy w rodzinie<\/h5>\n<h5><strong><span style=\"color: #ff0000;\">801 199 990<\/span><\/strong> &#8211; antynarkotykowy telefon zaufania<\/h5>\n<h2>116 111 &#8211; Telefon zaufania dla Dzieci i M\u0142odzie\u017cy<\/h2>\n<p class=\"intro\">Ka\u017cdy cz\u0142owiek ma swoje prawa. Dzieci s\u0105 bardziej nara\u017cone na doznawanie krzywdy ni\u017c doro\u015bli, dlatego chroni\u0105 je szczeg\u00f3lne prawa. M\u0142ode osoby maj\u0105 tak\u017ce szczeg\u00f3lne potrzeby, kt\u00f3rych realizacj\u0119 r\u00f3wnie\u017c gwarantuje prawo.<\/p>\n<div class=\"main-photo\"><picture><source srcset=\"\/photo\/format\/cdca063a-17d0-4cb8-898e-d0b16c66aab7\/resolution\/700x295 700w,\n\/photo\/format\/cdca063a-17d0-4cb8-898e-d0b16c66aab7\/resolution\/1044x440 1044w,\n\/photo\/format\/cdca063a-17d0-4cb8-898e-d0b16c66aab7\/resolution\/1328x560 1328w\" media=\"(min-width: 0rem) and (max-width: 43.6875rem)\" sizes=\"calc(100vw - 2.2em)\"><source srcset=\"\/photo\/format\/cdca063a-17d0-4cb8-898e-d0b16c66aab7\/resolution\/1408x594\" media=\"(min-width: 43.75rem) and (max-width: 79.9375rem)\"><source srcset=\"\/photo\/format\/cdca063a-17d0-4cb8-898e-d0b16c66aab7\/resolution\/729x308 729w,\n\/photo\/format\/cdca063a-17d0-4cb8-898e-d0b16c66aab7\/resolution\/1460x616 1460w\" media=\"(min-width: 80rem)\" sizes=\"(min-width: 93.75rem) 48.1875rem, (min-width:80rem) 51vw\"> <img decoding=\"async\" src=\"https:\/\/www.gov.pl\/photo\/format\/cdca063a-17d0-4cb8-898e-d0b16c66aab7\/resolution\/1920x810\" alt=\"telefon_zaufania_dzieci_mlodziezy\"> <\/picture><\/div>\n<div class=\"editor-content\">\n<div>\n<p>R\u00f3\u017cne problemy, r\u00f3\u017cne rozwi\u0105zania.<\/p>\n<p><strong>Telefon 116 111<\/strong> <strong>prowadzony przez Fundacj\u0119 Dajemy Dzieciom Si\u0142\u0119 jest czynny ca\u0142\u0105 dob\u0119 przez 7 dni w tygodniu, tak\u017ce w dni ustawowo wolne od pracy.<\/strong><\/p>\n<p>Wszelkie aktualne informacje znajduj\u0105 si\u0119 te\u017c na stronach: <a id=\"LPlnk562555\" href=\"http:\/\/www.116111.pl\">www.116111.pl<\/a>&nbsp;oraz <a id=\"LPlnk\" href=\"http:\/\/www.fdds.pl\">www.fdds.pl<\/a>&nbsp;.<\/p>\n<p><strong>Zasady ABCD funkcjonowania Telefonu 116 111:<\/strong><\/p>\n<p><strong>Anonimowo<\/strong> &#8211; dzwoni\u0105c,&nbsp;nie musisz podawa\u0107 swojego imienia, nazwiska ani adresu zamieszkania.<br \/><strong>Bezp\u0142atnie<\/strong> &#8211; po\u0142\u0105czenie&nbsp;jest bezp\u0142atne zar\u00f3wno z telefon\u00f3w kom\u00f3rkowych, jak i stacjonarnych.<br \/><strong>Ch\u0119tnie<\/strong> &#8211; konsultanci 116 111 gotowi s\u0105 rozmawia\u0107 o ka\u017cdej wa\u017cnej&nbsp;sprawie. Je\u015bli b\u0119dzie to potrzebne, mog\u0105 um\u00f3wi\u0107 si\u0119 na kolejn\u0105 rozmow\u0119.<br \/><strong>Dyskretnie<\/strong> &#8211; wszystko, o czym&nbsp; powiesz lub napiszesz, zostanie mi\u0119dzy Tob\u0105 a konsultantami 116 111. Je\u015bli poprosisz o pomoc w rozwi\u0105zaniu Twoich problem\u00f3w lub zgodzisz si\u0119 na to, \u017ceby Ci pom\u00f3c \u2013 konsultanci 116 111 zajm\u0105&nbsp;si\u0119 tym.<\/p>\n<p><strong>Kim s\u0105 Konsultanci Telefonu 116 111?<\/strong><\/p>\n<p>Grupa&nbsp;pedagog\u00f3w i psycholog\u00f3w dy\u017curuj\u0105cych przy Telefonie Zaufania dla Dzieci i M\u0142odzie\u017cy 116 111. Ka\u017cdy ma do\u015bwiadczenie w pracy z osobami w trudnych sytuacjach \u017cyciowych i potrzebuj\u0105cymi pomocy. Potrafi\u0105 s\u0142ucha\u0107 i rozumiej\u0105&nbsp;m\u0142odych ludzi.<\/p>\n<p>Pomagaj\u0105&nbsp;dzieciom i m\u0142odzie\u017cy&nbsp;rozmawiaj\u0105c o sprawach dla nich wa\u017cnych i trudnych. Nie daj\u0105&nbsp;gotowych rad i rozwi\u0105za\u0144. Razem z rozm\u00f3wcami zastanawiaj\u0105&nbsp;si\u0119, co mog\u0105 zrobi\u0107, by przezwyci\u0119\u017cy\u0107 k\u0142opoty i problemy.&nbsp;<\/p>\n<p><strong>Na jaki temat mo\u017cna porozmawia\u0107 lub napisa\u0107?<\/strong><\/p>\n<ul>\n<li>skontaktuj&nbsp;si\u0119 w chwili, gdy potrzebujesz wsparcia i rozmowy o tym,&nbsp;co jest dla Ciebie wa\u017cne lub sprawia Ci k\u0142opot,<\/li>\n<li>mo\u017cesz&nbsp;porozmawia\u0107 o przyja\u017ani, mi\u0142o\u015bci, kontaktach z rodzicami, czy problemach&nbsp;w szkole,<\/li>\n<li>czujesz z\u0142o\u015b\u0107, smutek, zniech\u0119cenie, \u017cal &#8211;&nbsp;podziel si\u0119 tym, co w\u0142a\u015bnie prze\u017cywasz,<\/li>\n<li>dojrzewasz i masz zwi\u0105zane z tym pytania,<\/li>\n<li>do\u015bwiadczasz przemocy lub jeste\u015b w niebezpiecznej sytuacji,<\/li>\n<li>jest jaki\u015b inny problem, kt\u00f3rym chcesz si\u0119 podzieli\u0107.<\/li>\n<\/ul>\n<p><strong>Konsultanci 116 111 czekaj\u0105&nbsp;na Tw\u00f3j telefon!<\/strong><\/p>\n<p><strong>Nie b\u0119d\u0105 Ci\u0119 ocenia\u0107 ani poucza\u0107. Wys\u0142uchaj\u0105 Twojego problemu i razem z Tob\u0105 zastanowi\u0105 si\u0119 nad najlepszym jego rozwi\u0105zaniem!<\/strong><\/p>\n<\/div>\n<\/div>\n<div data-canvas-width=\"166.35999999999999\">&nbsp;<\/div>\n<div data-canvas-width=\"166.35999999999999\">\n<hr><\/div>\n<h3 style=\"padding-left: 30px; text-align: center;\" data-canvas-width=\"166.35999999999999\"><strong>PRZYDATNE:&nbsp;&nbsp;&nbsp;&nbsp;&nbsp;&nbsp;&nbsp;&nbsp;&nbsp;&nbsp;&nbsp;&nbsp;&nbsp;&nbsp;&nbsp;&nbsp;&nbsp;&nbsp; <\/strong><\/h3>\n\n<div class=\"wp-block-image\">\n<figure class=\"aligncenter size-large is-resized\"><img loading=\"lazy\" decoding=\"async\" width=\"724\" height=\"1024\" src=\"https:\/\/sp8tg.pl\/web\/wp-content\/uploads\/2023\/11\/ramkapomocowa-1-724x1024.png\" alt=\"\" class=\"wp-image-17101\" style=\"width:483px;height:auto\" srcset=\"https:\/\/sp8tg.pl\/web\/wp-content\/uploads\/2023\/11\/ramkapomocowa-1-724x1024.png 724w, https:\/\/sp8tg.pl\/web\/wp-content\/uploads\/2023\/11\/ramkapomocowa-1-212x300.png 212w, https:\/\/sp8tg.pl\/web\/wp-content\/uploads\/2023\/11\/ramkapomocowa-1-768x1086.png 768w, https:\/\/sp8tg.pl\/web\/wp-content\/uploads\/2023\/11\/ramkapomocowa-1-1086x1536.png 1086w, https:\/\/sp8tg.pl\/web\/wp-content\/uploads\/2023\/11\/ramkapomocowa-1-1448x2048.png 1448w, https:\/\/sp8tg.pl\/web\/wp-content\/uploads\/2023\/11\/ramkapomocowa-1-1200x1698.png 1200w, https:\/\/sp8tg.pl\/web\/wp-content\/uploads\/2023\/11\/ramkapomocowa-1.png 1587w\" sizes=\"(max-width: 724px) 85vw, 724px\" \/><\/figure><\/div>\n\n\n<p><\/p>\n\n\n<div class=\"wp-block-image\">\n<figure class=\"aligncenter size-large is-resized\"><img loading=\"lazy\" decoding=\"async\" width=\"1024\" height=\"448\" src=\"https:\/\/sp8tg.pl\/web\/wp-content\/uploads\/2023\/12\/tel.zauf_-1024x448.jpg\" alt=\"\" class=\"wp-image-17196\" style=\"width:644px;height:auto\" srcset=\"https:\/\/sp8tg.pl\/web\/wp-content\/uploads\/2023\/12\/tel.zauf_-1024x448.jpg 1024w, https:\/\/sp8tg.pl\/web\/wp-content\/uploads\/2023\/12\/tel.zauf_-300x131.jpg 300w, https:\/\/sp8tg.pl\/web\/wp-content\/uploads\/2023\/12\/tel.zauf_-768x336.jpg 768w, https:\/\/sp8tg.pl\/web\/wp-content\/uploads\/2023\/12\/tel.zauf_-1536x673.jpg 1536w, https:\/\/sp8tg.pl\/web\/wp-content\/uploads\/2023\/12\/tel.zauf_-2048x897.jpg 2048w, https:\/\/sp8tg.pl\/web\/wp-content\/uploads\/2023\/12\/tel.zauf_-1200x526.jpg 1200w\" sizes=\"(max-width: 709px) 85vw, (max-width: 909px) 67vw, (max-width: 1362px) 62vw, 840px\" \/><\/figure><\/div>","protected":false},"excerpt":{"rendered":"<p>112 -infolinia dla os\u00f3b, kt\u00f3re s\u0105 i czuj\u0105 si\u0119 zagro\u017cone (pomoc&nbsp; policji, pogotowia, stra\u017cy miejskiej), 116 000&nbsp; &#8211; infolinia dla m\u0142odych os\u00f3b my\u015bl\u0105cych o ucieczce z domu, 800 100 100 &#8211; pomoc telefoniczna i online dla rodzic\u00f3w i nauczycieli, kt\u00f3rzy potrzebuj\u0105 wsparcia i informacji w zakresie przeciwdzia\u0142ania i pomocy dzieciom prze\u017cywaj\u0105cym k\u0142opoty i trudno\u015bci wynikaj\u0105ce &hellip; <a href=\"https:\/\/sp8tg.pl\/web\/pedagog\/tu-szukaj-pomocy\/\" class=\"more-link\">Czytaj dalej<span class=\"screen-reader-text\"> \u201eTu szukaj pomocy\u201d<\/span><\/a><\/p>\n","protected":false},"author":1,"featured_media":0,"parent":99,"menu_order":0,"comment_status":"closed","ping_status":"closed","template":"","meta":{"ngg_post_thumbnail":0,"footnotes":""},"_links":{"self":[{"href":"https:\/\/sp8tg.pl\/web\/wp-json\/wp\/v2\/pages\/3650"}],"collection":[{"href":"https:\/\/sp8tg.pl\/web\/wp-json\/wp\/v2\/pages"}],"about":[{"href":"https:\/\/sp8tg.pl\/web\/wp-json\/wp\/v2\/types\/page"}],"author":[{"embeddable":true,"href":"https:\/\/sp8tg.pl\/web\/wp-json\/wp\/v2\/users\/1"}],"replies":[{"embeddable":true,"href":"https:\/\/sp8tg.pl\/web\/wp-json\/wp\/v2\/comments?post=3650"}],"version-history":[{"count":23,"href":"https:\/\/sp8tg.pl\/web\/wp-json\/wp\/v2\/pages\/3650\/revisions"}],"predecessor-version":[{"id":17198,"href":"https:\/\/sp8tg.pl\/web\/wp-json\/wp\/v2\/pages\/3650\/revisions\/17198"}],"up":[{"embeddable":true,"href":"https:\/\/sp8tg.pl\/web\/wp-json\/wp\/v2\/pages\/99"}],"wp:attachment":[{"href":"https:\/\/sp8tg.pl\/web\/wp-json\/wp\/v2\/media?parent=3650"}],"curies":[{"name":"wp","href":"https:\/\/api.w.org\/{rel}","templated":true}]}}