{"id":3648,"date":"2016-05-23T13:00:40","date_gmt":"2016-05-23T11:00:40","guid":{"rendered":"http:\/\/gim4.tgory.pl\/web\/?page_id=3648"},"modified":"2025-03-13T11:37:40","modified_gmt":"2025-03-13T10:37:40","slug":"biblioteka","status":"publish","type":"page","link":"https:\/\/sp8tg.pl\/web\/nasze-gimnazjum\/biblioteka\/","title":{"rendered":"Biblioteka"},"content":{"rendered":"\n<p class=\"has-text-align-center\"><strong>AKTUALIZACJA DOKUMENT\u00d3W W PRZYGOTOWANIU \ud83d\ude42<\/strong><\/p>\n\n\n<h3>&nbsp;<\/h3>\n<h3>&nbsp;&nbsp;&nbsp;&nbsp;&nbsp;&nbsp;&nbsp;&nbsp;&nbsp;&nbsp;&nbsp;&nbsp;&nbsp;&nbsp;&nbsp;&nbsp;&nbsp;&nbsp;&nbsp; Biblioteka szkolna<\/h3>\n<p>&nbsp; <img loading=\"lazy\" decoding=\"async\" class=\"alignnone size-medium wp-image-8743\" src=\"http:\/\/gim4.tgory.pl\/web\/wp-content\/uploads\/2018\/06\/b2-e1530266806411-225x300.jpg\" alt=\"\" width=\"225\" height=\"300\" srcset=\"https:\/\/sp8tg.pl\/web\/wp-content\/uploads\/2018\/06\/b2-e1530266806411-225x300.jpg 225w, https:\/\/sp8tg.pl\/web\/wp-content\/uploads\/2018\/06\/b2-e1530266806411-768x1024.jpg 768w, https:\/\/sp8tg.pl\/web\/wp-content\/uploads\/2018\/06\/b2-e1530266806411-1200x1600.jpg 1200w\" sizes=\"(max-width: 225px) 85vw, 225px\" \/>&nbsp; <img loading=\"lazy\" decoding=\"async\" class=\"alignnone size-medium wp-image-8744\" src=\"http:\/\/gim4.tgory.pl\/web\/wp-content\/uploads\/2018\/06\/b3-e1530266828688-225x300.jpg\" alt=\"\" width=\"225\" height=\"300\" srcset=\"https:\/\/sp8tg.pl\/web\/wp-content\/uploads\/2018\/06\/b3-e1530266828688-225x300.jpg 225w, https:\/\/sp8tg.pl\/web\/wp-content\/uploads\/2018\/06\/b3-e1530266828688-768x1024.jpg 768w, https:\/\/sp8tg.pl\/web\/wp-content\/uploads\/2018\/06\/b3-e1530266828688-1200x1600.jpg 1200w\" sizes=\"(max-width: 225px) 85vw, 225px\" \/><\/p>\n<h6><strong>Szkolnym bibliotekarzem jest <\/strong>mgr Ewa Szymczak<\/h6>\n<p><em><strong><span style=\"text-decoration: underline;\">Wypo\u017cyczalnia<\/span><\/strong><\/em><\/p>\n<ul>\n<li><strong>poniedzia\u0142ek &nbsp; &nbsp; 7.45 &#8211; 13.45<\/strong><strong><br><\/strong><\/li>\n<li><strong>wtorek&nbsp;&nbsp;&nbsp;&nbsp;&nbsp;&nbsp;&nbsp;&nbsp;&nbsp;&nbsp;&nbsp;&nbsp;&nbsp;&nbsp; 7.45 &#8211; 13.45<\/strong><\/li>\n<li><strong>\u015broda&nbsp;&nbsp;&nbsp;&nbsp;&nbsp;&nbsp;&nbsp;&nbsp;&nbsp;&nbsp;&nbsp;&nbsp;&nbsp;&nbsp;<\/strong> &nbsp; <strong>7.45 &#8211; 13.45<\/strong><\/li>\n<li><strong>czwartek &nbsp; &nbsp; &nbsp;&nbsp;&nbsp;&nbsp;<\/strong>&nbsp; <strong>7:45 &#8211; 13.45<\/strong><\/li>\n<li><strong>pi\u0105tek&nbsp;&nbsp;&nbsp;&nbsp;&nbsp;&nbsp;&nbsp;&nbsp;&nbsp;&nbsp;&nbsp;&nbsp;&nbsp;&nbsp;&nbsp; 7.45 &#8211; 13.45<\/strong><\/li>\n<\/ul>\n<h3 class=\"entry-title\">Dokumenty:<\/h3>\n<ul>\n<li><a href=\"http:\/\/sp8tg.pl\/web\/wp-content\/uploads\/2016\/05\/Lista-lektur-w-Szkole-Podstawowej-nr-8-2017.pdf\">Lista lektur w Szkole Podstawowej nr 8 <\/a><\/li>\n<\/ul>\n\n\n<div class=\"wp-block-file\"><a id=\"wp-block-file--media-996cb275-0109-469c-8f17-d59c29c41666\" href=\"http:\/\/sp8tg.pl\/web\/wp-content\/uploads\/2019\/09\/Regulamin-korzystania-przez-uczni\u00f3w-z-podr\u0119cznik\u00f3w-dotacyjnych..pdf\">Regulamin-korzystania-przez-uczni\u00f3w-z-podr\u0119cznik\u00f3w-dotacyjnych.<\/a><a href=\"http:\/\/sp8tg.pl\/web\/wp-content\/uploads\/2019\/09\/Regulamin-korzystania-przez-uczni\u00f3w-z-podr\u0119cznik\u00f3w-dotacyjnych..pdf\" class=\"wp-block-file__button wp-element-button\" download aria-describedby=\"wp-block-file--media-996cb275-0109-469c-8f17-d59c29c41666\">Pobierz<\/a><\/div>\n\n\n\n<p><\/p>\n\n\n\n<p class=\"has-text-align-center\"><strong>Zapraszamy do<\/strong> <strong>naszej, szkolnej czytelni \ud83d\ude42<\/strong><\/p>\n\n\n<div class=\"wp-block-image\">\n<figure class=\"aligncenter size-large is-resized\"><img loading=\"lazy\" decoding=\"async\" width=\"1024\" height=\"687\" src=\"https:\/\/sp8tg.pl\/web\/wp-content\/uploads\/2023\/11\/b1-1024x687.jpg\" alt=\"\" class=\"wp-image-17089\" style=\"width:523px;height:auto\" srcset=\"https:\/\/sp8tg.pl\/web\/wp-content\/uploads\/2023\/11\/b1-1024x687.jpg 1024w, https:\/\/sp8tg.pl\/web\/wp-content\/uploads\/2023\/11\/b1-300x201.jpg 300w, https:\/\/sp8tg.pl\/web\/wp-content\/uploads\/2023\/11\/b1-768x515.jpg 768w, https:\/\/sp8tg.pl\/web\/wp-content\/uploads\/2023\/11\/b1-1536x1030.jpg 1536w, https:\/\/sp8tg.pl\/web\/wp-content\/uploads\/2023\/11\/b1-2048x1373.jpg 2048w, https:\/\/sp8tg.pl\/web\/wp-content\/uploads\/2023\/11\/b1-1200x805.jpg 1200w\" sizes=\"(max-width: 709px) 85vw, (max-width: 909px) 67vw, (max-width: 1362px) 62vw, 840px\" \/><\/figure><\/div>\n\n\n<p><\/p>\n\n\n<div class=\"wp-block-image\">\n<figure class=\"aligncenter size-full is-resized\"><img loading=\"lazy\" decoding=\"async\" width=\"1024\" height=\"808\" src=\"https:\/\/sp8tg.pl\/web\/wp-content\/uploads\/2023\/11\/b2-1024x808-1.jpg\" alt=\"\" class=\"wp-image-17095\" style=\"width:519px;height:auto\" srcset=\"https:\/\/sp8tg.pl\/web\/wp-content\/uploads\/2023\/11\/b2-1024x808-1.jpg 1024w, https:\/\/sp8tg.pl\/web\/wp-content\/uploads\/2023\/11\/b2-1024x808-1-300x237.jpg 300w, https:\/\/sp8tg.pl\/web\/wp-content\/uploads\/2023\/11\/b2-1024x808-1-768x606.jpg 768w\" sizes=\"(max-width: 709px) 85vw, (max-width: 909px) 67vw, (max-width: 1362px) 62vw, 840px\" \/><\/figure><\/div>\n\n\n<p><\/p>\n\n\n<div class=\"wp-block-image\">\n<figure class=\"aligncenter size-large is-resized\"><img loading=\"lazy\" decoding=\"async\" width=\"1024\" height=\"946\" src=\"https:\/\/sp8tg.pl\/web\/wp-content\/uploads\/2023\/11\/b3-1024x946.jpg\" alt=\"\" class=\"wp-image-17090\" style=\"width:524px;height:auto\" srcset=\"https:\/\/sp8tg.pl\/web\/wp-content\/uploads\/2023\/11\/b3-1024x946.jpg 1024w, https:\/\/sp8tg.pl\/web\/wp-content\/uploads\/2023\/11\/b3-300x277.jpg 300w, https:\/\/sp8tg.pl\/web\/wp-content\/uploads\/2023\/11\/b3-768x710.jpg 768w, https:\/\/sp8tg.pl\/web\/wp-content\/uploads\/2023\/11\/b3-1536x1419.jpg 1536w, https:\/\/sp8tg.pl\/web\/wp-content\/uploads\/2023\/11\/b3-2048x1892.jpg 2048w, https:\/\/sp8tg.pl\/web\/wp-content\/uploads\/2023\/11\/b3-1200x1109.jpg 1200w\" sizes=\"(max-width: 709px) 85vw, (max-width: 909px) 67vw, (max-width: 1362px) 62vw, 840px\" \/><\/figure><\/div>\n\n\n<p><\/p>\n\n\n<div class=\"wp-block-image\">\n<figure class=\"aligncenter size-large is-resized\"><img loading=\"lazy\" decoding=\"async\" width=\"768\" height=\"1024\" src=\"https:\/\/sp8tg.pl\/web\/wp-content\/uploads\/2024\/08\/1-768x1024.jpg\" alt=\"\" class=\"wp-image-17933\" style=\"width:413px;height:auto\" srcset=\"https:\/\/sp8tg.pl\/web\/wp-content\/uploads\/2024\/08\/1-768x1024.jpg 768w, https:\/\/sp8tg.pl\/web\/wp-content\/uploads\/2024\/08\/1-225x300.jpg 225w, https:\/\/sp8tg.pl\/web\/wp-content\/uploads\/2024\/08\/1-1152x1536.jpg 1152w, https:\/\/sp8tg.pl\/web\/wp-content\/uploads\/2024\/08\/1-1536x2048.jpg 1536w, https:\/\/sp8tg.pl\/web\/wp-content\/uploads\/2024\/08\/1-1200x1600.jpg 1200w, https:\/\/sp8tg.pl\/web\/wp-content\/uploads\/2024\/08\/1-scaled.jpg 1920w\" sizes=\"(max-width: 768px) 85vw, 768px\" \/><\/figure><\/div>\n\n\n<p><\/p>\n\n\n<div class=\"wp-block-image\">\n<figure class=\"aligncenter size-large is-resized\"><img loading=\"lazy\" decoding=\"async\" width=\"768\" height=\"1024\" src=\"https:\/\/sp8tg.pl\/web\/wp-content\/uploads\/2024\/08\/2-768x1024.jpg\" alt=\"\" class=\"wp-image-17934\" style=\"width:421px;height:auto\" srcset=\"https:\/\/sp8tg.pl\/web\/wp-content\/uploads\/2024\/08\/2-768x1024.jpg 768w, https:\/\/sp8tg.pl\/web\/wp-content\/uploads\/2024\/08\/2-225x300.jpg 225w, https:\/\/sp8tg.pl\/web\/wp-content\/uploads\/2024\/08\/2-1152x1536.jpg 1152w, https:\/\/sp8tg.pl\/web\/wp-content\/uploads\/2024\/08\/2-1536x2048.jpg 1536w, https:\/\/sp8tg.pl\/web\/wp-content\/uploads\/2024\/08\/2-1200x1600.jpg 1200w, https:\/\/sp8tg.pl\/web\/wp-content\/uploads\/2024\/08\/2-scaled.jpg 1920w\" sizes=\"(max-width: 768px) 85vw, 768px\" \/><\/figure><\/div>\n\n\n<hr class=\"wp-block-separator has-alpha-channel-opacity\"\/>\n\n\n\n<p class=\"has-text-align-center\"><strong>MOLE KSI\u0104\u017bKOWE \ud83d\ude42<\/strong><\/p>\n\n\n\n<p><strong>Zach\u0119camy do lektury i obejrzenia kr\u00f3tkich filmik\u00f3w:<\/strong><\/p>\n\n\n\n<p><a href=\"https:\/\/nprcz.pl\/mole-ksiazkowe-2\/\">https:\/\/nprcz.pl\/mole-ksiazkowe-2\/<\/a><\/p>\n","protected":false},"excerpt":{"rendered":"<p>AKTUALIZACJA DOKUMENT\u00d3W W PRZYGOTOWANIU \ud83d\ude42 &nbsp; &nbsp;&nbsp;&nbsp;&nbsp;&nbsp;&nbsp;&nbsp;&nbsp;&nbsp;&nbsp;&nbsp;&nbsp;&nbsp;&nbsp;&nbsp;&nbsp;&nbsp;&nbsp;&nbsp; Biblioteka szkolna &nbsp; &nbsp; Szkolnym bibliotekarzem jest mgr Ewa Szymczak Wypo\u017cyczalnia poniedzia\u0142ek &nbsp; &nbsp; 7.45 &#8211; 13.45 wtorek&nbsp;&nbsp;&nbsp;&nbsp;&nbsp;&nbsp;&nbsp;&nbsp;&nbsp;&nbsp;&nbsp;&nbsp;&nbsp;&nbsp; 7.45 &#8211; 13.45 \u015broda&nbsp;&nbsp;&nbsp;&nbsp;&nbsp;&nbsp;&nbsp;&nbsp;&nbsp;&nbsp;&nbsp;&nbsp;&nbsp;&nbsp; &nbsp; 7.45 &#8211; 13.45 czwartek &nbsp; &nbsp; &nbsp;&nbsp;&nbsp;&nbsp;&nbsp; 7:45 &#8211; 13.45 pi\u0105tek&nbsp;&nbsp;&nbsp;&nbsp;&nbsp;&nbsp;&nbsp;&nbsp;&nbsp;&nbsp;&nbsp;&nbsp;&nbsp;&nbsp;&nbsp; 7.45 &#8211; 13.45 Dokumenty: Lista lektur w Szkole Podstawowej nr 8 Zapraszamy do naszej, &hellip; <a href=\"https:\/\/sp8tg.pl\/web\/nasze-gimnazjum\/biblioteka\/\" class=\"more-link\">Czytaj dalej<span class=\"screen-reader-text\"> \u201eBiblioteka\u201d<\/span><\/a><\/p>\n","protected":false},"author":1,"featured_media":0,"parent":3620,"menu_order":0,"comment_status":"closed","ping_status":"closed","template":"","meta":{"ngg_post_thumbnail":0,"footnotes":""},"_links":{"self":[{"href":"https:\/\/sp8tg.pl\/web\/wp-json\/wp\/v2\/pages\/3648"}],"collection":[{"href":"https:\/\/sp8tg.pl\/web\/wp-json\/wp\/v2\/pages"}],"about":[{"href":"https:\/\/sp8tg.pl\/web\/wp-json\/wp\/v2\/types\/page"}],"author":[{"embeddable":true,"href":"https:\/\/sp8tg.pl\/web\/wp-json\/wp\/v2\/users\/1"}],"replies":[{"embeddable":true,"href":"https:\/\/sp8tg.pl\/web\/wp-json\/wp\/v2\/comments?post=3648"}],"version-history":[{"count":32,"href":"https:\/\/sp8tg.pl\/web\/wp-json\/wp\/v2\/pages\/3648\/revisions"}],"predecessor-version":[{"id":18695,"href":"https:\/\/sp8tg.pl\/web\/wp-json\/wp\/v2\/pages\/3648\/revisions\/18695"}],"up":[{"embeddable":true,"href":"https:\/\/sp8tg.pl\/web\/wp-json\/wp\/v2\/pages\/3620"}],"wp:attachment":[{"href":"https:\/\/sp8tg.pl\/web\/wp-json\/wp\/v2\/media?parent=3648"}],"curies":[{"name":"wp","href":"https:\/\/api.w.org\/{rel}","templated":true}]}}