{"id":3642,"date":"2016-05-23T13:00:01","date_gmt":"2016-05-23T11:00:01","guid":{"rendered":"http:\/\/gim4.tgory.pl\/web\/?page_id=3642"},"modified":"2023-09-21T09:41:24","modified_gmt":"2023-09-21T07:41:24","slug":"bezpieczenstwo","status":"publish","type":"page","link":"https:\/\/sp8tg.pl\/web\/dla-rodzicow\/bezpieczenstwo\/","title":{"rendered":"Bezpiecze\u0144stwo"},"content":{"rendered":"<h3 style=\"text-align: center;\">Zasady obowi\u0105zuj\u0105ce w szkole zapewniaj\u0105ce <span style=\"color: #000000;\">bezpiecze\u0144stwo:<\/span><\/h3>\n<h6><span style=\"color: #0000ff;\">&nbsp; <strong>\u2022 nieobecno\u015bci dzieci usprawiedliwia si\u0119 przez e-dziennik<\/strong><\/span><\/h6>\n<ul>\n<li>\n<h6>istnieje r\u00f3wnie\u017c wz\u00f3r usprawiedliwienia nieobecno\u015bci&nbsp; (do pobrania w DOKUMENTACH):<\/h6>\n<\/li>\n<li>\n<h6><a href=\"http:\/\/sp8tg.pl\/web\/wp-content\/uploads\/2016\/02\/Usprawiedliwienie-z-lekcji.pdf\">usprawiedliwienie-z-lekcji&nbsp;&nbsp; <\/a><\/h6>\n<\/li>\n<li>\n<h6>w przypadku z\u0142ego samopoczucia ucznia, zostaje on odbierany ze szko\u0142y przez rodzic\u00f3w\/prawnych opiekun\u00f3w,<\/h6>\n<\/li>\n<li>\n<h6>funkcjonuje sta\u0142y monitoring wizyjny (kilkana\u015bcie kamer),<\/h6>\n<\/li>\n<li>\n<h6>wszelkie przejawy niebezpiecznych zachowa\u0144 powinny by\u0107 zg\u0142aszane pracownikom szko\u0142y,<\/h6>\n<\/li>\n<li>\n<h6>prowadzona jest rejestracja os\u00f3b wchodz\u0105cych i wychodz\u0105cych ze szko\u0142y w <span style=\"text-decoration: underline;\">Ksi\u0119dze wej\u015b\u0107 i wyj\u015b\u0107 do budynku szko\u0142y<\/span>,<\/h6>\n<\/li>\n<li>\n<h6>dy\u017cury nauczycieli podczas przerw,<\/h6>\n<\/li>\n<li>\n<h6>zamykane na klucz szafek dla uczni\u00f3w.<\/h6>\n<\/li>\n<li>\n<h6>przed wej\u015bciem na lekcje, uczniowie s\u0105 zobowi\u0105zani do wyciszenia telefon\u00f3w kom\u00f3rkowych &#8211; w razie konieczno\u015bci, nauczyciel ma prawo zebra\u0107 telefony na czas prowadzenia zaj\u0119\u0107 i odda\u0107 je uczniom po ich zako\u0144czeniu,<\/h6>\n<\/li>\n<li>\n<h6><span style=\"color: #ff0000;\">UWAGA! &#8211; za sprz\u0119t elektroniczny, kosztowne przedmioty i rzeczy przyniesione do szko\u0142y odpowiada ucze\u0144<\/span><\/h6>\n<\/li>\n<li>\n<h6><span style=\"color: #ff0000;\">za celowe zniszczenie sprz\u0119tu szkolnego odpowiada ucze\u0144 &#8211; rodzice\/prawni<\/span> <span style=\"color: #ff0000;\">opiekunowie<\/span> po wyja\u015bnieniu okoliczno\u015bci zdarzenia, zobowi\u0105zani s\u0105 do zwrotu&nbsp; koszt\u00f3w wyrz\u0105dzonej szkody,<\/h6>\n<\/li>\n<li>\n<h6>uczniowie korzystaj\u0105 z obiekt\u00f3w sportowych w ramach zaj\u0119\u0107 wychowania fizycznego i zaj\u0119\u0107 pozalekcyjnych, w godzinach popo\u0142udniowych nale\u017cy im zapewni\u0107 opiek\u0119 osoby pe\u0142noletniej,<\/h6>\n<\/li>\n<li>\n<h6>dla wszystkich os\u00f3b chc\u0105cych skorzysta\u0107 z zaplecza sportowego szko\u0142y, obiekty s\u0105 udost\u0119pnione w godzinach popo\u0142udniowych do godziny 20.00,<\/h6>\n<\/li>\n<li>\n<h6>przebywanie na terenie szko\u0142y po godzinie 20.00 jest zabronione.<\/h6>\n<\/li>\n<\/ul>\n","protected":false},"excerpt":{"rendered":"<p>Zasady obowi\u0105zuj\u0105ce w szkole zapewniaj\u0105ce bezpiecze\u0144stwo: &nbsp; \u2022 nieobecno\u015bci dzieci usprawiedliwia si\u0119 przez e-dziennik istnieje r\u00f3wnie\u017c wz\u00f3r usprawiedliwienia nieobecno\u015bci&nbsp; (do pobrania w DOKUMENTACH): usprawiedliwienie-z-lekcji&nbsp;&nbsp; w przypadku z\u0142ego samopoczucia ucznia, zostaje on odbierany ze szko\u0142y przez rodzic\u00f3w\/prawnych opiekun\u00f3w, funkcjonuje sta\u0142y monitoring wizyjny (kilkana\u015bcie kamer), wszelkie przejawy niebezpiecznych zachowa\u0144 powinny by\u0107 zg\u0142aszane pracownikom szko\u0142y, prowadzona jest rejestracja &hellip; <a href=\"https:\/\/sp8tg.pl\/web\/dla-rodzicow\/bezpieczenstwo\/\" class=\"more-link\">Czytaj dalej<span class=\"screen-reader-text\"> \u201eBezpiecze\u0144stwo\u201d<\/span><\/a><\/p>\n","protected":false},"author":1,"featured_media":0,"parent":3617,"menu_order":0,"comment_status":"closed","ping_status":"closed","template":"","meta":{"ngg_post_thumbnail":0,"footnotes":""},"_links":{"self":[{"href":"https:\/\/sp8tg.pl\/web\/wp-json\/wp\/v2\/pages\/3642"}],"collection":[{"href":"https:\/\/sp8tg.pl\/web\/wp-json\/wp\/v2\/pages"}],"about":[{"href":"https:\/\/sp8tg.pl\/web\/wp-json\/wp\/v2\/types\/page"}],"author":[{"embeddable":true,"href":"https:\/\/sp8tg.pl\/web\/wp-json\/wp\/v2\/users\/1"}],"replies":[{"embeddable":true,"href":"https:\/\/sp8tg.pl\/web\/wp-json\/wp\/v2\/comments?post=3642"}],"version-history":[{"count":16,"href":"https:\/\/sp8tg.pl\/web\/wp-json\/wp\/v2\/pages\/3642\/revisions"}],"predecessor-version":[{"id":16762,"href":"https:\/\/sp8tg.pl\/web\/wp-json\/wp\/v2\/pages\/3642\/revisions\/16762"}],"up":[{"embeddable":true,"href":"https:\/\/sp8tg.pl\/web\/wp-json\/wp\/v2\/pages\/3617"}],"wp:attachment":[{"href":"https:\/\/sp8tg.pl\/web\/wp-json\/wp\/v2\/media?parent=3642"}],"curies":[{"name":"wp","href":"https:\/\/api.w.org\/{rel}","templated":true}]}}