{"id":3638,"date":"2016-05-23T12:59:27","date_gmt":"2016-05-23T10:59:27","guid":{"rendered":"http:\/\/gim4.tgory.pl\/web\/?page_id=3638"},"modified":"2025-09-11T08:54:41","modified_gmt":"2025-09-11T06:54:41","slug":"zwolnienia-i-usprawiedliwienia-z-lekcji","status":"publish","type":"page","link":"https:\/\/sp8tg.pl\/web\/dla-rodzicow\/zwolnienia-i-usprawiedliwienia-z-lekcji\/","title":{"rendered":"Zwolnienia i usprawiedliwienia z lekcji"},"content":{"rendered":"<h3>ZASADY ZWALNIANIA UCZNI\u00d3W Z ZAJ\u0118\u0106 EDUKACYJNYCH.<\/h3>\n<div data-canvas-width=\"172.76\">1. Zwolnienie ucznia z danej lekcji mo\u017ce nast\u0105pi\u0107 na wniosek rodzic\u00f3w.<\/div>\n<div data-canvas-width=\"148.11999999999998\">2. Zwolnienie ucznia z zaj\u0119\u0107 lekcyjnych przez rodzica traktowane jest jako nieobecno\u015b\u0107 usprawiedliwiona.<\/div>\n<div data-canvas-width=\"84.32\">3. Zwolnienie dokonywane przez rodzic\u00f3w winno mie\u0107 form\u0119 pisemn\u0105 z adnotacj\u0105, \u017ce rodzic bierze odpowiedzialno\u015b\u0107 na powr\u00f3t dziecka do domu. W przypadku kontaktu telefonicznego lub osobistego rodzic zobowi\u0105zany jest do r\u00f3wnie\u017c do&nbsp; pisemnego potwierdzenia tego faktu.<\/div>\n<div data-canvas-width=\"475.08000000000004\">4. <strong>Ucze\u0144 mo\u017ce by\u0107 zwolniony przez rodzica do domu tylko pod warunkiem osobistego odebrania dziecka lub wyznaczenia do tego osoby pe\u0142noletniej oraz otrzymania od Dyrektora Szko\u0142y pisemnej zgody przekazanej Pani odpowiedzialnej za bezpieczne opuszczenie plac\u00f3wki przez ucznia.<br><\/strong><\/div>\n<div data-canvas-width=\"16.666666666666664\">5. Zwolnienie, ucze\u0144 przekazuje wychowawcy. W przypadku nieobecno\u015bci wychowawcy ucze\u0144 zwalnia si\u0119 u nauczyciela, z kt\u00f3rym ma zaj\u0119cia. Wtedy ma wpisan\u0105 nieobecno\u015b\u0107, kt\u00f3r\u0105 na podstawie zwolnienia, w p\u00f3\u017aniejszym terminie usprawiedliwia wychowawca.<\/div>\n<div data-canvas-width=\"14.999999999999998\">&nbsp;6. Zwolnienie, o kt\u00f3rym mowa w punkcie 5 nauczyciel jest zobowi\u0105zany przekaza\u0107 wychowawcy w najbli\u017cszym terminie.<\/div>\n<div data-canvas-width=\"77.8\">7. Nauczyciel zwalniaj\u0105cy ucznia w celu reprezentowania szko\u0142y na zawodach i konkursach, jest zobowi\u0105zany do pozostawienia w dzienniku zaj\u0119\u0107 lekcyjnych danej klasy, pisemnego wykazu uczni\u00f3w zwalnianych z okre\u015blonej ilo\u015bci godzin.<\/div>\n<div data-canvas-width=\"395.7600000000001\">8. Zwolnienie ucznia w przypadku okre\u015blonym w punkcie 7 wymaga akceptacji dyrektora.<\/div>\n<div data-canvas-width=\"29.339999999999996\">9. Uczniowie zwolnieni z zaj\u0119\u0107 wychowania fizycznego maj\u0105 obowi\u0105zek przebywa\u0107 w miejscu, w kt\u00f3rym pozosta\u0142a cz\u0119\u015b\u0107 klasy odbywa zaj\u0119cia.<\/div>\n<div data-canvas-width=\"365.86000000000007\">10. Je\u017celi wychowanie fizyczne jest pierwsz\u0105 lub ostatni\u0105 lekcj\u0105 rodzic mo\u017ce z\u0142o\u017cy\u0107 pisemne o\u015bwiadczenie, \u017ce wyra\u017ca zgod\u0119 na pobyt dziecka w czasie tych lekcji w domu. Szczeg\u00f3\u0142owe zasady zwalniania z lekcji wychowania fizycznego stanowi\u0105 odr\u0119bne procedury.<\/div>\n<div data-canvas-width=\"365.86000000000007\">&nbsp;<\/div>\n<div data-canvas-width=\"365.86000000000007\">&nbsp;<\/div>\n<div data-canvas-width=\"365.86000000000007\">&nbsp;<\/div>\n<div data-canvas-width=\"365.86000000000007\"><hr><\/div>\n<h3>Procedura zwolnienia ucznia z lekcji wychowania fizycznego przez rodzic\u00f3w\/opiekun\u00f3w prawnych w Szkole Podstawowej nr 8 im. Pu\u0142ku 3. U\u0142an\u00f3w \u015al\u0105skich w Tarnowskich G\u00f3rach:<\/h3>\n<p>&nbsp;<\/p>\n<h3 style=\"text-align: center;\">WEWN\u0104TRZSZKOLNA&nbsp; PROCEDURA<br><strong>zwalniania ucznia z zaj\u0119\u0107 wychowania fizycznego.<\/strong><\/h3>\n<h6><strong>&nbsp;<\/strong><strong><u>Podstawa prawna :<\/u><\/strong><\/h6>\n<p><strong>&nbsp;<\/strong><em>&nbsp;&nbsp;&nbsp;&nbsp; &#8211; Statut szko\u0142y.<\/em><\/p>\n<p><em>&nbsp;&nbsp; &#8211;&nbsp; Rozporz\u0105dzenie MEN z dnia 10 czerwca 2015r. w sprawie szczeg\u00f3\u0142owych warunk\u00f3w<\/em><\/p>\n<p><em>&nbsp;&nbsp;&nbsp; &nbsp;i sposobu oceniania, klasyfikowania i promowania uczni\u00f3w i s\u0142uchaczy w szko\u0142ach &nbsp;&nbsp;&nbsp;&nbsp;publicznych.<\/em><\/p>\n<p><strong><u>Opis dzia\u0142a\u0144<\/u><\/strong><u> :<\/u><\/p>\n<ol>\n<li>Ucze\u0144 mo\u017ce by\u0107 <strong>jednorazowo zwolniony<\/strong> z czynnego uczestnictwa w zaj\u0119ciach wychowania fizycznego (tj. nie wykonywa\u0107&nbsp; \u0107wicze\u0144) <strong>na podstawie pisemnego zwolnienia rodzic\u00f3w,<\/strong> zawieraj\u0105cego termin i&nbsp; uzasadnion\u0105 przyczyn\u0119 zwolnienia. Zwolnienia dokonuje nauczyciel wychowania fizycznego, odnotowuj\u0105c ten fakt&nbsp; w dzienniku zaj\u0119\u0107.<\/li>\n<li>W szczeg\u00f3lnych przypadkach (uzasadnionych stanem zdrowia) nauczyciel prowadz\u0105cy zaj\u0119cia wf zwalnia ucznia zg\u0142aszaj\u0105cego dolegliwo\u015bci zdrowotne z czynnego uczestnictwa w zaj\u0119ciach<br>(tj. z wykonywania \u0107wicze\u0144) i odnotowuje ten fakt w dzienniku zaj\u0119\u0107.<\/li>\n<li><strong>Kr\u00f3tkotrwa\u0142ego zwolnienia<\/strong> z czynnego uczestnictwa w zaj\u0119ciach wychowania fizycznego (tj. <strong>do 1 miesi\u0105ca)<\/strong>&nbsp; dokonuje nauczyciel wf <strong>na podstawie zwolnienia lekarskiego <\/strong>wystawionego na dany okres. Termin zwolnienia nauczyciel odnotowuje w dzienniku zaj\u0119\u0107.<\/li>\n<li>Ucze\u0144 mo\u017ce by\u0107 <strong>d\u0142ugoterminowo zwolniony<\/strong> z zaj\u0119\u0107 wychowania fizycznego (powy\u017cej jednego miesi\u0105ca), <strong>tylko na podstawie zwolnienia lekarskiego.<\/strong> Rodzice lub prawni opiekunowie, wyst\u0119puj\u0105 do dyrektora z podaniem o zwolnienie, do kt\u00f3rego do\u0142\u0105czaj\u0105 opini\u0119 lekarsk\u0105 o ograniczonych mo\u017cliwo\u015bciach uczestniczenia ucznia w tych zaj\u0119ciach.<\/li>\n<li>Dyrektor szko\u0142y wydaje decyzj\u0119 o zwolnieniu ucznia z zaj\u0119\u0107 na podstawie opinii lekarza. O wydanej przez siebie decyzji informuje rodzica, nauczyciela wychowania&nbsp; fizycznego i wychowawc\u0119.<\/li>\n<li>Ucze\u0144 zwolniony z zaj\u0119\u0107 wychowania fizycznego na pro\u015bb\u0119 rodzic\u00f3w mo\u017ce by\u0107 zwalniany do domu, je\u015bli zaj\u0119cia wf przypadaj\u0105 na pierwszej&nbsp; lub ostatniej godzinie lekcyjnej. Jego nieobecno\u015b\u0107 odnotowuje si\u0119 w\u00f3wczas w dzienniku jako usprawiedliwion\u0105. W pozosta\u0142ych przypadkach uczestniczy w nich zgodnie z rozk\u0142adem zaj\u0119\u0107. W w\/w sytuacji rodzice (opiekunowie prawni) podpisuj\u0105 na&nbsp; druku podania&nbsp; o\u015bwiadczenie o przyj\u0119ciu odpowiedzialno\u015bci za swoje dziecko w czasie jego nieobecno\u015bci na zaj\u0119ciach z wychowania fizycznego. O\u015bwiadczenie to przechowuje wychowawca do ko\u0144ca roku szkolnego.<\/li>\n<li>Je\u017celi okres zwolnienia uniemo\u017cliwia klasyfikacj\u0119 ucznia, w dokumentacji przebiegu nauczania zamiast oceny klasyfikacyjnej wpisuje si\u0119 \u201ezwolniony \/zwolniona\u201d<\/li>\n<li>Je\u017celi ucze\u0144 otrzyma\u0142 ocen\u0119&nbsp; semestraln\u0105 w I semestrze, a zwolnienie ucznia trwa ca\u0142e drugie&nbsp; p\u00f3\u0142rocze, w dokumentacji przebiegu nauczania jako ocen\u0119 roczn\u0105 wpisuje si\u0119 ocen\u0119 uzyskan\u0105 za I p\u00f3\u0142rocze.<\/li>\n<\/ol>\n<ul>\n<li>Post\u0119powanie zgodnie z przedstawion\u0105 procedur\u0105 monitoruje dyrektor .<\/li>\n<li>Procedura mo\u017ce ulec modyfikacji w zale\u017cno\u015bci od nowelizacji akt\u00f3w prawnych MEN lub ewaluacji.<\/li>\n<li>Procedura wchodzi w \u017cycie z dniem 01.09.2017 r.<\/li>\n<\/ul>\n<p>&nbsp;<\/p>\n<p><strong> <img loading=\"lazy\" decoding=\"async\" class=\"aligncenter\" src=\"http:\/\/sp8tg.pl\/web\/wp-content\/uploads\/2019\/09\/dziennik-logo-Vulcana.jpg\" alt=\"Obrazek posiada pusty atrybut alt; plik o nazwie dziennik-logo-Vulcana.jpg\" width=\"381\" height=\"197\"><\/strong><\/p>\n<h3 style=\"text-align: center;\">Przypomina si\u0119 rodzicom, \u017ce zwolnienia i nieobecno\u015bci dzieci dokonuje si\u0119 poprzez wpis do wychowawcy przez e-dziennik.<\/h3>\n<p><strong>Wz\u00f3r zwolnienia i usprawiedliwienia ucznia z lekcji :<\/strong><\/p>\n<p>\u21d2 <a href=\"http:\/\/sp8tg.pl\/web\/wp-content\/uploads\/2016\/02\/Usprawiedliwienie-z-lekcji.pdf\">usprawiedliwienie-z-lekcji<\/a><\/p>\n<p>&nbsp;<\/p>\n\n\n<div data-wp-interactive=\"core\/file\" class=\"wp-block-file\"><object data-wp-bind--hidden=\"!state.hasPdfPreview\"  class=\"wp-block-file__embed\" data=\"https:\/\/sp8tg.pl\/web\/wp-content\/uploads\/2024\/08\/zwolnienie-z-lekcji-wychowania-fizycznego.pdf\" type=\"application\/pdf\" style=\"width:100%;height:600px\" aria-label=\"Osadzone z zwolnienie-z-lekcji-wychowania-fizycznego.\"><\/object><a id=\"wp-block-file--media-9e8d1aa2-21d1-4548-b187-276729c6eaa7\" href=\"https:\/\/sp8tg.pl\/web\/wp-content\/uploads\/2024\/08\/zwolnienie-z-lekcji-wychowania-fizycznego.pdf\">zwolnienie-z-lekcji-wychowania-fizycznego<\/a><a href=\"https:\/\/sp8tg.pl\/web\/wp-content\/uploads\/2024\/08\/zwolnienie-z-lekcji-wychowania-fizycznego.pdf\" class=\"wp-block-file__button wp-element-button\" download aria-describedby=\"wp-block-file--media-9e8d1aa2-21d1-4548-b187-276729c6eaa7\">Pobierz<\/a><\/div>\n","protected":false},"excerpt":{"rendered":"<p>ZASADY ZWALNIANIA UCZNI\u00d3W Z ZAJ\u0118\u0106 EDUKACYJNYCH. 1. Zwolnienie ucznia z danej lekcji mo\u017ce nast\u0105pi\u0107 na wniosek rodzic\u00f3w. 2. Zwolnienie ucznia z zaj\u0119\u0107 lekcyjnych przez rodzica traktowane jest jako nieobecno\u015b\u0107 usprawiedliwiona. 3. Zwolnienie dokonywane przez rodzic\u00f3w winno mie\u0107 form\u0119 pisemn\u0105 z adnotacj\u0105, \u017ce rodzic bierze odpowiedzialno\u015b\u0107 na powr\u00f3t dziecka do domu. W przypadku kontaktu telefonicznego lub &hellip; <a href=\"https:\/\/sp8tg.pl\/web\/dla-rodzicow\/zwolnienia-i-usprawiedliwienia-z-lekcji\/\" class=\"more-link\">Czytaj dalej<span class=\"screen-reader-text\"> \u201eZwolnienia i usprawiedliwienia z lekcji\u201d<\/span><\/a><\/p>\n","protected":false},"author":1,"featured_media":0,"parent":3617,"menu_order":0,"comment_status":"closed","ping_status":"closed","template":"","meta":{"ngg_post_thumbnail":0,"footnotes":""},"_links":{"self":[{"href":"https:\/\/sp8tg.pl\/web\/wp-json\/wp\/v2\/pages\/3638"}],"collection":[{"href":"https:\/\/sp8tg.pl\/web\/wp-json\/wp\/v2\/pages"}],"about":[{"href":"https:\/\/sp8tg.pl\/web\/wp-json\/wp\/v2\/types\/page"}],"author":[{"embeddable":true,"href":"https:\/\/sp8tg.pl\/web\/wp-json\/wp\/v2\/users\/1"}],"replies":[{"embeddable":true,"href":"https:\/\/sp8tg.pl\/web\/wp-json\/wp\/v2\/comments?post=3638"}],"version-history":[{"count":23,"href":"https:\/\/sp8tg.pl\/web\/wp-json\/wp\/v2\/pages\/3638\/revisions"}],"predecessor-version":[{"id":19403,"href":"https:\/\/sp8tg.pl\/web\/wp-json\/wp\/v2\/pages\/3638\/revisions\/19403"}],"up":[{"embeddable":true,"href":"https:\/\/sp8tg.pl\/web\/wp-json\/wp\/v2\/pages\/3617"}],"wp:attachment":[{"href":"https:\/\/sp8tg.pl\/web\/wp-json\/wp\/v2\/media?parent=3638"}],"curies":[{"name":"wp","href":"https:\/\/api.w.org\/{rel}","templated":true}]}}