{"id":3626,"date":"2016-05-23T12:58:15","date_gmt":"2016-05-23T10:58:15","guid":{"rendered":"http:\/\/gim4.tgory.pl\/web\/?page_id=3626"},"modified":"2025-09-11T08:26:52","modified_gmt":"2025-09-11T06:26:52","slug":"ubezpieczenie-uczniow","status":"publish","type":"page","link":"https:\/\/sp8tg.pl\/web\/dla-rodzicow\/ubezpieczenie-uczniow\/","title":{"rendered":"Ubezpieczenie uczni\u00f3w"},"content":{"rendered":"<h2 style=\"text-align: center;\">&nbsp;W roku szkolny 2025\/2026 nasi uczniowie s\u0105 ubezpieczeni w firmie ubezpieczeniowej:<\/h2>\n<h1 style=\"text-align: center;\">InterRisk<\/h1>\n<p><span style=\"text-decoration: underline;\"><strong>Okres ubezpieczenia<\/strong><\/span> : <strong><span style=\"color: #ff0000;\">1 wrze\u015bnia 2025 r. &#8211; 31 sierpnia 2026 r.<\/span><\/strong><\/p>\n<h2>POLISA&nbsp; EDU-A\/P numer 160743&nbsp;<\/h2>\n<p>Informuje si\u0119, \u017ce ubezpieczenie dziecka <strong>nie jest obowi\u0105zkowe.<\/strong><\/p>\n<h6>&nbsp;&nbsp;&nbsp;&nbsp;&nbsp;&nbsp;&nbsp;&nbsp;&nbsp;&nbsp;&nbsp;&nbsp;&nbsp;&nbsp;&nbsp;&nbsp;&nbsp;&nbsp;&nbsp;&nbsp;&nbsp;&nbsp;&nbsp;&nbsp;&nbsp;&nbsp;&nbsp;&nbsp;&nbsp;<\/h6>\n\n\n<p class=\"has-text-align-center\"><em><strong>Szczeg\u00f3\u0142owe informacje na temat ubezpieczenia uczni\u00f3w :<\/strong><\/em><\/p>\n\n\n\n<div data-wp-interactive=\"core\/file\" class=\"wp-block-file\"><object data-wp-bind--hidden=\"!state.hasPdfPreview\"  class=\"wp-block-file__embed\" data=\"https:\/\/sp8tg.pl\/web\/wp-content\/uploads\/2025\/09\/Zakres-ubezpieczenia-55zl.pdf\" type=\"application\/pdf\" style=\"width:100%;height:600px\" aria-label=\"Osadzone z Zakres-ubezpieczenia-55zl.\"><\/object><a id=\"wp-block-file--media-a7995721-82e5-4380-ad1c-4b12e3fb0b5a\" href=\"https:\/\/sp8tg.pl\/web\/wp-content\/uploads\/2025\/09\/Zakres-ubezpieczenia-55zl.pdf\">Zakres-ubezpieczenia-55zl<\/a><a href=\"https:\/\/sp8tg.pl\/web\/wp-content\/uploads\/2025\/09\/Zakres-ubezpieczenia-55zl.pdf\" class=\"wp-block-file__button wp-element-button\" download aria-describedby=\"wp-block-file--media-a7995721-82e5-4380-ad1c-4b12e3fb0b5a\">Pobierz<\/a><\/div>\n\n\n\n<div data-wp-interactive=\"core\/file\" class=\"wp-block-file\"><object data-wp-bind--hidden=\"!state.hasPdfPreview\"  class=\"wp-block-file__embed\" data=\"https:\/\/sp8tg.pl\/web\/wp-content\/uploads\/2025\/09\/Jak-zglosic-szkode.pdf\" type=\"application\/pdf\" style=\"width:100%;height:600px\" aria-label=\"Osadzone z Jak-zglosic-szkode.\"><\/object><a id=\"wp-block-file--media-6e691ab3-b113-4f3e-a18c-c0e323ed11f4\" href=\"https:\/\/sp8tg.pl\/web\/wp-content\/uploads\/2025\/09\/Jak-zglosic-szkode.pdf\">Jak-zglosic-szkode<\/a><a href=\"https:\/\/sp8tg.pl\/web\/wp-content\/uploads\/2025\/09\/Jak-zglosic-szkode.pdf\" class=\"wp-block-file__button wp-element-button\" download aria-describedby=\"wp-block-file--media-6e691ab3-b113-4f3e-a18c-c0e323ed11f4\">Pobierz<\/a><\/div>\n\n\n\n<div data-wp-interactive=\"core\/file\" class=\"wp-block-file\"><object data-wp-bind--hidden=\"!state.hasPdfPreview\"  class=\"wp-block-file__embed\" data=\"https:\/\/sp8tg.pl\/web\/wp-content\/uploads\/2025\/09\/Druk_zgloszenia_szkody-_Edu.pdf\" type=\"application\/pdf\" style=\"width:100%;height:600px\" aria-label=\"Osadzone z Druk_zgloszenia_szkody-_Edu.\"><\/object><a id=\"wp-block-file--media-a3d9216d-b2ed-4de2-805f-db908b00732f\" href=\"https:\/\/sp8tg.pl\/web\/wp-content\/uploads\/2025\/09\/Druk_zgloszenia_szkody-_Edu.pdf\">Druk_zgloszenia_szkody-_Edu<\/a><a href=\"https:\/\/sp8tg.pl\/web\/wp-content\/uploads\/2025\/09\/Druk_zgloszenia_szkody-_Edu.pdf\" class=\"wp-block-file__button wp-element-button\" download aria-describedby=\"wp-block-file--media-a3d9216d-b2ed-4de2-805f-db908b00732f\">Pobierz<\/a><\/div>\n\n\n\n<figure class=\"wp-block-image size-full\"><img loading=\"lazy\" decoding=\"async\" width=\"344\" height=\"147\" src=\"https:\/\/sp8tg.pl\/web\/wp-content\/uploads\/2023\/09\/logo.png\" alt=\"\" class=\"wp-image-16755\" srcset=\"https:\/\/sp8tg.pl\/web\/wp-content\/uploads\/2023\/09\/logo.png 344w, https:\/\/sp8tg.pl\/web\/wp-content\/uploads\/2023\/09\/logo-300x128.png 300w\" sizes=\"(max-width: 344px) 85vw, 344px\" \/><\/figure>\n\n\n\n<p><\/p>\n\n\n\n<p><\/p>\n\n\n\n<h3 class=\"wp-block-heading\" id=\"numer-konta-bankowego-rady-rodzicow\">Numer konta bankowego Rady Rodzic\u00f3w<\/h3>\n\n\n\n<h3 class=\"wp-block-heading\" id=\"pko-bp-25-1020-2368-0000-2602-0597-2882\">PKO BP: 25 1020 2368 0000 2602 0597 2882<\/h3>\n\n\n\n<p><\/p>\n","protected":false},"excerpt":{"rendered":"<p>&nbsp;W roku szkolny 2025\/2026 nasi uczniowie s\u0105 ubezpieczeni w firmie ubezpieczeniowej: InterRisk Okres ubezpieczenia : 1 wrze\u015bnia 2025 r. &#8211; 31 sierpnia 2026 r. POLISA&nbsp; EDU-A\/P numer 160743&nbsp; Informuje si\u0119, \u017ce ubezpieczenie dziecka nie jest obowi\u0105zkowe. &nbsp;&nbsp;&nbsp;&nbsp;&nbsp;&nbsp;&nbsp;&nbsp;&nbsp;&nbsp;&nbsp;&nbsp;&nbsp;&nbsp;&nbsp;&nbsp;&nbsp;&nbsp;&nbsp;&nbsp;&nbsp;&nbsp;&nbsp;&nbsp;&nbsp;&nbsp;&nbsp;&nbsp;&nbsp; Szczeg\u00f3\u0142owe informacje na temat ubezpieczenia uczni\u00f3w : Numer konta bankowego Rady Rodzic\u00f3w PKO BP: 25 1020 2368 0000 &hellip; <a href=\"https:\/\/sp8tg.pl\/web\/dla-rodzicow\/ubezpieczenie-uczniow\/\" class=\"more-link\">Czytaj dalej<span class=\"screen-reader-text\"> \u201eUbezpieczenie uczni\u00f3w\u201d<\/span><\/a><\/p>\n","protected":false},"author":1,"featured_media":0,"parent":3617,"menu_order":0,"comment_status":"closed","ping_status":"closed","template":"","meta":{"ngg_post_thumbnail":0,"footnotes":""},"_links":{"self":[{"href":"https:\/\/sp8tg.pl\/web\/wp-json\/wp\/v2\/pages\/3626"}],"collection":[{"href":"https:\/\/sp8tg.pl\/web\/wp-json\/wp\/v2\/pages"}],"about":[{"href":"https:\/\/sp8tg.pl\/web\/wp-json\/wp\/v2\/types\/page"}],"author":[{"embeddable":true,"href":"https:\/\/sp8tg.pl\/web\/wp-json\/wp\/v2\/users\/1"}],"replies":[{"embeddable":true,"href":"https:\/\/sp8tg.pl\/web\/wp-json\/wp\/v2\/comments?post=3626"}],"version-history":[{"count":55,"href":"https:\/\/sp8tg.pl\/web\/wp-json\/wp\/v2\/pages\/3626\/revisions"}],"predecessor-version":[{"id":19397,"href":"https:\/\/sp8tg.pl\/web\/wp-json\/wp\/v2\/pages\/3626\/revisions\/19397"}],"up":[{"embeddable":true,"href":"https:\/\/sp8tg.pl\/web\/wp-json\/wp\/v2\/pages\/3617"}],"wp:attachment":[{"href":"https:\/\/sp8tg.pl\/web\/wp-json\/wp\/v2\/media?parent=3626"}],"curies":[{"name":"wp","href":"https:\/\/api.w.org\/{rel}","templated":true}]}}