{"id":3624,"date":"2016-05-23T12:58:06","date_gmt":"2016-05-23T10:58:06","guid":{"rendered":"http:\/\/gim4.tgory.pl\/web\/?page_id=3624"},"modified":"2025-09-11T14:37:41","modified_gmt":"2025-09-11T12:37:41","slug":"organizacja-roku-szkolnego","status":"publish","type":"page","link":"https:\/\/sp8tg.pl\/web\/dla-rodzicow\/organizacja-roku-szkolnego\/","title":{"rendered":"Kalendarz roku szkolnego"},"content":{"rendered":"<h2><span style=\"text-decoration: underline;\"><strong>KALENDARZ ROKU SZKOLNEGO 2025\/2026:<\/strong><\/span><\/h2>\n<h5><span style=\"color: #ff0000;\">01.09.2025 r.<\/span> &nbsp;&nbsp;&nbsp;&nbsp;&nbsp;&nbsp;&nbsp; &nbsp; &nbsp; &nbsp; &nbsp; &nbsp; &nbsp;&nbsp; &#8211; Uroczyste rozpocz\u0119cie zaj\u0119\u0107 dydaktyczno &#8211; wychowawczych<\/h5>\n<h5><span style=\"color: #ff0000;\">22 &#8211; 31.12.2025 r. &nbsp; &nbsp; &nbsp; &nbsp; &nbsp; &nbsp;&nbsp;<\/span> &#8211; Zimowa przerwa \u015bwi\u0105teczna<\/h5>\n<h5><span style=\"color: #ff0000;\">16.02 &#8211; 01.03 2026 r.<\/span>&nbsp; &nbsp; &nbsp; &nbsp; &#8211; Ferie zimowe<\/h5>\n<h5><span style=\"color: #ff0000;\">02.04 &#8211; 07.04.2026 r.<\/span>&nbsp; &nbsp; &nbsp; &nbsp; &#8211; Wiosenna przerwa \u015bwi\u0105teczna<\/h5>\n<h5><span style=\"color: #ff0000;\">11, 12, 13&nbsp; maja 2026 r.<\/span> &nbsp;&nbsp;&nbsp; &#8211; Egzamin \u00d3smoklasisty<\/h5>\n<h5><span style=\"color: #ff0000;\">26.06.2026 r.&nbsp;&nbsp;&nbsp;&nbsp;&nbsp;&nbsp;&nbsp;&nbsp;&nbsp;&nbsp; &nbsp; &nbsp; &nbsp; &nbsp;&nbsp; &nbsp; <span style=\"color: #333333;\">&#8211;<\/span><\/span> Zako\u0144czenie rocznych zaj\u0119\u0107 dydaktyczno-wychowawczych<\/h5>\n<h5><span style=\"color: #ff0000;\">27.06 &#8211; 31.08.2026 r.<\/span>&nbsp;&nbsp;&nbsp;&nbsp;&nbsp;&nbsp;&nbsp; &#8211;&nbsp; Ferie letnie<\/h5>\n<p>&nbsp;<\/p>\n<h3>Dodatkowe dni wolne od zaj\u0119\u0107 dydaktyczno \u2013 wychowawczych w roku szkolnym 2024\/2025:<\/h3>\n<ul>\n<li>\n<h4>13 pa\u017adziernika 2025 r.<\/h4>\n<\/li>\n<li>\n<h4>10 listopada 2025 r.<\/h4>\n<\/li>\n<li>\n<h4>3, 5 stycznia 2026 r.<\/h4>\n<\/li>\n<li>\n<h4>11, 12, 13 maja 2026 r. (E8)<\/h4>\n<\/li>\n<li>\n<h4>05 czerwca 2026 r.<\/h4>\n<h6>&nbsp;<\/h6>\n<p>PODSTAWA PRAWNA:<\/p>\n<ul>\n<li><strong>Ustalenie dodatkowe dni wolnych od zaj\u0119\u0107 dydaktyczno-wychowawczych w \u015bwietle obowi\u0105zuj\u0105cych przepis\u00f3w Prawa o\u015bwiatowego:<\/strong><strong>&nbsp;<\/strong><strong><em>Rozporz\u0105dzenie Ministra Edukacji Narodowej z dnia 11 sierpnia 2017 r. w&nbsp;sprawie organizacji roku szkolnego (Dz. U. poz. 1603).<\/em><\/strong><strong><em>&nbsp;<\/em><\/strong>W nowym rozporz\u0105dzeniu dostosowano zapisy do obowi\u0105zuj\u0105cych od 1 wrze\u015bnia 2017 r. nowych typ\u00f3w szk\u00f3\u0142 i plac\u00f3wek [\u00a7 1], o kt\u00f3rych mowa w przepisach Prawa o\u015bwiatowego.\n<p>[\u00a7 5 ust. 1] ustalania dodatkowych dni wolnych od zaj\u0119\u0107 dydaktyczno-wychowawczych w szko\u0142ach lub plac\u00f3wkach po zasi\u0119gni\u0119ciu opinii rady szko\u0142y albo rady plac\u00f3wki, a gdy rada szko\u0142y lub plac\u00f3wki nie zosta\u0142a powo\u0142ana \u2013 rady pedagogicznej, z tym, \u017ce w przypadku szk\u00f3\u0142 wymagana jest tak\u017ce opinia rady rodzic\u00f3w i samorz\u0105du uczniowskiego (wymiar dodatkowo wolnych dni jest podany w \u00a7 5 ust. 1 lit. a \u2013 c) i tak dla:<\/p>\n<\/li>\n<li>szk\u00f3\u0142 podstawowych \u2013 do 8 dni (w tym trzy dni odliczone na egzaminy zewn\u0119trzne).<\/li>\n<\/ul>\n<\/li>\n<\/ul>\n\n\n<p><\/p>\n\n\n\n<p class=\"has-text-align-center\"><strong>HARMONOGRAM IMPREZ I UROCZYSTO\u015aCI SZKOLNYCH<\/strong><\/p>\n\n\n\n<div data-wp-interactive=\"core\/file\" class=\"wp-block-file\"><object data-wp-bind--hidden=\"!state.hasPdfPreview\"  class=\"wp-block-file__embed\" data=\"https:\/\/sp8tg.pl\/web\/wp-content\/uploads\/2025\/09\/harmonogram-imprez-2025-2026.pdf\" type=\"application\/pdf\" style=\"width:100%;height:600px\" aria-label=\"Osadzone z harmonogram-imprez-2025-2026.\"><\/object><a id=\"wp-block-file--media-8a84c0ae-4a53-40ad-8bee-a1441ea41274\" href=\"https:\/\/sp8tg.pl\/web\/wp-content\/uploads\/2025\/09\/harmonogram-imprez-2025-2026.pdf\">harmonogram-imprez-2025-2026<\/a><a href=\"https:\/\/sp8tg.pl\/web\/wp-content\/uploads\/2025\/09\/harmonogram-imprez-2025-2026.pdf\" class=\"wp-block-file__button wp-element-button\" download aria-describedby=\"wp-block-file--media-8a84c0ae-4a53-40ad-8bee-a1441ea41274\">Pobierz<\/a><\/div>\n","protected":false},"excerpt":{"rendered":"<p>KALENDARZ ROKU SZKOLNEGO 2025\/2026: 01.09.2025 r. &nbsp;&nbsp;&nbsp;&nbsp;&nbsp;&nbsp;&nbsp; &nbsp; &nbsp; &nbsp; &nbsp; &nbsp; &nbsp;&nbsp; &#8211; Uroczyste rozpocz\u0119cie zaj\u0119\u0107 dydaktyczno &#8211; wychowawczych 22 &#8211; 31.12.2025 r. &nbsp; &nbsp; &nbsp; &nbsp; &nbsp; &nbsp;&nbsp; &#8211; Zimowa przerwa \u015bwi\u0105teczna 16.02 &#8211; 01.03 2026 r.&nbsp; &nbsp; &nbsp; &nbsp; &#8211; Ferie zimowe 02.04 &#8211; 07.04.2026 r.&nbsp; &nbsp; &nbsp; &nbsp; &#8211; Wiosenna przerwa &hellip; <a href=\"https:\/\/sp8tg.pl\/web\/dla-rodzicow\/organizacja-roku-szkolnego\/\" class=\"more-link\">Czytaj dalej<span class=\"screen-reader-text\"> \u201eKalendarz roku szkolnego\u201d<\/span><\/a><\/p>\n","protected":false},"author":1,"featured_media":0,"parent":3617,"menu_order":0,"comment_status":"closed","ping_status":"closed","template":"","meta":{"ngg_post_thumbnail":0,"footnotes":""},"_links":{"self":[{"href":"https:\/\/sp8tg.pl\/web\/wp-json\/wp\/v2\/pages\/3624"}],"collection":[{"href":"https:\/\/sp8tg.pl\/web\/wp-json\/wp\/v2\/pages"}],"about":[{"href":"https:\/\/sp8tg.pl\/web\/wp-json\/wp\/v2\/types\/page"}],"author":[{"embeddable":true,"href":"https:\/\/sp8tg.pl\/web\/wp-json\/wp\/v2\/users\/1"}],"replies":[{"embeddable":true,"href":"https:\/\/sp8tg.pl\/web\/wp-json\/wp\/v2\/comments?post=3624"}],"version-history":[{"count":65,"href":"https:\/\/sp8tg.pl\/web\/wp-json\/wp\/v2\/pages\/3624\/revisions"}],"predecessor-version":[{"id":19424,"href":"https:\/\/sp8tg.pl\/web\/wp-json\/wp\/v2\/pages\/3624\/revisions\/19424"}],"up":[{"embeddable":true,"href":"https:\/\/sp8tg.pl\/web\/wp-json\/wp\/v2\/pages\/3617"}],"wp:attachment":[{"href":"https:\/\/sp8tg.pl\/web\/wp-json\/wp\/v2\/media?parent=3624"}],"curies":[{"name":"wp","href":"https:\/\/api.w.org\/{rel}","templated":true}]}}