{"id":3612,"date":"2016-05-23T12:49:52","date_gmt":"2016-05-23T10:49:52","guid":{"rendered":"http:\/\/gim4.tgory.pl\/web\/?page_id=3612"},"modified":"2023-09-21T09:56:18","modified_gmt":"2023-09-21T07:56:18","slug":"sekretariat","status":"publish","type":"page","link":"https:\/\/sp8tg.pl\/web\/dla-uczniow\/sekretariat\/","title":{"rendered":"Sekretariat"},"content":{"rendered":"<h6 class=\"widget-title\"><span style=\"color: #000000;\">&nbsp;<\/span><\/h6>\n<p>&nbsp;&nbsp;&nbsp;&nbsp; <img loading=\"lazy\" decoding=\"async\" class=\"alignnone size-medium wp-image-5847\" src=\"http:\/\/gim4.tgory.pl\/web\/wp-content\/uploads\/2016\/05\/IMG_79314883-225x300.jpg\" alt=\"\" width=\"225\" height=\"300\" srcset=\"https:\/\/sp8tg.pl\/web\/wp-content\/uploads\/2016\/05\/IMG_79314883-225x300.jpg 225w, https:\/\/sp8tg.pl\/web\/wp-content\/uploads\/2016\/05\/IMG_79314883-768x1024.jpg 768w, https:\/\/sp8tg.pl\/web\/wp-content\/uploads\/2016\/05\/IMG_79314883-1200x1600.jpg 1200w\" sizes=\"(max-width: 225px) 85vw, 225px\" \/>&nbsp;&nbsp;&nbsp;&nbsp;&nbsp; <img loading=\"lazy\" decoding=\"async\" class=\"alignnone size-medium wp-image-5846\" src=\"http:\/\/gim4.tgory.pl\/web\/wp-content\/uploads\/2016\/05\/IMG_79304882-225x300.jpg\" alt=\"\" width=\"225\" height=\"300\" srcset=\"https:\/\/sp8tg.pl\/web\/wp-content\/uploads\/2016\/05\/IMG_79304882-225x300.jpg 225w, https:\/\/sp8tg.pl\/web\/wp-content\/uploads\/2016\/05\/IMG_79304882-768x1024.jpg 768w, https:\/\/sp8tg.pl\/web\/wp-content\/uploads\/2016\/05\/IMG_79304882-1200x1600.jpg 1200w\" sizes=\"(max-width: 225px) 85vw, 225px\" \/>&nbsp; &nbsp; &nbsp; <img loading=\"lazy\" decoding=\"async\" class=\"alignnone size-medium wp-image-5848\" src=\"http:\/\/gim4.tgory.pl\/web\/wp-content\/uploads\/2016\/05\/IMG_79324884-225x300.jpg\" alt=\"\" width=\"225\" height=\"300\" srcset=\"https:\/\/sp8tg.pl\/web\/wp-content\/uploads\/2016\/05\/IMG_79324884-225x300.jpg 225w, https:\/\/sp8tg.pl\/web\/wp-content\/uploads\/2016\/05\/IMG_79324884-768x1024.jpg 768w, https:\/\/sp8tg.pl\/web\/wp-content\/uploads\/2016\/05\/IMG_79324884-1200x1600.jpg 1200w\" sizes=\"(max-width: 225px) 85vw, 225px\" \/><\/p>\n<h6 class=\"widget-title\">Sekretariat reprezentuje:<\/h6>\n<h6 class=\"widget-title\">mgr Monika Hoim (sekretarz szko\u0142y)<\/h6>\n<h6>in\u017c. Agnieszka \u017bura\u0144ska (sekretarka)<\/h6>\n<h6 class=\"widget-title\"><em>Sekretariat szko\u0142y czynny jest<\/em> od<strong> poniedzia\u0142ku<\/strong> do <strong>pi\u0105tku<\/strong> od godziny <span style=\"color: #ff0000;\">7:00 <\/span>do<span style=\"color: #ff0000;\"> 15:00.<\/span><\/h6>\n<h6 class=\"widget-title\">&nbsp; tel\/fax&nbsp;<span style=\"color: #ff0000;\"> 32\/285 51 17<\/span><\/h6>\n<h6 class=\"widget-title\">e-mail szko\u0142y: <span style=\"color: #ff0000;\">sekretariat@sp8tg.pl<br \/>\n<\/span><\/h6>\n<h6 class=\"widget-title\">&nbsp;&nbsp;&nbsp;&nbsp;&nbsp;&nbsp;&nbsp;&nbsp;&nbsp;&nbsp;&nbsp;&nbsp;&nbsp;&nbsp;&nbsp;&nbsp;&nbsp;&nbsp;&nbsp;&nbsp;&nbsp;&nbsp;&nbsp;&nbsp;&nbsp;&nbsp;&nbsp;&nbsp;&nbsp;&nbsp;&nbsp;&nbsp;&nbsp;&nbsp;&nbsp;&nbsp;&nbsp;&nbsp;&nbsp;&nbsp;&nbsp;&nbsp;&nbsp;&nbsp;&nbsp;&nbsp;&nbsp;&nbsp;&nbsp;&nbsp;&nbsp;&nbsp;&nbsp;&nbsp; &nbsp; &nbsp; &nbsp; &nbsp; &nbsp; &nbsp; &nbsp; &nbsp; &nbsp; &nbsp; &nbsp; &nbsp; &nbsp; &nbsp; &nbsp; &nbsp; &nbsp; &nbsp; &nbsp; &nbsp; &nbsp; &nbsp; <strong>&nbsp; Zapraszamy \ud83d\ude42<br \/>\n<\/strong><\/h6>\n","protected":false},"excerpt":{"rendered":"<p>&nbsp; &nbsp;&nbsp;&nbsp;&nbsp; &nbsp;&nbsp;&nbsp;&nbsp;&nbsp; &nbsp; &nbsp; &nbsp; Sekretariat reprezentuje: mgr Monika Hoim (sekretarz szko\u0142y) in\u017c. Agnieszka \u017bura\u0144ska (sekretarka) Sekretariat szko\u0142y czynny jest od poniedzia\u0142ku do pi\u0105tku od godziny 7:00 do 15:00. &nbsp; tel\/fax&nbsp; 32\/285 51 17 e-mail szko\u0142y: sekretariat@sp8tg.pl &nbsp;&nbsp;&nbsp;&nbsp;&nbsp;&nbsp;&nbsp;&nbsp;&nbsp;&nbsp;&nbsp;&nbsp;&nbsp;&nbsp;&nbsp;&nbsp;&nbsp;&nbsp;&nbsp;&nbsp;&nbsp;&nbsp;&nbsp;&nbsp;&nbsp;&nbsp;&nbsp;&nbsp;&nbsp;&nbsp;&nbsp;&nbsp;&nbsp;&nbsp;&nbsp;&nbsp;&nbsp;&nbsp;&nbsp;&nbsp;&nbsp;&nbsp;&nbsp;&nbsp;&nbsp;&nbsp;&nbsp;&nbsp;&nbsp;&nbsp;&nbsp;&nbsp;&nbsp;&nbsp; &nbsp; &nbsp; &nbsp; &nbsp; &nbsp; &nbsp; &nbsp; &nbsp; &nbsp; &nbsp; &nbsp; &nbsp; &nbsp; &nbsp; &nbsp; &nbsp; &hellip; <a href=\"https:\/\/sp8tg.pl\/web\/dla-uczniow\/sekretariat\/\" class=\"more-link\">Czytaj dalej<span class=\"screen-reader-text\"> \u201eSekretariat\u201d<\/span><\/a><\/p>\n","protected":false},"author":1,"featured_media":0,"parent":51,"menu_order":0,"comment_status":"closed","ping_status":"closed","template":"","meta":{"ngg_post_thumbnail":0,"footnotes":""},"_links":{"self":[{"href":"https:\/\/sp8tg.pl\/web\/wp-json\/wp\/v2\/pages\/3612"}],"collection":[{"href":"https:\/\/sp8tg.pl\/web\/wp-json\/wp\/v2\/pages"}],"about":[{"href":"https:\/\/sp8tg.pl\/web\/wp-json\/wp\/v2\/types\/page"}],"author":[{"embeddable":true,"href":"https:\/\/sp8tg.pl\/web\/wp-json\/wp\/v2\/users\/1"}],"replies":[{"embeddable":true,"href":"https:\/\/sp8tg.pl\/web\/wp-json\/wp\/v2\/comments?post=3612"}],"version-history":[{"count":16,"href":"https:\/\/sp8tg.pl\/web\/wp-json\/wp\/v2\/pages\/3612\/revisions"}],"predecessor-version":[{"id":16766,"href":"https:\/\/sp8tg.pl\/web\/wp-json\/wp\/v2\/pages\/3612\/revisions\/16766"}],"up":[{"embeddable":true,"href":"https:\/\/sp8tg.pl\/web\/wp-json\/wp\/v2\/pages\/51"}],"wp:attachment":[{"href":"https:\/\/sp8tg.pl\/web\/wp-json\/wp\/v2\/media?parent=3612"}],"curies":[{"name":"wp","href":"https:\/\/api.w.org\/{rel}","templated":true}]}}