{"id":35,"date":"2016-02-22T06:12:56","date_gmt":"2016-02-22T05:12:56","guid":{"rendered":"http:\/\/station75.com\/gm4\/?page_id=35"},"modified":"2026-02-27T10:31:27","modified_gmt":"2026-02-27T09:31:27","slug":"rekrutacja","status":"publish","type":"page","link":"https:\/\/sp8tg.pl\/web\/dla-rodzicow\/rekrutacja\/","title":{"rendered":"Rekrutacja"},"content":{"rendered":"<h2>&nbsp;&nbsp; &nbsp; <img loading=\"lazy\" decoding=\"async\" class=\"alignnone size-medium wp-image-5604\" src=\"http:\/\/gim4.tgory.pl\/web\/wp-content\/uploads\/2016\/05\/20170421_134929207_iOS-e1494114416704-225x300.jpg\" alt=\"\" width=\"225\" height=\"300\" srcset=\"https:\/\/sp8tg.pl\/web\/wp-content\/uploads\/2016\/05\/20170421_134929207_iOS-e1494114416704-225x300.jpg 225w, https:\/\/sp8tg.pl\/web\/wp-content\/uploads\/2016\/05\/20170421_134929207_iOS-e1494114416704-768x1024.jpg 768w, https:\/\/sp8tg.pl\/web\/wp-content\/uploads\/2016\/05\/20170421_134929207_iOS-e1494114416704-1200x1600.jpg 1200w\" sizes=\"(max-width: 225px) 85vw, 225px\" \/> <img loading=\"lazy\" decoding=\"async\" class=\"alignnone size-medium wp-image-5605\" src=\"http:\/\/gim4.tgory.pl\/web\/wp-content\/uploads\/2016\/05\/20170421_134926554_iOS-e1494114398171-225x300.jpg\" alt=\"\" width=\"225\" height=\"300\" srcset=\"https:\/\/sp8tg.pl\/web\/wp-content\/uploads\/2016\/05\/20170421_134926554_iOS-e1494114398171-225x300.jpg 225w, https:\/\/sp8tg.pl\/web\/wp-content\/uploads\/2016\/05\/20170421_134926554_iOS-e1494114398171-768x1024.jpg 768w, https:\/\/sp8tg.pl\/web\/wp-content\/uploads\/2016\/05\/20170421_134926554_iOS-e1494114398171-1200x1600.jpg 1200w\" sizes=\"(max-width: 225px) 85vw, 225px\" \/> &nbsp;<img loading=\"lazy\" decoding=\"async\" class=\"alignnone size-medium wp-image-5603\" src=\"http:\/\/gim4.tgory.pl\/web\/wp-content\/uploads\/2016\/05\/20170421_134916351_iOS-e1494114440738-225x300.jpg\" alt=\"\" width=\"225\" height=\"300\" srcset=\"https:\/\/sp8tg.pl\/web\/wp-content\/uploads\/2016\/05\/20170421_134916351_iOS-e1494114440738-225x300.jpg 225w, https:\/\/sp8tg.pl\/web\/wp-content\/uploads\/2016\/05\/20170421_134916351_iOS-e1494114440738-768x1024.jpg 768w, https:\/\/sp8tg.pl\/web\/wp-content\/uploads\/2016\/05\/20170421_134916351_iOS-e1494114440738-1200x1600.jpg 1200w\" sizes=\"(max-width: 225px) 85vw, 225px\" \/><\/h2>\n<h2>Witamy na stronie rekrutacyjnej do naszej szko\u0142y, kt\u00f3ra z dniem 1 wrze\u015bnia 2017 r. przekszta\u0142ci\u0142a si\u0119 w &#8222;\u00f3semk\u0119&#8221;-<span style=\"color: #ff0000;\">Szko\u0142\u0119 Podstawow\u0105 nr 8 im. Pu\u0142ku 3. U\u0142an\u00f3w \u015al\u0105skich <\/span><span style=\"color: #000000;\">w Tarnowskich G\u00f3rach.<\/span><span style=\"color: #ff0000;\"><br \/>\n<\/span><\/h2>\n<p>&nbsp;&nbsp;&nbsp;&nbsp;&nbsp;&nbsp;&nbsp;&nbsp;&nbsp;&nbsp;&nbsp;&nbsp;&nbsp;&nbsp;&nbsp;&nbsp;&nbsp;&nbsp;&nbsp;&nbsp;&nbsp;&nbsp;&nbsp;&nbsp;&nbsp;&nbsp;&nbsp;&nbsp;&nbsp;&nbsp;&nbsp;&nbsp;&nbsp;&nbsp;&nbsp;&nbsp;&nbsp;&nbsp;&nbsp;&nbsp;&nbsp;&nbsp;&nbsp;&nbsp;&nbsp;&nbsp;&nbsp;&nbsp;&nbsp;&nbsp;&nbsp; &nbsp;&nbsp;&nbsp;&nbsp;&nbsp;&nbsp;&nbsp;&nbsp; &nbsp;&nbsp; <img loading=\"lazy\" decoding=\"async\" class=\"alignnone size-medium wp-image-7616\" src=\"http:\/\/gim4.tgory.pl\/web\/wp-content\/uploads\/2016\/02\/1-e1521388866566-225x300.jpg\" alt=\"\" width=\"225\" height=\"300\" srcset=\"https:\/\/sp8tg.pl\/web\/wp-content\/uploads\/2016\/02\/1-e1521388866566-225x300.jpg 225w, https:\/\/sp8tg.pl\/web\/wp-content\/uploads\/2016\/02\/1-e1521388866566-768x1024.jpg 768w, https:\/\/sp8tg.pl\/web\/wp-content\/uploads\/2016\/02\/1-e1521388866566-1200x1600.jpg 1200w\" sizes=\"(max-width: 225px) 85vw, 225px\" \/><\/p>\n<h1>&nbsp;&nbsp;&nbsp;&nbsp;&nbsp;&nbsp;&nbsp;&nbsp;&nbsp;&nbsp;&nbsp;&nbsp;&nbsp;&nbsp;&nbsp;&nbsp;&nbsp;&nbsp;&nbsp;&nbsp;&nbsp;&nbsp;&nbsp;&nbsp;&nbsp;&nbsp;&nbsp;&nbsp;&nbsp;&nbsp;&nbsp;&nbsp;&nbsp;&nbsp; ROK 2026\/2027<\/h1>\n<h1><em><strong>Prosimy o zapoznanie si\u0119 z aktualn\u0105 dokumentacj\u0105 rekrutacyjn\u0105 na rok szkolny <span style=\"color: #ff0000;\">2026\/2027<\/span>&nbsp;znajduj\u0105c\u0105 si\u0119 w zak\u0142adce &#8222;REKRUTACJA&#8221; (g\u0142\u00f3wna strona szko\u0142y)<br \/>\n<\/strong><\/em><\/h1>\n<hr>\n<p style=\"text-align: center;\"><strong>MY i NASZA szko\u0142a \ud83d\ude42<\/strong><\/p>\n<p>&nbsp;<img loading=\"lazy\" decoding=\"async\" class=\"alignnone size-medium wp-image-5396\" src=\"http:\/\/gim4.tgory.pl\/web\/wp-content\/uploads\/2017\/04\/1-32-300x200.jpg\" alt=\"\" width=\"300\" height=\"200\" srcset=\"https:\/\/sp8tg.pl\/web\/wp-content\/uploads\/2017\/04\/1-32-300x200.jpg 300w, https:\/\/sp8tg.pl\/web\/wp-content\/uploads\/2017\/04\/1-32-768x512.jpg 768w, https:\/\/sp8tg.pl\/web\/wp-content\/uploads\/2017\/04\/1-32-1024x683.jpg 1024w, https:\/\/sp8tg.pl\/web\/wp-content\/uploads\/2017\/04\/1-32-1200x800.jpg 1200w\" sizes=\"(max-width: 300px) 85vw, 300px\" \/> &nbsp; &nbsp; &nbsp; &nbsp; <img loading=\"lazy\" decoding=\"async\" class=\"alignnone size-medium wp-image-5393\" src=\"http:\/\/gim4.tgory.pl\/web\/wp-content\/uploads\/2017\/04\/1-5-300x200.jpg\" alt=\"\" width=\"300\" height=\"200\" srcset=\"https:\/\/sp8tg.pl\/web\/wp-content\/uploads\/2017\/04\/1-5-300x200.jpg 300w, https:\/\/sp8tg.pl\/web\/wp-content\/uploads\/2017\/04\/1-5-768x512.jpg 768w, https:\/\/sp8tg.pl\/web\/wp-content\/uploads\/2017\/04\/1-5-1024x683.jpg 1024w, https:\/\/sp8tg.pl\/web\/wp-content\/uploads\/2017\/04\/1-5-1200x800.jpg 1200w\" sizes=\"(max-width: 300px) 85vw, 300px\" \/><\/p>\n<p>&nbsp;<img loading=\"lazy\" decoding=\"async\" class=\"alignnone size-medium wp-image-5391\" src=\"http:\/\/gim4.tgory.pl\/web\/wp-content\/uploads\/2017\/04\/1-29-300x200.jpg\" alt=\"\" width=\"300\" height=\"200\" srcset=\"https:\/\/sp8tg.pl\/web\/wp-content\/uploads\/2017\/04\/1-29-300x200.jpg 300w, https:\/\/sp8tg.pl\/web\/wp-content\/uploads\/2017\/04\/1-29-768x512.jpg 768w, https:\/\/sp8tg.pl\/web\/wp-content\/uploads\/2017\/04\/1-29-1024x683.jpg 1024w, https:\/\/sp8tg.pl\/web\/wp-content\/uploads\/2017\/04\/1-29-1200x800.jpg 1200w\" sizes=\"(max-width: 300px) 85vw, 300px\" \/>&nbsp;&nbsp;&nbsp;&nbsp;&nbsp;&nbsp;&nbsp; <img loading=\"lazy\" decoding=\"async\" class=\"alignnone size-medium wp-image-5387\" src=\"http:\/\/gim4.tgory.pl\/web\/wp-content\/uploads\/2017\/04\/1-7-300x200.jpg\" alt=\"\" width=\"300\" height=\"200\" srcset=\"https:\/\/sp8tg.pl\/web\/wp-content\/uploads\/2017\/04\/1-7-300x200.jpg 300w, https:\/\/sp8tg.pl\/web\/wp-content\/uploads\/2017\/04\/1-7-768x512.jpg 768w, https:\/\/sp8tg.pl\/web\/wp-content\/uploads\/2017\/04\/1-7-1024x683.jpg 1024w, https:\/\/sp8tg.pl\/web\/wp-content\/uploads\/2017\/04\/1-7-1200x800.jpg 1200w\" sizes=\"(max-width: 300px) 85vw, 300px\" \/><\/p>\n<p>&nbsp;<img loading=\"lazy\" decoding=\"async\" class=\"alignnone size-medium wp-image-5384\" src=\"http:\/\/gim4.tgory.pl\/web\/wp-content\/uploads\/2017\/04\/1-23-300x200.jpg\" alt=\"\" width=\"300\" height=\"200\" srcset=\"https:\/\/sp8tg.pl\/web\/wp-content\/uploads\/2017\/04\/1-23-300x200.jpg 300w, https:\/\/sp8tg.pl\/web\/wp-content\/uploads\/2017\/04\/1-23-768x512.jpg 768w, https:\/\/sp8tg.pl\/web\/wp-content\/uploads\/2017\/04\/1-23-1024x683.jpg 1024w, https:\/\/sp8tg.pl\/web\/wp-content\/uploads\/2017\/04\/1-23-1200x800.jpg 1200w\" sizes=\"(max-width: 300px) 85vw, 300px\" \/>&nbsp;&nbsp;&nbsp;&nbsp;&nbsp;&nbsp;&nbsp; <img loading=\"lazy\" decoding=\"async\" class=\"alignnone size-medium wp-image-5385\" src=\"http:\/\/gim4.tgory.pl\/web\/wp-content\/uploads\/2017\/04\/1-21-300x200.jpg\" alt=\"\" width=\"300\" height=\"200\" srcset=\"https:\/\/sp8tg.pl\/web\/wp-content\/uploads\/2017\/04\/1-21-300x200.jpg 300w, https:\/\/sp8tg.pl\/web\/wp-content\/uploads\/2017\/04\/1-21-768x512.jpg 768w, https:\/\/sp8tg.pl\/web\/wp-content\/uploads\/2017\/04\/1-21-1024x683.jpg 1024w, https:\/\/sp8tg.pl\/web\/wp-content\/uploads\/2017\/04\/1-21-1200x800.jpg 1200w\" sizes=\"(max-width: 300px) 85vw, 300px\" \/>&nbsp; &nbsp;<\/p>\n<p>&nbsp; &nbsp;&nbsp; <img loading=\"lazy\" decoding=\"async\" class=\"alignnone size-medium wp-image-5415\" src=\"http:\/\/gim4.tgory.pl\/web\/wp-content\/uploads\/2017\/04\/20170421_170049000_iOS30925-300x225.jpg\" alt=\"\" width=\"300\" height=\"225\" srcset=\"https:\/\/sp8tg.pl\/web\/wp-content\/uploads\/2017\/04\/20170421_170049000_iOS30925-300x225.jpg 300w, https:\/\/sp8tg.pl\/web\/wp-content\/uploads\/2017\/04\/20170421_170049000_iOS30925-768x576.jpg 768w, https:\/\/sp8tg.pl\/web\/wp-content\/uploads\/2017\/04\/20170421_170049000_iOS30925-1024x768.jpg 1024w, https:\/\/sp8tg.pl\/web\/wp-content\/uploads\/2017\/04\/20170421_170049000_iOS30925-1200x900.jpg 1200w, https:\/\/sp8tg.pl\/web\/wp-content\/uploads\/2017\/04\/20170421_170049000_iOS30925.jpg 1600w\" sizes=\"(max-width: 300px) 85vw, 300px\" \/> &nbsp; &nbsp; &nbsp;&nbsp; <img loading=\"lazy\" decoding=\"async\" class=\"alignnone size-medium wp-image-7438\" src=\"http:\/\/gim4.tgory.pl\/web\/wp-content\/uploads\/2018\/02\/1-4-e1518778511324-225x300.jpg\" alt=\"\" width=\"225\" height=\"300\" srcset=\"https:\/\/sp8tg.pl\/web\/wp-content\/uploads\/2018\/02\/1-4-e1518778511324-225x300.jpg 225w, https:\/\/sp8tg.pl\/web\/wp-content\/uploads\/2018\/02\/1-4-e1518778511324-768x1024.jpg 768w, https:\/\/sp8tg.pl\/web\/wp-content\/uploads\/2018\/02\/1-4-e1518778511324-1200x1600.jpg 1200w\" sizes=\"(max-width: 225px) 85vw, 225px\" \/><\/p>\n<p>&nbsp; &nbsp; &nbsp; <img loading=\"lazy\" decoding=\"async\" class=\"alignnone size-medium wp-image-7070\" src=\"http:\/\/gim4.tgory.pl\/web\/wp-content\/uploads\/2017\/12\/6-2-e1512570784504-225x300.jpg\" alt=\"\" width=\"225\" height=\"300\" srcset=\"https:\/\/sp8tg.pl\/web\/wp-content\/uploads\/2017\/12\/6-2-e1512570784504-225x300.jpg 225w, https:\/\/sp8tg.pl\/web\/wp-content\/uploads\/2017\/12\/6-2-e1512570784504-768x1024.jpg 768w, https:\/\/sp8tg.pl\/web\/wp-content\/uploads\/2017\/12\/6-2-e1512570784504-1200x1600.jpg 1200w\" sizes=\"(max-width: 225px) 85vw, 225px\" \/>&nbsp; &nbsp; &nbsp; &nbsp;&nbsp; &nbsp; <img loading=\"lazy\" decoding=\"async\" class=\"alignnone size-medium wp-image-7023\" src=\"http:\/\/gim4.tgory.pl\/web\/wp-content\/uploads\/2017\/12\/11-300x169.jpg\" alt=\"\" width=\"300\" height=\"169\" srcset=\"https:\/\/sp8tg.pl\/web\/wp-content\/uploads\/2017\/12\/11-300x169.jpg 300w, https:\/\/sp8tg.pl\/web\/wp-content\/uploads\/2017\/12\/11-768x432.jpg 768w, https:\/\/sp8tg.pl\/web\/wp-content\/uploads\/2017\/12\/11-1024x576.jpg 1024w, https:\/\/sp8tg.pl\/web\/wp-content\/uploads\/2017\/12\/11-1200x675.jpg 1200w, https:\/\/sp8tg.pl\/web\/wp-content\/uploads\/2017\/12\/11.jpg 1600w\" sizes=\"(max-width: 300px) 85vw, 300px\" \/><\/p>\n<p>&nbsp;&nbsp; &nbsp;&nbsp; <img loading=\"lazy\" decoding=\"async\" class=\"alignnone size-medium wp-image-6826\" src=\"http:\/\/gim4.tgory.pl\/web\/wp-content\/uploads\/2017\/11\/5-e1509608887625-225x300.jpg\" alt=\"\" width=\"225\" height=\"300\" srcset=\"https:\/\/sp8tg.pl\/web\/wp-content\/uploads\/2017\/11\/5-e1509608887625-225x300.jpg 225w, https:\/\/sp8tg.pl\/web\/wp-content\/uploads\/2017\/11\/5-e1509608887625-768x1024.jpg 768w, https:\/\/sp8tg.pl\/web\/wp-content\/uploads\/2017\/11\/5-e1509608887625-1200x1600.jpg 1200w\" sizes=\"(max-width: 225px) 85vw, 225px\" \/>&nbsp; &nbsp; &nbsp; <img loading=\"lazy\" decoding=\"async\" class=\"alignnone size-medium wp-image-6982\" src=\"http:\/\/gim4.tgory.pl\/web\/wp-content\/uploads\/2017\/11\/16-1-300x224.jpg\" alt=\"\" width=\"300\" height=\"224\" srcset=\"https:\/\/sp8tg.pl\/web\/wp-content\/uploads\/2017\/11\/16-1-300x224.jpg 300w, https:\/\/sp8tg.pl\/web\/wp-content\/uploads\/2017\/11\/16-1-768x573.jpg 768w, https:\/\/sp8tg.pl\/web\/wp-content\/uploads\/2017\/11\/16-1-1024x764.jpg 1024w, https:\/\/sp8tg.pl\/web\/wp-content\/uploads\/2017\/11\/16-1-1200x896.jpg 1200w\" sizes=\"(max-width: 300px) 85vw, 300px\" \/><\/p>\n<p>&nbsp; &nbsp; &nbsp;&nbsp; <img loading=\"lazy\" decoding=\"async\" class=\"alignnone size-medium wp-image-6968\" src=\"http:\/\/gim4.tgory.pl\/web\/wp-content\/uploads\/2017\/11\/3-5-e1511274669528-225x300.jpg\" alt=\"\" width=\"225\" height=\"300\" srcset=\"https:\/\/sp8tg.pl\/web\/wp-content\/uploads\/2017\/11\/3-5-e1511274669528-225x300.jpg 225w, https:\/\/sp8tg.pl\/web\/wp-content\/uploads\/2017\/11\/3-5-e1511274669528-768x1024.jpg 768w, https:\/\/sp8tg.pl\/web\/wp-content\/uploads\/2017\/11\/3-5-e1511274669528-1200x1600.jpg 1200w\" sizes=\"(max-width: 225px) 85vw, 225px\" \/>&nbsp;&nbsp;&nbsp;&nbsp;&nbsp;&nbsp; <img loading=\"lazy\" decoding=\"async\" class=\"alignnone size-medium wp-image-6976\" src=\"http:\/\/gim4.tgory.pl\/web\/wp-content\/uploads\/2017\/11\/10-2-300x224.jpg\" alt=\"\" width=\"300\" height=\"224\" srcset=\"https:\/\/sp8tg.pl\/web\/wp-content\/uploads\/2017\/11\/10-2-300x224.jpg 300w, https:\/\/sp8tg.pl\/web\/wp-content\/uploads\/2017\/11\/10-2-768x573.jpg 768w, https:\/\/sp8tg.pl\/web\/wp-content\/uploads\/2017\/11\/10-2-1024x764.jpg 1024w, https:\/\/sp8tg.pl\/web\/wp-content\/uploads\/2017\/11\/10-2-1200x896.jpg 1200w\" sizes=\"(max-width: 300px) 85vw, 300px\" \/><\/p>\n<p>&nbsp; &nbsp; &nbsp; &nbsp; &nbsp;&nbsp; &nbsp;&nbsp;&nbsp; <img loading=\"lazy\" decoding=\"async\" class=\"alignnone size-medium wp-image-6907\" src=\"http:\/\/gim4.tgory.pl\/web\/wp-content\/uploads\/2017\/11\/19-e1510513289160-225x300.jpg\" alt=\"\" width=\"225\" height=\"300\" srcset=\"https:\/\/sp8tg.pl\/web\/wp-content\/uploads\/2017\/11\/19-e1510513289160-225x300.jpg 225w, https:\/\/sp8tg.pl\/web\/wp-content\/uploads\/2017\/11\/19-e1510513289160-768x1024.jpg 768w, https:\/\/sp8tg.pl\/web\/wp-content\/uploads\/2017\/11\/19-e1510513289160-1200x1600.jpg 1200w\" sizes=\"(max-width: 225px) 85vw, 225px\" \/>&nbsp; &nbsp; &nbsp; &nbsp; <img loading=\"lazy\" decoding=\"async\" class=\"alignnone size-medium wp-image-6852\" src=\"http:\/\/gim4.tgory.pl\/web\/wp-content\/uploads\/2017\/11\/9-1-e1521191959455-225x300.jpg\" alt=\"\" width=\"225\" height=\"300\" srcset=\"https:\/\/sp8tg.pl\/web\/wp-content\/uploads\/2017\/11\/9-1-e1521191959455-225x300.jpg 225w, https:\/\/sp8tg.pl\/web\/wp-content\/uploads\/2017\/11\/9-1-e1521191959455-768x1024.jpg 768w, https:\/\/sp8tg.pl\/web\/wp-content\/uploads\/2017\/11\/9-1-e1521191959455-1200x1600.jpg 1200w\" sizes=\"(max-width: 225px) 85vw, 225px\" \/><\/p>\n<p>&nbsp; &nbsp; &nbsp; &nbsp; &nbsp; &nbsp; &nbsp; &nbsp; &nbsp; &nbsp;&nbsp; &nbsp; &nbsp; &nbsp; &nbsp; &nbsp; &nbsp; &nbsp; &nbsp; &nbsp;&nbsp;&nbsp;&nbsp; <img loading=\"lazy\" decoding=\"async\" class=\"alignnone size-medium wp-image-7338\" src=\"http:\/\/gim4.tgory.pl\/web\/wp-content\/uploads\/2017\/03\/IMG_3597-300x225.jpg\" alt=\"\" width=\"300\" height=\"225\" srcset=\"https:\/\/sp8tg.pl\/web\/wp-content\/uploads\/2017\/03\/IMG_3597-300x225.jpg 300w, https:\/\/sp8tg.pl\/web\/wp-content\/uploads\/2017\/03\/IMG_3597-768x576.jpg 768w, https:\/\/sp8tg.pl\/web\/wp-content\/uploads\/2017\/03\/IMG_3597-1024x768.jpg 1024w, https:\/\/sp8tg.pl\/web\/wp-content\/uploads\/2017\/03\/IMG_3597-1200x900.jpg 1200w\" sizes=\"(max-width: 300px) 85vw, 300px\" \/><\/p>\n<p>&nbsp;&nbsp;&nbsp;&nbsp;<\/p>\n<p><strong>&nbsp;&nbsp;&nbsp;&nbsp;&nbsp;&nbsp;&nbsp;&nbsp;&nbsp;&nbsp;&nbsp;&nbsp;&nbsp;&nbsp;&nbsp;&nbsp;&nbsp;&nbsp;&nbsp;&nbsp;&nbsp;&nbsp;&nbsp;&nbsp;&nbsp;&nbsp;&nbsp;&nbsp;&nbsp;&nbsp;&nbsp;&nbsp;&nbsp;&nbsp;&nbsp;&nbsp;&nbsp;&nbsp;&nbsp;&nbsp;&nbsp;&nbsp;&nbsp;&nbsp;&nbsp;&nbsp;&nbsp;&nbsp;&nbsp;&nbsp;&nbsp;&nbsp;&nbsp;&nbsp;&nbsp;&nbsp;&nbsp;&nbsp;&nbsp;&nbsp;&nbsp;&nbsp;&nbsp;&nbsp;&nbsp;&nbsp;&nbsp;&nbsp;&nbsp;&nbsp;&nbsp;&nbsp;&nbsp;&nbsp;&nbsp;&nbsp;&nbsp;&nbsp;&nbsp;&nbsp;&nbsp;&nbsp;&nbsp;&nbsp;&nbsp;&nbsp;&nbsp;&nbsp;&nbsp;&nbsp;&nbsp;&nbsp;&nbsp;&nbsp;&nbsp;&nbsp;&nbsp;&nbsp;&nbsp;&nbsp;&nbsp;&nbsp;&nbsp; Serdecznie zapraszamy \ud83d\ude42<\/strong><\/p>\n<hr>\n<p><strong>Okres nauki w w nowej szkole, to czas wa\u017cny dla ka\u017cdego :<\/strong><\/p>\n<ul>\n<li><strong>&nbsp;UCZNIA,<\/strong><\/li>\n<li><strong>&nbsp;RODZICA.<\/strong><\/li>\n<li><strong>DYREKCJI, GRONA PEDAGOGICZNEGO.<\/strong><\/li>\n<\/ul>\n<p><em><strong>Zach\u0119camy przysz\u0142ych naszych uczni\u00f3w by do\u0142\u0105czyli do naszej spo\u0142eczno\u015bci szkolnej. Dyrekcja i nauczyciele, to ludzie z pasj\u0105 , zaanga\u017cowaniem i do\u015bwiadczeniem w pracy z dzie\u0107mi i m\u0142odzie\u017c\u0105. Mo\u017cemy zapewni\u0107 zdobywanie wiedzy w przyjaznej atmosferze, bezpiecznym i ciekawym otoczeniu z r\u00f3wnie ciekawymi lud\u017ami. Solidnie przygotowujemy uczni\u00f3w do dalszej edukacji.<\/strong><\/em><\/p>\n<ul>\n<li><a href=\"http:\/\/gim4.tgory.pl\/web\/wp-content\/uploads\/2016\/05\/Adaptacja-uczni\u00f3w-w-nowym-\u015brodowisku-szkolnym.pdf\">adaptacja-uczniow-w-nowym-srodowisku-szkolnym<\/a><\/li>\n<\/ul>\n<h5>&nbsp;&nbsp;&nbsp;&nbsp;&nbsp;&nbsp;&nbsp;&nbsp;&nbsp;&nbsp;&nbsp;&nbsp;&nbsp;&nbsp;&nbsp;&nbsp;&nbsp;&nbsp;&nbsp;&nbsp;&nbsp;&nbsp;&nbsp;&nbsp;&nbsp;&nbsp;&nbsp;&nbsp;&nbsp;&nbsp;&nbsp;&nbsp;&nbsp;&nbsp;&nbsp;&nbsp;&nbsp;&nbsp;&nbsp;&nbsp;&nbsp;&nbsp;&nbsp;&nbsp;&nbsp;&nbsp;&nbsp;&nbsp;&nbsp;&nbsp;&nbsp;&nbsp;&nbsp;&nbsp;&nbsp;&nbsp;&nbsp;&nbsp;&nbsp;&nbsp;&nbsp;&nbsp;&nbsp;&nbsp;&nbsp;&nbsp;&nbsp;&nbsp;&nbsp;&nbsp;&nbsp;&nbsp;&nbsp;&nbsp;&nbsp;&nbsp;&nbsp;&nbsp;&nbsp;&nbsp;&nbsp;&nbsp;&nbsp;&nbsp;&nbsp;&nbsp;&nbsp;&nbsp;&nbsp;&nbsp;&nbsp;&nbsp;&nbsp;&nbsp;&nbsp;&nbsp;&nbsp;&nbsp; <strong>Zapraszamy \ud83d\ude42<\/strong><\/h5>\n<p>&nbsp;<\/p>\n","protected":false},"excerpt":{"rendered":"<p>&nbsp;&nbsp; &nbsp; &nbsp; Witamy na stronie rekrutacyjnej do naszej szko\u0142y, kt\u00f3ra z dniem 1 wrze\u015bnia 2017 r. przekszta\u0142ci\u0142a si\u0119 w &#8222;\u00f3semk\u0119&#8221;-Szko\u0142\u0119 Podstawow\u0105 nr 8 im. Pu\u0142ku 3. U\u0142an\u00f3w \u015al\u0105skich w Tarnowskich G\u00f3rach. &nbsp;&nbsp;&nbsp;&nbsp;&nbsp;&nbsp;&nbsp;&nbsp;&nbsp;&nbsp;&nbsp;&nbsp;&nbsp;&nbsp;&nbsp;&nbsp;&nbsp;&nbsp;&nbsp;&nbsp;&nbsp;&nbsp;&nbsp;&nbsp;&nbsp;&nbsp;&nbsp;&nbsp;&nbsp;&nbsp;&nbsp;&nbsp;&nbsp;&nbsp;&nbsp;&nbsp;&nbsp;&nbsp;&nbsp;&nbsp;&nbsp;&nbsp;&nbsp;&nbsp;&nbsp;&nbsp;&nbsp;&nbsp;&nbsp;&nbsp;&nbsp; &nbsp;&nbsp;&nbsp;&nbsp;&nbsp;&nbsp;&nbsp;&nbsp; &nbsp;&nbsp; &nbsp;&nbsp;&nbsp;&nbsp;&nbsp;&nbsp;&nbsp;&nbsp;&nbsp;&nbsp;&nbsp;&nbsp;&nbsp;&nbsp;&nbsp;&nbsp;&nbsp;&nbsp;&nbsp;&nbsp;&nbsp;&nbsp;&nbsp;&nbsp;&nbsp;&nbsp;&nbsp;&nbsp;&nbsp;&nbsp;&nbsp;&nbsp;&nbsp;&nbsp; ROK 2026\/2027 Prosimy o zapoznanie si\u0119 z aktualn\u0105 dokumentacj\u0105 rekrutacyjn\u0105 na rok szkolny 2026\/2027&nbsp;znajduj\u0105c\u0105 si\u0119 w zak\u0142adce &#8222;REKRUTACJA&#8221; (g\u0142\u00f3wna &hellip; <a href=\"https:\/\/sp8tg.pl\/web\/dla-rodzicow\/rekrutacja\/\" class=\"more-link\">Czytaj dalej<span class=\"screen-reader-text\"> \u201eRekrutacja\u201d<\/span><\/a><\/p>\n","protected":false},"author":1,"featured_media":0,"parent":3617,"menu_order":0,"comment_status":"closed","ping_status":"closed","template":"","meta":{"ngg_post_thumbnail":0,"footnotes":""},"_links":{"self":[{"href":"https:\/\/sp8tg.pl\/web\/wp-json\/wp\/v2\/pages\/35"}],"collection":[{"href":"https:\/\/sp8tg.pl\/web\/wp-json\/wp\/v2\/pages"}],"about":[{"href":"https:\/\/sp8tg.pl\/web\/wp-json\/wp\/v2\/types\/page"}],"author":[{"embeddable":true,"href":"https:\/\/sp8tg.pl\/web\/wp-json\/wp\/v2\/users\/1"}],"replies":[{"embeddable":true,"href":"https:\/\/sp8tg.pl\/web\/wp-json\/wp\/v2\/comments?post=35"}],"version-history":[{"count":53,"href":"https:\/\/sp8tg.pl\/web\/wp-json\/wp\/v2\/pages\/35\/revisions"}],"predecessor-version":[{"id":19510,"href":"https:\/\/sp8tg.pl\/web\/wp-json\/wp\/v2\/pages\/35\/revisions\/19510"}],"up":[{"embeddable":true,"href":"https:\/\/sp8tg.pl\/web\/wp-json\/wp\/v2\/pages\/3617"}],"wp:attachment":[{"href":"https:\/\/sp8tg.pl\/web\/wp-json\/wp\/v2\/media?parent=35"}],"curies":[{"name":"wp","href":"https:\/\/api.w.org\/{rel}","templated":true}]}}