{"id":28,"date":"2016-02-22T06:11:32","date_gmt":"2016-02-22T05:11:32","guid":{"rendered":"http:\/\/station75.com\/gm4\/?page_id=28"},"modified":"2025-09-11T10:10:28","modified_gmt":"2025-09-11T08:10:28","slug":"kontakt","status":"publish","type":"page","link":"https:\/\/sp8tg.pl\/web\/kontakt\/","title":{"rendered":"Kontakt"},"content":{"rendered":"<h3 class=\"widget-title\">Szko\u0142a Podstawowa nr 8 im. Pu\u0142ku 3. U\u0142an\u00f3w \u015al\u0105skich<\/h3>\n<h3>&nbsp;&nbsp;&nbsp;&nbsp;&nbsp;&nbsp;&nbsp;&nbsp;&nbsp;&nbsp;&nbsp;&nbsp;&nbsp;&nbsp;&nbsp;&nbsp;&nbsp;&nbsp;&nbsp;&nbsp;&nbsp;&nbsp;&nbsp;&nbsp;&nbsp;&nbsp;&nbsp;&nbsp;&nbsp;&nbsp;&nbsp;&nbsp;&nbsp; w Tarnowskich G\u00f3rach<\/h3>\n<p>&nbsp; <img loading=\"lazy\" decoding=\"async\" class=\"alignnone size-medium wp-image-5604\" src=\"http:\/\/gim4.tgory.pl\/web\/wp-content\/uploads\/2016\/05\/20170421_134929207_iOS-e1494114416704-225x300.jpg\" alt=\"\" width=\"225\" height=\"300\" srcset=\"https:\/\/sp8tg.pl\/web\/wp-content\/uploads\/2016\/05\/20170421_134929207_iOS-e1494114416704-225x300.jpg 225w, https:\/\/sp8tg.pl\/web\/wp-content\/uploads\/2016\/05\/20170421_134929207_iOS-e1494114416704-768x1024.jpg 768w, https:\/\/sp8tg.pl\/web\/wp-content\/uploads\/2016\/05\/20170421_134929207_iOS-e1494114416704-1200x1600.jpg 1200w\" sizes=\"(max-width: 225px) 85vw, 225px\" \/>&nbsp; <img loading=\"lazy\" decoding=\"async\" class=\"alignnone size-medium wp-image-5605\" src=\"http:\/\/gim4.tgory.pl\/web\/wp-content\/uploads\/2016\/05\/20170421_134926554_iOS-e1494114398171-225x300.jpg\" alt=\"\" width=\"225\" height=\"300\" srcset=\"https:\/\/sp8tg.pl\/web\/wp-content\/uploads\/2016\/05\/20170421_134926554_iOS-e1494114398171-225x300.jpg 225w, https:\/\/sp8tg.pl\/web\/wp-content\/uploads\/2016\/05\/20170421_134926554_iOS-e1494114398171-768x1024.jpg 768w, https:\/\/sp8tg.pl\/web\/wp-content\/uploads\/2016\/05\/20170421_134926554_iOS-e1494114398171-1200x1600.jpg 1200w\" sizes=\"(max-width: 225px) 85vw, 225px\" \/>&nbsp; <img loading=\"lazy\" decoding=\"async\" class=\"alignnone size-medium wp-image-5603\" src=\"http:\/\/gim4.tgory.pl\/web\/wp-content\/uploads\/2016\/05\/20170421_134916351_iOS-e1494114440738-225x300.jpg\" alt=\"\" width=\"225\" height=\"300\" srcset=\"https:\/\/sp8tg.pl\/web\/wp-content\/uploads\/2016\/05\/20170421_134916351_iOS-e1494114440738-225x300.jpg 225w, https:\/\/sp8tg.pl\/web\/wp-content\/uploads\/2016\/05\/20170421_134916351_iOS-e1494114440738-768x1024.jpg 768w, https:\/\/sp8tg.pl\/web\/wp-content\/uploads\/2016\/05\/20170421_134916351_iOS-e1494114440738-1200x1600.jpg 1200w\" sizes=\"(max-width: 225px) 85vw, 225px\" \/><\/p>\n<p class=\"widget-title\">&nbsp;<\/p>\n<h6 class=\"widget-title\" style=\"text-align: center;\"><strong>Szko\u0142a Podstawowa nr 8 im. Pu\u0142ku 3. U\u0142an\u00f3w \u015al\u0105skich w Tarnowskich G\u00f3rach<br \/>\n<\/strong><\/h6>\n<h6 class=\"widget-title\" style=\"text-align: center;\">ul. Janasa 11<br \/>\n42-612 Tarnowskie G\u00f3ry<\/h6>\n<h6 class=\"widget-title\" style=\"text-align: center;\">tel\/fax 32\/285 51 17<\/h6>\n<p>&nbsp;<\/p>\n<h6 class=\"widget-title\" style=\"text-align: center;\">e-mail szko\u0142y: <strong><span style=\"color: #0000ff;\">sekretariat@sp8tg.pl<\/span><\/strong><\/h6>\n<p>&nbsp;<\/p>\n<h6 class=\"widget-title\" style=\"text-align: center;\">Dyrektor szko\u0142y : <strong>mgr Beata Drzewiecka<\/strong><\/h6>\n<h6 style=\"text-align: center;\">Wicedyrektor szko\u0142y: <strong>mgr Ewa Tempich-Garczarczyk<br \/>\n<\/strong><\/h6>\n<p>&nbsp;<\/p>\n<h6 class=\"widget-title\">Sekretariat reprezentuje: <span style=\"color: #000000;\"><strong>mgr Monika Hoim &#8211; sekretarz szko\u0142y<\/strong><\/span><\/h6>\n<h6 class=\"widget-title\"><span style=\"color: #000000;\"><strong>&nbsp; &nbsp; &nbsp; &nbsp; &nbsp; &nbsp; &nbsp; &nbsp; &nbsp; &nbsp; &nbsp; &nbsp; &nbsp; &nbsp; &nbsp; &nbsp; &nbsp; &nbsp; &nbsp; &nbsp; &nbsp; &nbsp; &nbsp; &nbsp; in\u017c. Agnieszka \u017bura\u0144ska &#8211; sekretarka<br \/>\n<\/strong><\/span><\/h6>\n<p>&nbsp;&nbsp;&nbsp;&nbsp;&nbsp;&nbsp;&nbsp;&nbsp;&nbsp;&nbsp;&nbsp;&nbsp;&nbsp;&nbsp;&nbsp;&nbsp;&nbsp;&nbsp;&nbsp;&nbsp;&nbsp;&nbsp;&nbsp;&nbsp;&nbsp;&nbsp;&nbsp;<\/p>\n<h5 class=\"widget-title\"><span style=\"color: #000000;\"><em>Sekretariat szko\u0142y czynny jest<\/em><\/span> od<strong> poniedzia\u0142ku<\/strong> do <strong>pi\u0105tku<\/strong> w godzinach<\/h5>\n<h3 class=\"widget-title\"><span style=\"color: #ff0000;\"><strong>&nbsp;&nbsp;&nbsp;&nbsp;&nbsp;&nbsp;&nbsp;&nbsp;&nbsp;&nbsp;&nbsp;&nbsp;&nbsp;&nbsp;&nbsp;&nbsp;&nbsp;&nbsp;&nbsp;&nbsp;&nbsp;&nbsp;&nbsp;&nbsp;&nbsp;&nbsp;&nbsp;&nbsp;&nbsp;&nbsp;&nbsp;&nbsp;&nbsp;&nbsp;&nbsp;&nbsp;&nbsp;&nbsp;&nbsp;&nbsp;&nbsp;&nbsp;&nbsp;&nbsp;&nbsp;&nbsp;&nbsp;&nbsp;&nbsp;&nbsp;&nbsp;&nbsp;&nbsp;&nbsp;&nbsp;&nbsp; 7:00 <\/strong><\/span>&#8211;&nbsp;<strong><span style=\"color: #ff0000;\"> 15:00<\/span>.<\/strong><\/h3>\n<h6 class=\"widget-title\">&nbsp;&nbsp;&nbsp;&nbsp;&nbsp;&nbsp;&nbsp;&nbsp;&nbsp;&nbsp;&nbsp;&nbsp;&nbsp;&nbsp;&nbsp;&nbsp;&nbsp;&nbsp;&nbsp;&nbsp;&nbsp;&nbsp;&nbsp;&nbsp;&nbsp;&nbsp;&nbsp;&nbsp;&nbsp;&nbsp;&nbsp;&nbsp;&nbsp;&nbsp;&nbsp;&nbsp;&nbsp;&nbsp;&nbsp;&nbsp;&nbsp;&nbsp;&nbsp;&nbsp;&nbsp;&nbsp;&nbsp;&nbsp;&nbsp;&nbsp;&nbsp;&nbsp;&nbsp;&nbsp;&nbsp; &nbsp; &nbsp; &nbsp; &nbsp; &nbsp; &nbsp; &nbsp; &nbsp; &nbsp; &nbsp; &nbsp; &nbsp; &nbsp; &nbsp; &nbsp; &nbsp; &nbsp; &nbsp; &nbsp; &nbsp; &nbsp; &nbsp; &nbsp; &nbsp; &nbsp; &nbsp; &nbsp; &nbsp; &nbsp; &nbsp; &nbsp; &nbsp; &nbsp; &nbsp; &nbsp; &nbsp; &nbsp;<strong>&nbsp;<span style=\"text-decoration: underline; color: #0000ff;\"> Zapraszamy<\/span><\/strong><\/h6>\n<h6 class=\"widget-title\"><span style=\"text-decoration: underline;\"><strong><em>Godziny przyj\u0119\u0107 dyrektora szko\u0142y dla rodzic\u00f3w<\/em>, <em>w tym przyjmowanie skarg i wniosk\u00f3w<\/em>:<\/strong><\/span><\/h6>\n<h6 class=\"widget-title\"><strong>codziennie w godzinach pracy sekretariatu 7.00 &#8211; 15.00<\/strong><\/h6>\n<h6 class=\"widget-title\"><em> Od 1 stycznia 2015 Gmina Tarnowskie G\u00f3ry jest p\u0142atnikiem VAT. W zwi\u0105zku z powy\u017cszym na podstawie informacji skarbnika miasta wszystkie faktury zakupu\/sprzeda\u017cy od 01.01.2016 musz\u0105 zawiera\u0107 dane:<\/em><b> <\/b><\/h6>\n<h3>Dane do faktury:<\/h3>\n<hr>\n<p class=\"widget-title\"><strong> Gmina Tarnowskie G\u00f3ry <\/strong><\/p>\n<p class=\"widget-title\"><strong>Szko\u0142a Podstawowa nr 8 im. Pu\u0142ku 3. U\u0142an\u00f3w \u015al\u0105skich<\/strong><\/p>\n<p class=\"widget-title\"><strong>ul. Janasa 11 42-612 Tarnowskie G\u00f3ry <\/strong><\/p>\n<p class=\"widget-title\"><strong>NIP 645-253-81-84<\/strong><\/p>\n<hr>\n<h6 class=\"widget-title\"><span style=\"color: #0000ff;\"><em>Z administracj\u0105 szko\u0142y mo\u017cna skontaktowa\u0107 si\u0119 poprzez &#8211; wys\u0142anie e-maila na adresy:<\/em><\/span><\/h6>\n<p class=\"widget-title\"><strong>sekretariat@sp8tg.pl<\/strong><\/p>\n<hr>\n<h3><strong>Strona internetowa szko\u0142y:<\/strong><\/h3>\n<p class=\"widget-title\"><strong><span style=\"color: #3366ff;\">www.sp8tg.pl<\/span><\/strong><\/p>\n<hr>\n<h3>Facebook:<\/h3>\n<p><strong><span style=\"color: #3366ff;\">www.fb.com\/sp8tg<\/span><\/strong><\/p>\n<hr>\n<h4>Na podstawie art. 37 ust.7 RODO informuje, \u017ce Inspektorem ochrony danych (IOD)<\/h4>\n<h4>jest pan Maciej Korzuch, a zast\u0119pc\u0105 pan Adam Korzuch.<\/h4>\n<h4>mail:biuro@protecton.pl<\/h4>\n<hr>\n<h6 class=\"Main\" align=\"center\">* nie wyra\u017camy zgody na wykorzystywanie adresu e-mail do przesy\u0142ania ofert handlowych oraz zapisywania do newsletter\u00f3w bez naszej zgody.<\/h6>\n<p>&nbsp;<\/p>\n<p>&nbsp;<\/p>\n<p><iframe loading=\"lazy\" style=\"border: 0;\" src=\"https:\/\/www.google.com\/maps\/embed?pb=!1m14!1m8!1m3!1d10163.185410586524!2d18.8176623!3d50.4448938!3m2!1i1024!2i768!4f13.1!3m3!1m2!1s0x0%3A0xa2deaf14dfdf419e!2sGimnazjum+Publiczne+nr+4!5e0!3m2!1spl!2spl!4v1458399860720\" width=\"600\" height=\"450\" frameborder=\"0\" allowfullscreen=\"allowfullscreen\"><\/iframe><\/p>\n","protected":false},"excerpt":{"rendered":"<p>Szko\u0142a Podstawowa nr 8 im. Pu\u0142ku 3. U\u0142an\u00f3w \u015al\u0105skich &nbsp;&nbsp;&nbsp;&nbsp;&nbsp;&nbsp;&nbsp;&nbsp;&nbsp;&nbsp;&nbsp;&nbsp;&nbsp;&nbsp;&nbsp;&nbsp;&nbsp;&nbsp;&nbsp;&nbsp;&nbsp;&nbsp;&nbsp;&nbsp;&nbsp;&nbsp;&nbsp;&nbsp;&nbsp;&nbsp;&nbsp;&nbsp;&nbsp; w Tarnowskich G\u00f3rach &nbsp; &nbsp; &nbsp; &nbsp; Szko\u0142a Podstawowa nr 8 im. Pu\u0142ku 3. U\u0142an\u00f3w \u015al\u0105skich w Tarnowskich G\u00f3rach ul. Janasa 11 42-612 Tarnowskie G\u00f3ry tel\/fax 32\/285 51 17 &nbsp; e-mail szko\u0142y: sekretariat@sp8tg.pl &nbsp; Dyrektor szko\u0142y : mgr Beata Drzewiecka Wicedyrektor szko\u0142y: mgr Ewa Tempich-Garczarczyk &hellip; <a href=\"https:\/\/sp8tg.pl\/web\/kontakt\/\" class=\"more-link\">Czytaj dalej<span class=\"screen-reader-text\"> \u201eKontakt\u201d<\/span><\/a><\/p>\n","protected":false},"author":1,"featured_media":0,"parent":0,"menu_order":0,"comment_status":"closed","ping_status":"closed","template":"","meta":{"ngg_post_thumbnail":0,"footnotes":""},"_links":{"self":[{"href":"https:\/\/sp8tg.pl\/web\/wp-json\/wp\/v2\/pages\/28"}],"collection":[{"href":"https:\/\/sp8tg.pl\/web\/wp-json\/wp\/v2\/pages"}],"about":[{"href":"https:\/\/sp8tg.pl\/web\/wp-json\/wp\/v2\/types\/page"}],"author":[{"embeddable":true,"href":"https:\/\/sp8tg.pl\/web\/wp-json\/wp\/v2\/users\/1"}],"replies":[{"embeddable":true,"href":"https:\/\/sp8tg.pl\/web\/wp-json\/wp\/v2\/comments?post=28"}],"version-history":[{"count":52,"href":"https:\/\/sp8tg.pl\/web\/wp-json\/wp\/v2\/pages\/28\/revisions"}],"predecessor-version":[{"id":19423,"href":"https:\/\/sp8tg.pl\/web\/wp-json\/wp\/v2\/pages\/28\/revisions\/19423"}],"wp:attachment":[{"href":"https:\/\/sp8tg.pl\/web\/wp-json\/wp\/v2\/media?parent=28"}],"curies":[{"name":"wp","href":"https:\/\/api.w.org\/{rel}","templated":true}]}}