{"id":16166,"date":"2022-11-23T13:29:45","date_gmt":"2022-11-23T12:29:45","guid":{"rendered":"https:\/\/sp8tg.pl\/web\/?page_id=16166"},"modified":"2022-12-12T14:33:08","modified_gmt":"2022-12-12T13:33:08","slug":"laboratoria-przyszlosci-w-naszej-szkole","status":"publish","type":"page","link":"https:\/\/sp8tg.pl\/web\/laboratoria-przyszlosci-w-naszej-szkole\/","title":{"rendered":"Laboratoria Przysz\u0142o\u015bci w naszej szkole"},"content":{"rendered":"\n<div class=\"wp-block-image\"><figure class=\"aligncenter size-large is-resized\"><img loading=\"lazy\" decoding=\"async\" src=\"https:\/\/sp8tg.pl\/web\/wp-content\/uploads\/2020\/02\/logo-szko\u0142y-1024x550.png\" alt=\"\" class=\"wp-image-12306\" width=\"236\" height=\"127\" srcset=\"https:\/\/sp8tg.pl\/web\/wp-content\/uploads\/2020\/02\/logo-szko\u0142y-1024x550.png 1024w, https:\/\/sp8tg.pl\/web\/wp-content\/uploads\/2020\/02\/logo-szko\u0142y-300x161.png 300w, https:\/\/sp8tg.pl\/web\/wp-content\/uploads\/2020\/02\/logo-szko\u0142y-768x412.png 768w, https:\/\/sp8tg.pl\/web\/wp-content\/uploads\/2020\/02\/logo-szko\u0142y-1536x824.png 1536w, https:\/\/sp8tg.pl\/web\/wp-content\/uploads\/2020\/02\/logo-szko\u0142y-1200x644.png 1200w, https:\/\/sp8tg.pl\/web\/wp-content\/uploads\/2020\/02\/logo-szko\u0142y.png 1999w\" sizes=\"(max-width: 236px) 85vw, 236px\" \/><\/figure><\/div>\n\n\n\n<p><strong>Laboratoria Przysz\u0142o\u015bci w naszej szkole:<\/strong><\/p>\n\n\n\n<div class=\"wp-block-image\"><figure class=\"aligncenter size-full\"><img loading=\"lazy\" decoding=\"async\" width=\"500\" height=\"300\" src=\"https:\/\/sp8tg.pl\/web\/wp-content\/uploads\/2022\/11\/obraz-3.png\" alt=\"\" class=\"wp-image-16169\" srcset=\"https:\/\/sp8tg.pl\/web\/wp-content\/uploads\/2022\/11\/obraz-3.png 500w, https:\/\/sp8tg.pl\/web\/wp-content\/uploads\/2022\/11\/obraz-3-300x180.png 300w\" sizes=\"(max-width: 500px) 85vw, 500px\" \/><\/figure><\/div>\n\n\n\n<p><strong>Laboratoria Przysz\u0142o\u015bci to program skierowany do szk\u00f3\u0142 podstawowych, kt\u00f3rego celem jest kszta\u0142towanie kompetencji kreatywnych i technicznych w\u015br\u00f3d uczni\u00f3w.<\/strong><\/p>\n\n\n\n<p><strong>Mi\u0142o jest nam poinformowa\u0107, \u017ce nasza szko\u0142a otrzyma\u0142a \u015brodki na realizacj\u0119 programu Laboratorium Przysz\u0142o\u015bci i uzyska\u0142a \u015brodki, dzi\u0119ki kt\u00f3rym uczniowie b\u0119d\u0105 mogli rozwija\u0107 kreatywne my\u015blenie, umiej\u0119tno\u015b\u0107 obs\u0142ugi nowoczesnych narz\u0119dzi technologicznych oraz zdolno\u015bci konstrukcyjne.<\/strong><\/p>\n\n\n\n<p><strong>Laboratoria Przysz\u0142o\u015bci to nowoczesny sprz\u0119t, kt\u00f3ry&nbsp;uatrakcyjni&nbsp;zaj\u0119cia w naszej szkole i pozwoli&nbsp;uczniom rozwija\u0107 swoje zainteresowania&nbsp;w\u202framach innych obowi\u0105zkowych zaj\u0119\u0107 edukacyjnych, lecz&nbsp;tak\u017ce w ramach zaj\u0119\u0107 pozalekcyjnych, k\u00f3\u0142 zainteresowa\u0144 i innych form rozwijania umiej\u0119tno\u015bci.<\/strong><\/p>\n\n\n\n<p><strong>Otrzymane przez nas wsparcie to&nbsp;<u>126 600,00 z\u0142<\/u>, kt\u00f3re&nbsp; przeznaczyli\u015bmy na sprz\u0119t do prowadzenia mi\u0119dzy innymi zaj\u0119\u0107 z techniki, biologii, fizyki, robotyki, zaj\u0119\u0107 technicznych, dziennikarskich oraz na zakup sprz\u0119tu audio-video.<\/strong><\/p>\n\n\n\n<p><strong>Informacje na temat realizacji tego projektu b\u0119d\u0105 na bie\u017c\u0105co umieszczane na stronie internetowej naszej szko\u0142y.<\/strong><\/p>\n\n\n\n<p><strong>Zach\u0119camy do obejrzenia filmu o Laboratoriach Przysz\u0142o\u015bci:<\/strong> <\/p>\n\n\n\n<p><a href=\"https:\/\/www.youtube.com\/watch?v=bY7JTuDc6D0\">https:\/\/www.youtube.com\/watch?v=bY7JTuDc6D0<\/a><\/p>\n\n\n\n<p><strong>Wi\u0119cej informacji na temat tego projektu znajduje si\u0119 na stronie<\/strong>: <\/p>\n\n\n\n<p><a href=\"https:\/\/www.gov.pl\/web\/laboratoria\/\">https:\/\/www.gov.pl\/web\/laboratoria\/<\/a><\/p>\n\n\n\n<p>&#8212;&#8212;&#8212;&#8212;&#8212;&#8212;&#8212;&#8212;&#8212;&#8212;&#8212;&#8212;&#8212;&#8212;&#8212;&#8212;&#8212;&#8212;&#8212;&#8212;&#8212;&#8212;&#8212;&#8212;&#8212;&#8212;&#8212;&#8212;&#8212;&#8212;&#8212;&#8212;&#8212;&#8212;<\/p>\n\n\n\n<p>1.<strong>Pierwsze p\u0142askie <img loading=\"lazy\" decoding=\"async\" width=\"16\" height=\"16\" src=\"https:\/\/static.xx.fbcdn.net\/images\/emoji.php\/v9\/tea\/1\/16\/1f332.png\" alt=\"\ud83c\udf32\"><img loading=\"lazy\" decoding=\"async\" width=\"16\" height=\"16\" src=\"https:\/\/static.xx.fbcdn.net\/images\/emoji.php\/v9\/tea\/1\/16\/1f332.png\" alt=\"\ud83c\udf32\"><img loading=\"lazy\" decoding=\"async\" width=\"16\" height=\"16\" src=\"https:\/\/static.xx.fbcdn.net\/images\/emoji.php\/v9\/tea\/1\/16\/1f332.png\" alt=\"\ud83c\udf32\">powsta\u0142y na zaj\u0119ciach <a rel=\"noreferrer noopener\" href=\"https:\/\/www.facebook.com\/hashtag\/laboratoriaprzysz%C5%82o%C5%9Bci?__eep__=6&amp;__cft__[0]=AZXJOHDPvW8rFYzfy_F_gSHpvZdXGbo6pQCxNrsZ1WN0VqrdvZfx3rJSkX2En4LcCikIPciuFmJtobtCmYz5GzlSKWfqcEOsM-lewUFZiEV5BZhLdQCJLTG_WhjXIB3vInQc0XG9pRbaE0vP3dwvdELhd37ww04-tiOuarAHWZsd3k8GHXnMvZPphb3LbEel6oTAI18lhf0qyPchDFM1CWd6&amp;__tn__=*NK-R\" target=\"_blank\">#LaboratoriaPrzysz\u0142o\u015bci<\/a><a rel=\"noreferrer noopener\" href=\"https:\/\/www.facebook.com\/hashtag\/d%C5%82ugopisy3d?__eep__=6&amp;__cft__[0]=AZXJOHDPvW8rFYzfy_F_gSHpvZdXGbo6pQCxNrsZ1WN0VqrdvZfx3rJSkX2En4LcCikIPciuFmJtobtCmYz5GzlSKWfqcEOsM-lewUFZiEV5BZhLdQCJLTG_WhjXIB3vInQc0XG9pRbaE0vP3dwvdELhd37ww04-tiOuarAHWZsd3k8GHXnMvZPphb3LbEel6oTAI18lhf0qyPchDFM1CWd6&amp;__tn__=*NK-R\" target=\"_blank\">#d\u0142ugopisy3D<\/a>. Pierwszaki pr\u00f3bowa\u0142y stworzy\u0107 trzy tr\u00f3jk\u0105ty, a nast\u0119pnie je po\u0142\u0105czy\u0107, tworz\u0105c choink\u0119. Na kolejnych zaj\u0119ciach powstan\u0105 ozdoby choinkowe. <\/strong><\/p>\n\n\n\n<div class=\"wp-block-image\"><figure class=\"aligncenter size-large is-resized\"><img loading=\"lazy\" decoding=\"async\" src=\"https:\/\/sp8tg.pl\/web\/wp-content\/uploads\/2022\/12\/lp1-824x1024.jpg\" alt=\"\" class=\"wp-image-16235\" width=\"368\" height=\"457\" srcset=\"https:\/\/sp8tg.pl\/web\/wp-content\/uploads\/2022\/12\/lp1-824x1024.jpg 824w, https:\/\/sp8tg.pl\/web\/wp-content\/uploads\/2022\/12\/lp1-241x300.jpg 241w, https:\/\/sp8tg.pl\/web\/wp-content\/uploads\/2022\/12\/lp1-768x954.jpg 768w, https:\/\/sp8tg.pl\/web\/wp-content\/uploads\/2022\/12\/lp1.jpg 1125w\" sizes=\"(max-width: 368px) 85vw, 368px\" \/><\/figure><\/div>\n\n\n\n<p class=\"has-text-align-center\"><strong>Uczniowie zachwyceni. <img loading=\"lazy\" decoding=\"async\" width=\"16\" height=\"16\" src=\"https:\/\/static.xx.fbcdn.net\/images\/emoji.php\/v9\/tea\/1\/16\/1f332.png\" alt=\"\ud83c\udf32\"><img loading=\"lazy\" decoding=\"async\" width=\"16\" height=\"16\" src=\"https:\/\/static.xx.fbcdn.net\/images\/emoji.php\/v9\/tea\/1\/16\/1f332.png\" alt=\"\ud83c\udf32\"><img loading=\"lazy\" decoding=\"async\" width=\"16\" height=\"16\" src=\"https:\/\/static.xx.fbcdn.net\/images\/emoji.php\/v9\/tea\/1\/16\/1f332.png\" alt=\"\ud83c\udf32\"><\/strong><\/p>\n\n\n\n<p><strong>2.Uczestnicy k\u00f3\u0142ka plastycznego wykonali ba\u0142wanki na nartach. Po zrobieniu czapeczek z w\u0142oczki, ba\u0142wanka z rolki papieru doklejali narty z patyczk\u00f3w klejem na gor\u0105co.<\/strong><\/p>\n\n\n\n<div class=\"wp-block-image\"><figure class=\"aligncenter size-large is-resized\"><img loading=\"lazy\" decoding=\"async\" src=\"https:\/\/sp8tg.pl\/web\/wp-content\/uploads\/2022\/12\/lp1-1-1024x768.jpg\" alt=\"\" class=\"wp-image-16267\" width=\"566\" height=\"425\" srcset=\"https:\/\/sp8tg.pl\/web\/wp-content\/uploads\/2022\/12\/lp1-1-1024x768.jpg 1024w, https:\/\/sp8tg.pl\/web\/wp-content\/uploads\/2022\/12\/lp1-1-300x225.jpg 300w, https:\/\/sp8tg.pl\/web\/wp-content\/uploads\/2022\/12\/lp1-1-768x576.jpg 768w, https:\/\/sp8tg.pl\/web\/wp-content\/uploads\/2022\/12\/lp1-1-1536x1152.jpg 1536w, https:\/\/sp8tg.pl\/web\/wp-content\/uploads\/2022\/12\/lp1-1-1200x900.jpg 1200w, https:\/\/sp8tg.pl\/web\/wp-content\/uploads\/2022\/12\/lp1-1.jpg 2048w\" sizes=\"(max-width: 566px) 85vw, 566px\" \/><\/figure><\/div>\n\n\n\n<div class=\"wp-block-image\"><figure class=\"aligncenter size-large is-resized\"><img loading=\"lazy\" decoding=\"async\" src=\"https:\/\/sp8tg.pl\/web\/wp-content\/uploads\/2022\/12\/lp2-1024x768.jpg\" alt=\"\" class=\"wp-image-16268\" width=\"561\" height=\"421\" srcset=\"https:\/\/sp8tg.pl\/web\/wp-content\/uploads\/2022\/12\/lp2-1024x768.jpg 1024w, https:\/\/sp8tg.pl\/web\/wp-content\/uploads\/2022\/12\/lp2-300x225.jpg 300w, https:\/\/sp8tg.pl\/web\/wp-content\/uploads\/2022\/12\/lp2-768x576.jpg 768w, https:\/\/sp8tg.pl\/web\/wp-content\/uploads\/2022\/12\/lp2-1536x1152.jpg 1536w, https:\/\/sp8tg.pl\/web\/wp-content\/uploads\/2022\/12\/lp2-1200x900.jpg 1200w, https:\/\/sp8tg.pl\/web\/wp-content\/uploads\/2022\/12\/lp2.jpg 2048w\" sizes=\"(max-width: 561px) 85vw, 561px\" \/><\/figure><\/div>\n","protected":false},"excerpt":{"rendered":"<p>Laboratoria Przysz\u0142o\u015bci w naszej szkole: Laboratoria Przysz\u0142o\u015bci to program skierowany do szk\u00f3\u0142 podstawowych, kt\u00f3rego celem jest kszta\u0142towanie kompetencji kreatywnych i technicznych w\u015br\u00f3d uczni\u00f3w. Mi\u0142o jest nam poinformowa\u0107, \u017ce nasza szko\u0142a otrzyma\u0142a \u015brodki na realizacj\u0119 programu Laboratorium Przysz\u0142o\u015bci i uzyska\u0142a \u015brodki, dzi\u0119ki kt\u00f3rym uczniowie b\u0119d\u0105 mogli rozwija\u0107 kreatywne my\u015blenie, umiej\u0119tno\u015b\u0107 obs\u0142ugi nowoczesnych narz\u0119dzi technologicznych oraz zdolno\u015bci &hellip; <a href=\"https:\/\/sp8tg.pl\/web\/laboratoria-przyszlosci-w-naszej-szkole\/\" class=\"more-link\">Czytaj dalej<span class=\"screen-reader-text\"> \u201eLaboratoria Przysz\u0142o\u015bci w naszej szkole\u201d<\/span><\/a><\/p>\n","protected":false},"author":1,"featured_media":0,"parent":0,"menu_order":0,"comment_status":"closed","ping_status":"closed","template":"","meta":{"ngg_post_thumbnail":0,"footnotes":""},"_links":{"self":[{"href":"https:\/\/sp8tg.pl\/web\/wp-json\/wp\/v2\/pages\/16166"}],"collection":[{"href":"https:\/\/sp8tg.pl\/web\/wp-json\/wp\/v2\/pages"}],"about":[{"href":"https:\/\/sp8tg.pl\/web\/wp-json\/wp\/v2\/types\/page"}],"author":[{"embeddable":true,"href":"https:\/\/sp8tg.pl\/web\/wp-json\/wp\/v2\/users\/1"}],"replies":[{"embeddable":true,"href":"https:\/\/sp8tg.pl\/web\/wp-json\/wp\/v2\/comments?post=16166"}],"version-history":[{"count":7,"href":"https:\/\/sp8tg.pl\/web\/wp-json\/wp\/v2\/pages\/16166\/revisions"}],"predecessor-version":[{"id":16270,"href":"https:\/\/sp8tg.pl\/web\/wp-json\/wp\/v2\/pages\/16166\/revisions\/16270"}],"wp:attachment":[{"href":"https:\/\/sp8tg.pl\/web\/wp-json\/wp\/v2\/media?parent=16166"}],"curies":[{"name":"wp","href":"https:\/\/api.w.org\/{rel}","templated":true}]}}