{"id":14239,"date":"2021-04-21T13:47:18","date_gmt":"2021-04-21T11:47:18","guid":{"rendered":"https:\/\/sp8tg.pl\/web\/?page_id=14239"},"modified":"2021-04-21T13:47:18","modified_gmt":"2021-04-21T11:47:18","slug":"wirtualny-spacer-po-szkole-podstawowej-nr-8","status":"publish","type":"page","link":"https:\/\/sp8tg.pl\/web\/wirtualny-spacer-po-szkole-podstawowej-nr-8\/","title":{"rendered":"Wirtualny spacer po Szkole Podstawowej nr 8"},"content":{"rendered":"\n<p>Start!<\/p>\n\n\n\n<p id=\"block-85e3cbc7-ab23-49e7-ba93-1c5d6693b168\">Serdecznie zapraszamy Rodzic\u00f3w, Uczni\u00f3w i Przyjaci\u00f3\u0142 Szko\u0142y do zapoznania si\u0119 z filmikiem o nas &#8211; Szkole Podstawowej nr 8 im. Pu\u0142ku 3. U\u0142an\u00f3w \u015al\u0105skich w Tarnowskich G\u00f3rach. \ud83d\ude42<\/p>\n\n\n\n<figure class=\"wp-block-embed is-type-video is-provider-youtube wp-block-embed-youtube wp-embed-aspect-16-9 wp-has-aspect-ratio\"><div class=\"wp-block-embed__wrapper\">\n<iframe loading=\"lazy\" title=\"Szko\u0142a Podstawowa nr 8 im. Pu\u0142ku 3. U\u0142an\u00f3w \u015al\u0105skich w Tarnowskich G\u00f3rach\" width=\"840\" height=\"473\" src=\"https:\/\/www.youtube.com\/embed\/3PTt5HEJt6c?feature=oembed\" frameborder=\"0\" allow=\"accelerometer; autoplay; clipboard-write; encrypted-media; gyroscope; picture-in-picture\" allowfullscreen><\/iframe>\n<\/div><\/figure>\n","protected":false},"excerpt":{"rendered":"<p>Start! Serdecznie zapraszamy Rodzic\u00f3w, Uczni\u00f3w i Przyjaci\u00f3\u0142 Szko\u0142y do zapoznania si\u0119 z filmikiem o nas &#8211; Szkole Podstawowej nr 8 im. Pu\u0142ku 3. U\u0142an\u00f3w \u015al\u0105skich w Tarnowskich G\u00f3rach. \ud83d\ude42<\/p>\n","protected":false},"author":1,"featured_media":0,"parent":0,"menu_order":0,"comment_status":"closed","ping_status":"closed","template":"","meta":{"ngg_post_thumbnail":0,"footnotes":""},"_links":{"self":[{"href":"https:\/\/sp8tg.pl\/web\/wp-json\/wp\/v2\/pages\/14239"}],"collection":[{"href":"https:\/\/sp8tg.pl\/web\/wp-json\/wp\/v2\/pages"}],"about":[{"href":"https:\/\/sp8tg.pl\/web\/wp-json\/wp\/v2\/types\/page"}],"author":[{"embeddable":true,"href":"https:\/\/sp8tg.pl\/web\/wp-json\/wp\/v2\/users\/1"}],"replies":[{"embeddable":true,"href":"https:\/\/sp8tg.pl\/web\/wp-json\/wp\/v2\/comments?post=14239"}],"version-history":[{"count":1,"href":"https:\/\/sp8tg.pl\/web\/wp-json\/wp\/v2\/pages\/14239\/revisions"}],"predecessor-version":[{"id":14240,"href":"https:\/\/sp8tg.pl\/web\/wp-json\/wp\/v2\/pages\/14239\/revisions\/14240"}],"wp:attachment":[{"href":"https:\/\/sp8tg.pl\/web\/wp-json\/wp\/v2\/media?parent=14239"}],"curies":[{"name":"wp","href":"https:\/\/api.w.org\/{rel}","templated":true}]}}