{"id":14115,"date":"2021-03-03T14:28:35","date_gmt":"2021-03-03T13:28:35","guid":{"rendered":"https:\/\/sp8tg.pl\/web\/?page_id=14115"},"modified":"2021-03-03T14:28:35","modified_gmt":"2021-03-03T13:28:35","slug":"poradnik-dla-rodzicow-klikam-z-glowa","status":"publish","type":"page","link":"https:\/\/sp8tg.pl\/web\/poradnik-dla-rodzicow-klikam-z-glowa\/","title":{"rendered":"Poradnik dla rodzic\u00f3w &#8222;Klikam z g\u0142ow\u0105&#8221;"},"content":{"rendered":"\n<div class=\"wp-block-file\"><a href=\"https:\/\/sp8tg.pl\/web\/wp-content\/uploads\/2021\/03\/poradnik-klikam-z-glowa.pdf\">poradnik-klikam-z-glowa<\/a><a href=\"https:\/\/sp8tg.pl\/web\/wp-content\/uploads\/2021\/03\/poradnik-klikam-z-glowa.pdf\" class=\"wp-block-file__button\" download>Pobierz<\/a><\/div>\n","protected":false},"excerpt":{"rendered":"","protected":false},"author":1,"featured_media":0,"parent":0,"menu_order":0,"comment_status":"closed","ping_status":"closed","template":"","meta":{"ngg_post_thumbnail":0,"footnotes":""},"_links":{"self":[{"href":"https:\/\/sp8tg.pl\/web\/wp-json\/wp\/v2\/pages\/14115"}],"collection":[{"href":"https:\/\/sp8tg.pl\/web\/wp-json\/wp\/v2\/pages"}],"about":[{"href":"https:\/\/sp8tg.pl\/web\/wp-json\/wp\/v2\/types\/page"}],"author":[{"embeddable":true,"href":"https:\/\/sp8tg.pl\/web\/wp-json\/wp\/v2\/users\/1"}],"replies":[{"embeddable":true,"href":"https:\/\/sp8tg.pl\/web\/wp-json\/wp\/v2\/comments?post=14115"}],"version-history":[{"count":1,"href":"https:\/\/sp8tg.pl\/web\/wp-json\/wp\/v2\/pages\/14115\/revisions"}],"predecessor-version":[{"id":14117,"href":"https:\/\/sp8tg.pl\/web\/wp-json\/wp\/v2\/pages\/14115\/revisions\/14117"}],"wp:attachment":[{"href":"https:\/\/sp8tg.pl\/web\/wp-json\/wp\/v2\/media?parent=14115"}],"curies":[{"name":"wp","href":"https:\/\/api.w.org\/{rel}","templated":true}]}}